{"id":751821,"date":"2025-08-28T04:59:24","date_gmt":"2025-08-28T01:59:24","guid":{"rendered":"https:\/\/roveyayinevi.com.tr\/index.php\/urun\/gulmece-tozu-buz-kestiren-espriler\/"},"modified":"2026-04-16T03:05:26","modified_gmt":"2026-04-16T00:05:26","slug":"gulmece-tozu-buz-kestiren-espriler","status":"publish","type":"product","link":"https:\/\/roveyayinevi.com.tr\/index.php\/urun\/gulmece-tozu-buz-kestiren-espriler\/","title":{"rendered":"G\u00fclmece Tozu &#8211; Buz Kestiren Espriler"},"content":{"rendered":"<p>G\u00fclme eylemi, ola\u011fan bir durumun aniden bozulmas\u0131yla ger\u00e7ekle\u015fen bir durum olarak a\u00e7\u0131klan\u0131yor beyinle ili\u015fkilendirilince. Ayr\u0131ca v\u00fccudumuza iyimserlik, mutluluk veren hormonlar\u0131 harekete ge\u00e7irdi\u011fi de kan\u0131tlanm\u0131\u015f ba\u015fka bir ger\u00e7ektir. Bu nedenle g\u00fclmece ya\u015fam\u0131n uygun olan her an\u0131nda olmal\u0131d\u0131r. So\u011fuk espriler de uygun oldu\u011fu ortamlarda yap\u0131ld\u0131\u011f\u0131nda gergin ya da mutsuz ortamlar\u0131n da\u011f\u0131t\u0131lmas\u0131na yard\u0131mc\u0131 olur. Mizah her zaman, dil ve ki\u015fisel geli\u015fime katk\u0131 sa\u011flar. Buz kestirip \u00e7ok g\u00fcld\u00fcreceksiniz. O zaman&#8230; HER G\u00dcN B\u0130R KA\u015eIK G\u00dcLMECE TOZU SA\u011eLI\u011eA \u0130Y\u0130 GEL\u0130R<\/p>\n","protected":false},"excerpt":{"rendered":"<p>G\u00fclme eylemi, ola\u011fan bir durumun aniden bozulmas\u0131yla ger\u00e7ekle\u015fen bir durum olarak a\u00e7\u0131klan\u0131yor beyinle ili\u015fkilendirilince. Ayr\u0131ca v\u00fccudumuza iyimserlik, mutluluk veren hormonlar\u0131 harekete ge\u00e7irdi\u011fi de kan\u0131tlanm\u0131\u015f ba\u015fka bir<span class=\"excerpt-hellip\"> [\u2026]<\/span><\/p>\n","protected":false},"featured_media":0,"template":"","meta":{"_monsterinsights_skip_tracking":false,"_monsterinsights_sitenote_active":false,"_monsterinsights_sitenote_note":"","_monsterinsights_sitenote_category":0},"product_brand":[],"product_cat":[12291,14825],"product_tag":[],"class_list":{"0":"post-751821","1":"product","2":"type-product","3":"status-publish","5":"product_cat-edebiyat","6":"product_cat-mizah","7":"pa_cilt-ciltsiz","8":"pa_tur-kitap","9":"pa_yayinevi-mizah-postasi-yayinlari","10":"pa_yazar-fatma-pesemen-dirican","12":"first","13":"instock","14":"sale","15":"shipping-taxable","16":"purchasable","17":"product-type-simple"},"_links":{"self":[{"href":"https:\/\/roveyayinevi.com.tr\/index.php\/wp-json\/wp\/v2\/product\/751821","targetHints":{"allow":["GET"]}}],"collection":[{"href":"https:\/\/roveyayinevi.com.tr\/index.php\/wp-json\/wp\/v2\/product"}],"about":[{"href":"https:\/\/roveyayinevi.com.tr\/index.php\/wp-json\/wp\/v2\/types\/product"}],"wp:attachment":[{"href":"https:\/\/roveyayinevi.com.tr\/index.php\/wp-json\/wp\/v2\/media?parent=751821"}],"wp:term":[{"taxonomy":"product_brand","embeddable":true,"href":"https:\/\/roveyayinevi.com.tr\/index.php\/wp-json\/wp\/v2\/product_brand?post=751821"},{"taxonomy":"product_cat","embeddable":true,"href":"https:\/\/roveyayinevi.com.tr\/index.php\/wp-json\/wp\/v2\/product_cat?post=751821"},{"taxonomy":"product_tag","embeddable":true,"href":"https:\/\/roveyayinevi.com.tr\/index.php\/wp-json\/wp\/v2\/product_tag?post=751821"}],"curies":[{"name":"wp","href":"https:\/\/api.w.org\/{rel}","templated":true}]}}