{"id":751820,"date":"2025-08-28T04:59:22","date_gmt":"2025-08-28T01:59:22","guid":{"rendered":"https:\/\/roveyayinevi.com.tr\/index.php\/urun\/barisa-davet-kursun-askerin-utanci\/"},"modified":"2026-04-16T03:05:26","modified_gmt":"2026-04-16T00:05:26","slug":"barisa-davet-kursun-askerin-utanci","status":"publish","type":"product","link":"https:\/\/roveyayinevi.com.tr\/index.php\/urun\/barisa-davet-kursun-askerin-utanci\/","title":{"rendered":"Bar\u0131\u015fa Davet &#8211; Kur\u015fun Asker\u2019in Utanc\u0131"},"content":{"rendered":"<p>Bar\u0131\u015f, davet edilmesi gereken bir kavram m\u0131? Sava\u015flar gerekli mi? Kazan\u0131lm\u0131\u015f zaferler g\u00fcc\u00fcn g\u00f6stergesi mi? Kahramanlar\u0131m\u0131z Sevgi ve Bar\u0131\u015f, \u201c Sava\u015fa Hay\u0131r!\u201d diyor Kur\u015fun Asker utan\u0131yor, Palya\u00e7o T\u0131k\u0131rm\u0131k\u0131r\u2019 \u0131 hat\u0131rl\u0131yor. E\u011flenceli, m\u00fcthi\u015f bir anlat\u0131, Bar\u0131\u015f\u2019a Davet! Soluk solu\u011fa okuyacaks\u0131n\u0131z.<\/p>\n","protected":false},"excerpt":{"rendered":"<p>Bar\u0131\u015f, davet edilmesi gereken bir kavram m\u0131? Sava\u015flar gerekli mi? Kazan\u0131lm\u0131\u015f zaferler g\u00fcc\u00fcn g\u00f6stergesi mi? Kahramanlar\u0131m\u0131z Sevgi ve Bar\u0131\u015f, \u201c Sava\u015fa Hay\u0131r!\u201d diyor Kur\u015fun Asker utan\u0131yor,<span class=\"excerpt-hellip\"> [\u2026]<\/span><\/p>\n","protected":false},"featured_media":0,"template":"","meta":{"_monsterinsights_skip_tracking":false,"_monsterinsights_sitenote_active":false,"_monsterinsights_sitenote_note":"","_monsterinsights_sitenote_category":0},"product_brand":[],"product_cat":[12274,12284],"product_tag":[],"class_list":{"0":"post-751820","1":"product","2":"type-product","3":"status-publish","5":"product_cat-cocuk-ve-genclik-kitaplari","6":"product_cat-hikayeler","7":"pa_cilt-ciltsiz","8":"pa_tur-kitap","9":"pa_yayinevi-parmak-cocuk-yayinlari","10":"pa_yazar-haluk-isik","12":"first","13":"instock","14":"sale","15":"shipping-taxable","16":"purchasable","17":"product-type-simple"},"_links":{"self":[{"href":"https:\/\/roveyayinevi.com.tr\/index.php\/wp-json\/wp\/v2\/product\/751820","targetHints":{"allow":["GET"]}}],"collection":[{"href":"https:\/\/roveyayinevi.com.tr\/index.php\/wp-json\/wp\/v2\/product"}],"about":[{"href":"https:\/\/roveyayinevi.com.tr\/index.php\/wp-json\/wp\/v2\/types\/product"}],"wp:attachment":[{"href":"https:\/\/roveyayinevi.com.tr\/index.php\/wp-json\/wp\/v2\/media?parent=751820"}],"wp:term":[{"taxonomy":"product_brand","embeddable":true,"href":"https:\/\/roveyayinevi.com.tr\/index.php\/wp-json\/wp\/v2\/product_brand?post=751820"},{"taxonomy":"product_cat","embeddable":true,"href":"https:\/\/roveyayinevi.com.tr\/index.php\/wp-json\/wp\/v2\/product_cat?post=751820"},{"taxonomy":"product_tag","embeddable":true,"href":"https:\/\/roveyayinevi.com.tr\/index.php\/wp-json\/wp\/v2\/product_tag?post=751820"}],"curies":[{"name":"wp","href":"https:\/\/api.w.org\/{rel}","templated":true}]}}