{"id":751812,"date":"2025-08-28T04:59:11","date_gmt":"2025-08-28T01:59:11","guid":{"rendered":"https:\/\/roveyayinevi.com.tr\/index.php\/urun\/huznu-kiran-umutlar\/"},"modified":"2026-04-16T03:05:26","modified_gmt":"2026-04-16T00:05:26","slug":"huznu-kiran-umutlar","status":"publish","type":"product","link":"https:\/\/roveyayinevi.com.tr\/index.php\/urun\/huznu-kiran-umutlar\/","title":{"rendered":"H\u00fczn\u00fc K\u0131ran Umutlar"},"content":{"rendered":"<p>Zaman\u0131 geldi, Gitmeliyim art\u0131k. Bu bo\u015f bedenden ve de senden, \u00c7\u0131kmal\u0131y\u0131m zaten. Nerde hayallerim? Hani sendeki benim? Zaman\u0131 geldi, Gitmelisin art\u0131k. B\u0131rak ortada kals\u0131n, Ya\u015fam\u0131n zevkleri, Damardaki kan gibi Durmas\u0131n aks\u0131n. A\u015fk, Ne seni ne de beni, G\u00f6t\u00fcrmesin art\u0131k. Bitsin, Bu yalan sevginin seli, Zaman\u0131 geldi\u2026 <\/p>\n","protected":false},"excerpt":{"rendered":"<p>Zaman\u0131 geldi, Gitmeliyim art\u0131k. Bu bo\u015f bedenden ve de senden, \u00c7\u0131kmal\u0131y\u0131m zaten. Nerde hayallerim? Hani sendeki benim? Zaman\u0131 geldi, Gitmelisin art\u0131k. B\u0131rak ortada kals\u0131n, Ya\u015fam\u0131n zevkleri,<span class=\"excerpt-hellip\"> [\u2026]<\/span><\/p>\n","protected":false},"featured_media":0,"template":"","meta":{"_monsterinsights_skip_tracking":false,"_monsterinsights_sitenote_active":false,"_monsterinsights_sitenote_note":"","_monsterinsights_sitenote_category":0},"product_brand":[],"product_cat":[12291,12509],"product_tag":[],"class_list":{"0":"post-751812","1":"product","2":"type-product","3":"status-publish","5":"product_cat-edebiyat","6":"product_cat-siir","7":"pa_cilt-ciltsiz","8":"pa_tur-kitap","9":"pa_yayinevi-imbik-yayinlari","10":"pa_yazar-ali-yurtseven","12":"first","13":"instock","14":"sale","15":"shipping-taxable","16":"purchasable","17":"product-type-simple"},"_links":{"self":[{"href":"https:\/\/roveyayinevi.com.tr\/index.php\/wp-json\/wp\/v2\/product\/751812","targetHints":{"allow":["GET"]}}],"collection":[{"href":"https:\/\/roveyayinevi.com.tr\/index.php\/wp-json\/wp\/v2\/product"}],"about":[{"href":"https:\/\/roveyayinevi.com.tr\/index.php\/wp-json\/wp\/v2\/types\/product"}],"wp:attachment":[{"href":"https:\/\/roveyayinevi.com.tr\/index.php\/wp-json\/wp\/v2\/media?parent=751812"}],"wp:term":[{"taxonomy":"product_brand","embeddable":true,"href":"https:\/\/roveyayinevi.com.tr\/index.php\/wp-json\/wp\/v2\/product_brand?post=751812"},{"taxonomy":"product_cat","embeddable":true,"href":"https:\/\/roveyayinevi.com.tr\/index.php\/wp-json\/wp\/v2\/product_cat?post=751812"},{"taxonomy":"product_tag","embeddable":true,"href":"https:\/\/roveyayinevi.com.tr\/index.php\/wp-json\/wp\/v2\/product_tag?post=751812"}],"curies":[{"name":"wp","href":"https:\/\/api.w.org\/{rel}","templated":true}]}}