{"id":751809,"date":"2025-08-28T04:59:06","date_gmt":"2025-08-28T01:59:06","guid":{"rendered":"https:\/\/roveyayinevi.com.tr\/index.php\/urun\/kultur-politikalarinin-terminolojisi-ve-temel-sorunlari\/"},"modified":"2026-04-16T03:05:26","modified_gmt":"2026-04-16T00:05:26","slug":"kultur-politikalarinin-terminolojisi-ve-temel-sorunlari","status":"publish","type":"product","link":"https:\/\/roveyayinevi.com.tr\/index.php\/urun\/kultur-politikalarinin-terminolojisi-ve-temel-sorunlari\/","title":{"rendered":"K\u00fclt\u00fcr Politikalar\u0131n\u0131n Terminolojisi ve Temel Sorunlar\u0131"},"content":{"rendered":"<p>Baz\u0131 kavramlar bize hizmet etmek yerine karars\u0131zl\u0131\u011f\u0131yla bizi hedefimizden uzakla\u015ft\u0131r\u0131r. G\u00fc\u00e7l\u00fc bir kelime, sorunlar\u0131 ele almam\u0131z i\u00e7in ba\u015fvuraca\u011f\u0131m\u0131z bir ara\u00e7 olmaktan \u00e7\u0131k\u0131p bize kendi d\u00fcnyas\u0131n\u0131 in\u015fa ettiren bir zorbaya d\u00f6n\u00fc\u015febilir. K\u00fclt\u00fcr alan\u0131nda kullan\u0131lan bir\u00e7ok kavram b\u00f6yle \u015fa\u015f\u0131rtmacalarla y\u00fckl\u00fcd\u00fcr. Onlar\u0131 tan\u0131mlamak da bu riskin bertaraf edilmesi i\u00e7in yeterli olmayabilir. Sadece s\u00f6zl\u00fcklere bakarak onlar\u0131n kilitlerini a\u00e7amay\u0131z. Ne var ki \u00e7al\u0131\u015fmalar\u0131m\u0131za devam etmek i\u00e7in bir anlamdan ve bir kapsamdan yola \u00e7\u0131kmak zorunday\u0131z. Bu kitap, k\u00fclt\u00fcr ve k\u00fclt\u00fcr politikalar\u0131 tart\u0131\u015fmalar\u0131nda kullan\u0131lan terminolojiyi ki\u015fisel bir deneyimin \u00e7er\u00e7evesinde ele al\u0131yor. \u0130\u00e7eri\u011finde bilindik tan\u0131mlara ve a\u00e7\u0131klamalara yer verildi\u011fi gibi \u00f6zg\u00fcn yorumlar da \u00f6neriliyor. Kitab\u0131n ana oda\u011f\u0131 kavramlard\u0131r. \u00d6te yandan, karar vericilerin, k\u00fclt\u00fcr alan\u0131nda faaliyet g\u00f6steren kurulu\u015flar\u0131n ve ilgili bireylerin g\u00fcndeminde olan ancak bir t\u00fcrl\u00fc \u00e7er\u00e7evesi \u00e7izilemeyen baz\u0131 sorunlar\u0131n anla\u015f\u0131lmas\u0131na da katk\u0131 sa\u011flamay\u0131 ama\u00e7l\u0131yor. <\/p>\n","protected":false},"excerpt":{"rendered":"<p>Baz\u0131 kavramlar bize hizmet etmek yerine karars\u0131zl\u0131\u011f\u0131yla bizi hedefimizden uzakla\u015ft\u0131r\u0131r. G\u00fc\u00e7l\u00fc bir kelime, sorunlar\u0131 ele almam\u0131z i\u00e7in ba\u015fvuraca\u011f\u0131m\u0131z bir ara\u00e7 olmaktan \u00e7\u0131k\u0131p bize kendi d\u00fcnyas\u0131n\u0131 in\u015fa<span class=\"excerpt-hellip\"> [\u2026]<\/span><\/p>\n","protected":false},"featured_media":0,"template":"","meta":{"_monsterinsights_skip_tracking":false,"_monsterinsights_sitenote_active":false,"_monsterinsights_sitenote_note":"","_monsterinsights_sitenote_category":0},"product_brand":[],"product_cat":[52477],"product_tag":[],"class_list":{"0":"post-751809","1":"product","2":"type-product","3":"status-publish","5":"product_cat-arastirma","6":"pa_cilt-ciltsiz","7":"pa_tur-kitap","8":"pa_yayinevi-karina-yayinevi","9":"pa_yazar-gokhan-cete","11":"first","12":"instock","13":"sale","14":"shipping-taxable","15":"purchasable","16":"product-type-simple"},"_links":{"self":[{"href":"https:\/\/roveyayinevi.com.tr\/index.php\/wp-json\/wp\/v2\/product\/751809","targetHints":{"allow":["GET"]}}],"collection":[{"href":"https:\/\/roveyayinevi.com.tr\/index.php\/wp-json\/wp\/v2\/product"}],"about":[{"href":"https:\/\/roveyayinevi.com.tr\/index.php\/wp-json\/wp\/v2\/types\/product"}],"wp:attachment":[{"href":"https:\/\/roveyayinevi.com.tr\/index.php\/wp-json\/wp\/v2\/media?parent=751809"}],"wp:term":[{"taxonomy":"product_brand","embeddable":true,"href":"https:\/\/roveyayinevi.com.tr\/index.php\/wp-json\/wp\/v2\/product_brand?post=751809"},{"taxonomy":"product_cat","embeddable":true,"href":"https:\/\/roveyayinevi.com.tr\/index.php\/wp-json\/wp\/v2\/product_cat?post=751809"},{"taxonomy":"product_tag","embeddable":true,"href":"https:\/\/roveyayinevi.com.tr\/index.php\/wp-json\/wp\/v2\/product_tag?post=751809"}],"curies":[{"name":"wp","href":"https:\/\/api.w.org\/{rel}","templated":true}]}}