{"id":751807,"date":"2025-08-28T04:59:03","date_gmt":"2025-08-28T01:59:03","guid":{"rendered":"https:\/\/roveyayinevi.com.tr\/index.php\/urun\/butun-yollar-susaya-cikar\/"},"modified":"2026-04-16T03:05:26","modified_gmt":"2026-04-16T00:05:26","slug":"butun-yollar-susaya-cikar","status":"publish","type":"product","link":"https:\/\/roveyayinevi.com.tr\/index.php\/urun\/butun-yollar-susaya-cikar\/","title":{"rendered":"B\u00fct\u00fcn Yollar \u015eu\u015fa\u2019ya \u00c7\u0131kar"},"content":{"rendered":"<p>Sevgili dostlar, tahminen k\u0131rk sene \u00f6nce, burada babam durmu\u015ftu, bense o tarafta durmu\u015ftum. Ayazl\u0131 ve karl\u0131 bir havada Molla Penah V\u00e2k\u0131f\u2019\u0131n an\u0131t mezar\u0131n\u0131n a\u00e7\u0131l\u0131\u015f t\u00f6reniydi. Bu a\u00e7\u0131l\u0131\u015ftan sonra 29 Temmuz 1982 tarihinde babamla beraber ikinci kez \u015eu\u015fa\u2019ya gelmi\u015ftim. O zaman V\u00e2k\u0131f \u015eiir G\u00fcnleri festivali yap\u0131l\u0131yordu. Bug\u00fcn ise ikinci kez V\u00e2k\u0131f \u2019\u0131n an\u0131t mezar\u0131n\u0131n a\u00e7\u0131l\u0131\u015f t\u00f6renini biz yapt\u0131k. V\u00e2k\u0131f \u015eiir G\u00fcnleri festivali yap\u0131ld\u0131\u011f\u0131 zaman babam 59 ya\u015f\u0131ndayd\u0131. Bug\u00fcn ben de 59 ya\u015f\u0131nday\u0131m. Baz\u0131lar\u0131 bunun tesad\u00fcf oldu\u011funu d\u00fc\u015f\u00fcnebilir. Ancak ben burada b\u00fcy\u00fck sembolik bir mana oldu\u011funu d\u00fc\u015f\u00fcn\u00fcyorum ve tarih tekrar ediyor. Art\u0131k Azerbaycan tarihinin kara sayfas\u0131 geride kald\u0131 ve biz yeniden nefes almaya ba\u015flad\u0131k. Ya\u015fas\u0131n \u015eu\u015fa! Ya\u015fas\u0131n Karaba\u011f! Ya\u015fas\u0131n Azerbaycan!\u201d Azerbaycan Cumhurba\u015fkan\u0131 \u0130lham Aliyev   Bu Kitapta \u015eu\u015fa hakk\u0131nda ayr\u0131nt\u0131l\u0131 bilgiler oldu\u011fu gibi V\u00e2k\u0131f \u015eiir G\u00fcnleri\u2019nin tarihi hakk\u0131nda yaz\u0131lm\u0131\u015f \u00e7izilmi\u015f bir\u00e7ok yaz\u0131 mevcuttur. \u015e\u00fcphesiz, \u015eiir G\u00fcnleri, Ulu \u00f6nder Haydar Aliyev\u2019in ad\u0131yla ba\u011fl\u0131d\u0131r ve bu festivalin Ocak 1982 y\u0131l\u0131na kadar uzanan bir tarihi vard\u0131r. V\u00e2k\u0131f\u2019\u0131n an\u0131t mezar\u0131n\u0131n a\u00e7\u0131l\u0131\u015f t\u00f6reni o sene olmu\u015ftur ve tam 39 y\u0131l sonra onun yeniden do\u011fumu ger\u00e7ekle\u015fmi\u015ftir.<\/p>\n","protected":false},"excerpt":{"rendered":"<p>Sevgili dostlar, tahminen k\u0131rk sene \u00f6nce, burada babam durmu\u015ftu, bense o tarafta durmu\u015ftum. Ayazl\u0131 ve karl\u0131 bir havada Molla Penah V\u00e2k\u0131f\u2019\u0131n an\u0131t mezar\u0131n\u0131n a\u00e7\u0131l\u0131\u015f t\u00f6reniydi. Bu<span class=\"excerpt-hellip\"> [\u2026]<\/span><\/p>\n","protected":false},"featured_media":0,"template":"","meta":{"_monsterinsights_skip_tracking":false,"_monsterinsights_sitenote_active":false,"_monsterinsights_sitenote_note":"","_monsterinsights_sitenote_category":0},"product_brand":[],"product_cat":[12370,12304],"product_tag":[],"class_list":{"0":"post-751807","1":"product","2":"type-product","3":"status-publish","5":"product_cat-arastirma-inceleme","6":"product_cat-tarih","7":"pa_cilt-ciltsiz","8":"pa_tur-kitap","9":"pa_yayinevi-yeditepe-yayinevi","10":"pa_yazar-kolektif","12":"first","13":"instock","14":"sale","15":"shipping-taxable","16":"purchasable","17":"product-type-simple"},"_links":{"self":[{"href":"https:\/\/roveyayinevi.com.tr\/index.php\/wp-json\/wp\/v2\/product\/751807","targetHints":{"allow":["GET"]}}],"collection":[{"href":"https:\/\/roveyayinevi.com.tr\/index.php\/wp-json\/wp\/v2\/product"}],"about":[{"href":"https:\/\/roveyayinevi.com.tr\/index.php\/wp-json\/wp\/v2\/types\/product"}],"wp:attachment":[{"href":"https:\/\/roveyayinevi.com.tr\/index.php\/wp-json\/wp\/v2\/media?parent=751807"}],"wp:term":[{"taxonomy":"product_brand","embeddable":true,"href":"https:\/\/roveyayinevi.com.tr\/index.php\/wp-json\/wp\/v2\/product_brand?post=751807"},{"taxonomy":"product_cat","embeddable":true,"href":"https:\/\/roveyayinevi.com.tr\/index.php\/wp-json\/wp\/v2\/product_cat?post=751807"},{"taxonomy":"product_tag","embeddable":true,"href":"https:\/\/roveyayinevi.com.tr\/index.php\/wp-json\/wp\/v2\/product_tag?post=751807"}],"curies":[{"name":"wp","href":"https:\/\/api.w.org\/{rel}","templated":true}]}}