{"id":751802,"date":"2025-08-28T04:58:54","date_gmt":"2025-08-28T01:58:54","guid":{"rendered":"https:\/\/roveyayinevi.com.tr\/index.php\/urun\/baba-olmayi-cok-sevdim\/"},"modified":"2026-04-16T03:05:26","modified_gmt":"2026-04-16T00:05:26","slug":"baba-olmayi-cok-sevdim","status":"publish","type":"product","link":"https:\/\/roveyayinevi.com.tr\/index.php\/urun\/baba-olmayi-cok-sevdim\/","title":{"rendered":"Baba Olmay\u0131 \u00c7ok Sevdim"},"content":{"rendered":"<p>K\u0130M DEM\u0130\u015e BABALAR\u00c7OCUK BAKAMAZ D\u0130YE\u2026K\u0131zlar\u0131n\u0131n ilk be\u015f y\u0131l boyunca bak\u0131m\u0131n\u0131 \u00fcstlenen \u00d6zgehan Oma\u011f, nam\u0131 di\u011fer Enbaba, renkli ve macera dolu babal\u0131k ser\u00fcvenini bizlerle payla\u015f\u0131yor.   Toplumsal cinsiyet rollerini sorgulayarak, babalar\u0131n da \u00e7ocuk bak\u0131m\u0131nda ba\u015far\u0131l\u0131 olabilece\u011fini aktar\u0131rken; ebeveyn olma kararlar\u0131n\u0131, e\u015finin hamileli\u011fini, ard\u0131ndan do\u011fum ser\u00fcvenini ve k\u0131zlar\u0131yla ya\u015fad\u0131\u011f\u0131 t\u00fcm o e\u015fsiz deneyimleri e\u011flenceli bir \u00fcslupla anlat\u0131yor.   Baba Olmay\u0131 \u00c7ok Sevdim-Enbaba ve K\u0131zlar\u0131, hem g\u00fcld\u00fcr\u00fcp hem d\u00fc\u015f\u00fcnd\u00fcr\u00fcrken ebeveynli\u011fin kal\u0131plar\u0131n\u0131 sorgulamam\u0131z\u0131 sa\u011fl\u0131yor. Erkeklerin de \u00e7ocuk bak\u0131m\u0131nda etkili bir \u015fekilde yer alabilece\u011fini \u00e7i\u00e7e\u011fi burnunda babalara yeni bir bak\u0131\u015f a\u00e7\u0131s\u0131yla sunuyor. T\u00fcm ebeveynleri bu ilham verici yolculu\u011fa davet ediyoruz.<\/p>\n","protected":false},"excerpt":{"rendered":"<p>K\u0130M DEM\u0130\u015e BABALAR\u00c7OCUK BAKAMAZ D\u0130YE\u2026K\u0131zlar\u0131n\u0131n ilk be\u015f y\u0131l boyunca bak\u0131m\u0131n\u0131 \u00fcstlenen \u00d6zgehan Oma\u011f, nam\u0131 di\u011fer Enbaba, renkli ve macera dolu babal\u0131k ser\u00fcvenini bizlerle payla\u015f\u0131yor. Toplumsal cinsiyet<span class=\"excerpt-hellip\"> [\u2026]<\/span><\/p>\n","protected":false},"featured_media":0,"template":"","meta":{"_monsterinsights_skip_tracking":false,"_monsterinsights_sitenote_active":false,"_monsterinsights_sitenote_note":"","_monsterinsights_sitenote_category":0},"product_brand":[],"product_cat":[12831,12324],"product_tag":[],"class_list":{"0":"post-751802","1":"product","2":"type-product","3":"status-publish","5":"product_cat-aile-ve-cocuk","6":"product_cat-sosyoloji","7":"pa_cilt-ciltsiz","8":"pa_tur-kitap","9":"pa_yayinevi-nemesis-kitap","10":"pa_yazar-ozgehan-omag","12":"first","13":"instock","14":"sale","15":"shipping-taxable","16":"purchasable","17":"product-type-simple"},"_links":{"self":[{"href":"https:\/\/roveyayinevi.com.tr\/index.php\/wp-json\/wp\/v2\/product\/751802","targetHints":{"allow":["GET"]}}],"collection":[{"href":"https:\/\/roveyayinevi.com.tr\/index.php\/wp-json\/wp\/v2\/product"}],"about":[{"href":"https:\/\/roveyayinevi.com.tr\/index.php\/wp-json\/wp\/v2\/types\/product"}],"wp:attachment":[{"href":"https:\/\/roveyayinevi.com.tr\/index.php\/wp-json\/wp\/v2\/media?parent=751802"}],"wp:term":[{"taxonomy":"product_brand","embeddable":true,"href":"https:\/\/roveyayinevi.com.tr\/index.php\/wp-json\/wp\/v2\/product_brand?post=751802"},{"taxonomy":"product_cat","embeddable":true,"href":"https:\/\/roveyayinevi.com.tr\/index.php\/wp-json\/wp\/v2\/product_cat?post=751802"},{"taxonomy":"product_tag","embeddable":true,"href":"https:\/\/roveyayinevi.com.tr\/index.php\/wp-json\/wp\/v2\/product_tag?post=751802"}],"curies":[{"name":"wp","href":"https:\/\/api.w.org\/{rel}","templated":true}]}}