{"id":751801,"date":"2025-08-28T04:58:53","date_gmt":"2025-08-28T01:58:53","guid":{"rendered":"https:\/\/roveyayinevi.com.tr\/index.php\/urun\/simdi-dusunme-zamani\/"},"modified":"2026-04-16T03:05:26","modified_gmt":"2026-04-16T00:05:26","slug":"simdi-dusunme-zamani","status":"publish","type":"product","link":"https:\/\/roveyayinevi.com.tr\/index.php\/urun\/simdi-dusunme-zamani\/","title":{"rendered":"\u015eimdi D\u00fc\u015f\u00fcnme Zaman\u0131"},"content":{"rendered":"<p>Hangi zaman d\u00fc\u015f\u00fcnme zaman\u0131 de\u011fildir? D\u00fc\u015f\u00fcnme zaman\u0131 ne zaman gelecek? Ne zamandan beri d\u00fc\u015f\u00fcnmeyi unuttuk? \u0130lahi metinlerin bu konuda ne yazd\u0131\u011f\u0131ndan haberimiz var m\u0131? Herkes akl\u0131n\u0131 be\u011feniyor, ni\u00e7in d\u00fc\u015f\u00fcnceyi be\u011fenmiyor? D\u00fc\u015f\u00fcnce akl\u0131n ve bilginin \u00fcr\u00fcn\u00fcd\u00fcr. Tarlay\u0131 sev mahsul\u00fcn\u00fc sevme, olacak \u015fey mi? D\u00fc\u015f\u00fcnmeyi terk ederek neleri kaybetti\u011fimizin ne kadar fark\u0131nday\u0131z? D\u00fcnya kayg\u0131s\u0131 \u00e7ekenler, ahiret kayg\u0131s\u0131 \u00e7ekenler, \u015fimdi d\u00fc\u015f\u00fcnme zaman\u0131d\u0131r. \u0130lahi ikaz\u0131n ve akl\u0131n emri budur. D\u00fc\u015f\u00fcnmeden insan gibi ya\u015famak, insan\u0131 anlamak ve hayat\u0131n g\u00fc\u00e7l\u00fckleriyle m\u00fccadele etmek m\u00fcmk\u00fcn de\u011fildir. D\u00fc\u015f\u00fcnmek, varl\u0131\u011f\u0131n sebebi hikmetli bir i\u015f, d\u00fc\u015f\u00fcnmek, kendini hesaba \u00e7ekmek, d\u00fc\u015f\u00fcnmek ba\u015fkalar\u0131n\u0131n da oldu\u011fu, ya\u015fad\u0131\u011f\u0131 bir d\u00fcnyay\u0131, kendi kurallar\u0131 i\u00e7inde ak\u0131p giden evreni, b\u00fct\u00fcn k\u00e2inat\u0131n s\u0131rr\u0131na erme \u00e7abalar\u0131, b\u00fct\u00fcn bunlar\u0131n bilinci ile ger\u00e7e\u011fi bulma gayretlerinin tamam\u0131, ne g\u00fczel i\u015f, ne g\u00fczel u\u011fra\u015f. \u0130nsan\u0131n i\u00e7inin derinliklerine, k\u00e2inat bilgisinin derinliklerine ula\u015fma cehit ve gayreti. <\/p>\n","protected":false},"excerpt":{"rendered":"<p>Hangi zaman d\u00fc\u015f\u00fcnme zaman\u0131 de\u011fildir? D\u00fc\u015f\u00fcnme zaman\u0131 ne zaman gelecek? Ne zamandan beri d\u00fc\u015f\u00fcnmeyi unuttuk? \u0130lahi metinlerin bu konuda ne yazd\u0131\u011f\u0131ndan haberimiz var m\u0131? Herkes akl\u0131n\u0131<span class=\"excerpt-hellip\"> [\u2026]<\/span><\/p>\n","protected":false},"featured_media":0,"template":"","meta":{"_monsterinsights_skip_tracking":false,"_monsterinsights_sitenote_active":false,"_monsterinsights_sitenote_note":"","_monsterinsights_sitenote_category":0},"product_brand":[],"product_cat":[16038,12388],"product_tag":[],"class_list":{"0":"post-751801","1":"product","2":"type-product","3":"status-publish","5":"product_cat-arastirma-inceleme-referans-felsefe","6":"product_cat-felsefe","7":"pa_cilt-ciltsiz","8":"pa_tur-kitap","9":"pa_yayinevi-korkut-yayinlari","10":"pa_yazar-ismail-ozmel","12":"first","13":"instock","14":"sale","15":"shipping-taxable","16":"purchasable","17":"product-type-simple"},"_links":{"self":[{"href":"https:\/\/roveyayinevi.com.tr\/index.php\/wp-json\/wp\/v2\/product\/751801","targetHints":{"allow":["GET"]}}],"collection":[{"href":"https:\/\/roveyayinevi.com.tr\/index.php\/wp-json\/wp\/v2\/product"}],"about":[{"href":"https:\/\/roveyayinevi.com.tr\/index.php\/wp-json\/wp\/v2\/types\/product"}],"wp:attachment":[{"href":"https:\/\/roveyayinevi.com.tr\/index.php\/wp-json\/wp\/v2\/media?parent=751801"}],"wp:term":[{"taxonomy":"product_brand","embeddable":true,"href":"https:\/\/roveyayinevi.com.tr\/index.php\/wp-json\/wp\/v2\/product_brand?post=751801"},{"taxonomy":"product_cat","embeddable":true,"href":"https:\/\/roveyayinevi.com.tr\/index.php\/wp-json\/wp\/v2\/product_cat?post=751801"},{"taxonomy":"product_tag","embeddable":true,"href":"https:\/\/roveyayinevi.com.tr\/index.php\/wp-json\/wp\/v2\/product_tag?post=751801"}],"curies":[{"name":"wp","href":"https:\/\/api.w.org\/{rel}","templated":true}]}}