{"id":751800,"date":"2025-08-28T04:58:51","date_gmt":"2025-08-28T01:58:51","guid":{"rendered":"https:\/\/roveyayinevi.com.tr\/index.php\/urun\/paigeye-siirler\/"},"modified":"2026-04-16T03:05:26","modified_gmt":"2026-04-16T00:05:26","slug":"paigeye-siirler","status":"publish","type":"product","link":"https:\/\/roveyayinevi.com.tr\/index.php\/urun\/paigeye-siirler\/","title":{"rendered":"Paige&#8217;ye \u015eiirler"},"content":{"rendered":"<p>PA\u0130GE 1   Bu gece parlak bir ay g\u00f6rd\u00fcm. R\u00fcyada de\u011fildim, g\u00f6ky\u00fcz\u00fcnde. G\u00fczel bir \u00f6p\u00fcc\u00fck emanet ettim. Kokulu ve temiz. Karanl\u0131klar\u0131 yok ederek yan\u0131na geliyor! Dokunamasa da birbirine ellerimiz! Almak i\u00e7in emanetini sessiz yere ge\u00e7. Al nazik\u00e7e Ay\u2019dan! O sende kals\u0131n! Yeni ba\u015flam\u0131\u015f gibiyim sevmeye, \u0130nan bana Paige. <\/p>\n","protected":false},"excerpt":{"rendered":"<p>PA\u0130GE 1 Bu gece parlak bir ay g\u00f6rd\u00fcm. R\u00fcyada de\u011fildim, g\u00f6ky\u00fcz\u00fcnde. G\u00fczel bir \u00f6p\u00fcc\u00fck emanet ettim. Kokulu ve temiz. Karanl\u0131klar\u0131 yok ederek yan\u0131na geliyor! Dokunamasa da<span class=\"excerpt-hellip\"> [\u2026]<\/span><\/p>\n","protected":false},"featured_media":0,"template":"","meta":{"_monsterinsights_skip_tracking":false,"_monsterinsights_sitenote_active":false,"_monsterinsights_sitenote_note":"","_monsterinsights_sitenote_category":0},"product_brand":[],"product_cat":[12291,12509],"product_tag":[],"class_list":{"0":"post-751800","1":"product","2":"type-product","3":"status-publish","5":"product_cat-edebiyat","6":"product_cat-siir","7":"pa_cilt-ciltsiz","8":"pa_tur-kitap","9":"pa_yayinevi-semenderkitap-yayinlari","10":"pa_yazar-oner-caglar","12":"first","13":"instock","14":"sale","15":"shipping-taxable","16":"purchasable","17":"product-type-simple"},"_links":{"self":[{"href":"https:\/\/roveyayinevi.com.tr\/index.php\/wp-json\/wp\/v2\/product\/751800","targetHints":{"allow":["GET"]}}],"collection":[{"href":"https:\/\/roveyayinevi.com.tr\/index.php\/wp-json\/wp\/v2\/product"}],"about":[{"href":"https:\/\/roveyayinevi.com.tr\/index.php\/wp-json\/wp\/v2\/types\/product"}],"wp:attachment":[{"href":"https:\/\/roveyayinevi.com.tr\/index.php\/wp-json\/wp\/v2\/media?parent=751800"}],"wp:term":[{"taxonomy":"product_brand","embeddable":true,"href":"https:\/\/roveyayinevi.com.tr\/index.php\/wp-json\/wp\/v2\/product_brand?post=751800"},{"taxonomy":"product_cat","embeddable":true,"href":"https:\/\/roveyayinevi.com.tr\/index.php\/wp-json\/wp\/v2\/product_cat?post=751800"},{"taxonomy":"product_tag","embeddable":true,"href":"https:\/\/roveyayinevi.com.tr\/index.php\/wp-json\/wp\/v2\/product_tag?post=751800"}],"curies":[{"name":"wp","href":"https:\/\/api.w.org\/{rel}","templated":true}]}}