{"id":751799,"date":"2025-08-28T04:58:49","date_gmt":"2025-08-28T01:58:49","guid":{"rendered":"https:\/\/roveyayinevi.com.tr\/index.php\/urun\/bir-unlem-var-yuregimde\/"},"modified":"2026-04-16T03:05:26","modified_gmt":"2026-04-16T00:05:26","slug":"bir-unlem-var-yuregimde","status":"publish","type":"product","link":"https:\/\/roveyayinevi.com.tr\/index.php\/urun\/bir-unlem-var-yuregimde\/","title":{"rendered":"Bir \u00dcnlem Var Y\u00fcre\u011fimde"},"content":{"rendered":"<p>B\u0130R \u00dcNLEM VAR Y\u00dcRE\u011e\u0130MDE   Ben ilham perimi ar\u0131yorum. \u015eiirim i\u00e7in, ba\u015fka bir \u015fey de\u011fil. Bazen bir tebess\u00fcmde buluyorum. San\u0131yorum. Sevince bitiyor o, de\u011fil!   Ben y\u00fcre\u011fime y\u00fcrek ar\u0131yorum. G\u00f6n\u00fcl i\u00e7in, ba\u015fka bir \u015fey de\u011fil. Bazen bir duda\u011f\u0131n kenar\u0131nda buluyorum. San\u0131yorum. \u00d6p\u00fcnce bitiyor o, de\u011fil!   Ben nefesimi ar\u0131yorum. \u00d6lmemek i\u00e7in, ba\u015fka bir \u015fey de\u011fil. Bazen teninde buluyorum, San\u0131yorum. Uyan\u0131nca bitiyor o, de\u011fil!   Ben bir \u015fey ar\u0131yorum! \u0130\u015f olsun diye, ba\u015fka bir \u015fey de\u011fil. Bazen her \u015feyin sebebini buluyorum. San\u0131yorum. \u00d6l\u00fcnce bitiyor o de\u011fil. <\/p>\n","protected":false},"excerpt":{"rendered":"<p>B\u0130R \u00dcNLEM VAR Y\u00dcRE\u011e\u0130MDE Ben ilham perimi ar\u0131yorum. \u015eiirim i\u00e7in, ba\u015fka bir \u015fey de\u011fil. Bazen bir tebess\u00fcmde buluyorum. San\u0131yorum. Sevince bitiyor o, de\u011fil! Ben y\u00fcre\u011fime y\u00fcrek<span class=\"excerpt-hellip\"> [\u2026]<\/span><\/p>\n","protected":false},"featured_media":0,"template":"","meta":{"_monsterinsights_skip_tracking":false,"_monsterinsights_sitenote_active":false,"_monsterinsights_sitenote_note":"","_monsterinsights_sitenote_category":0},"product_brand":[],"product_cat":[12291,12509],"product_tag":[],"class_list":{"0":"post-751799","1":"product","2":"type-product","3":"status-publish","5":"product_cat-edebiyat","6":"product_cat-siir","7":"pa_cilt-ciltsiz","8":"pa_tur-kitap","9":"pa_yayinevi-semenderkitap-yayinlari","10":"pa_yazar-oner-caglar","12":"first","13":"instock","14":"sale","15":"shipping-taxable","16":"purchasable","17":"product-type-simple"},"_links":{"self":[{"href":"https:\/\/roveyayinevi.com.tr\/index.php\/wp-json\/wp\/v2\/product\/751799","targetHints":{"allow":["GET"]}}],"collection":[{"href":"https:\/\/roveyayinevi.com.tr\/index.php\/wp-json\/wp\/v2\/product"}],"about":[{"href":"https:\/\/roveyayinevi.com.tr\/index.php\/wp-json\/wp\/v2\/types\/product"}],"wp:attachment":[{"href":"https:\/\/roveyayinevi.com.tr\/index.php\/wp-json\/wp\/v2\/media?parent=751799"}],"wp:term":[{"taxonomy":"product_brand","embeddable":true,"href":"https:\/\/roveyayinevi.com.tr\/index.php\/wp-json\/wp\/v2\/product_brand?post=751799"},{"taxonomy":"product_cat","embeddable":true,"href":"https:\/\/roveyayinevi.com.tr\/index.php\/wp-json\/wp\/v2\/product_cat?post=751799"},{"taxonomy":"product_tag","embeddable":true,"href":"https:\/\/roveyayinevi.com.tr\/index.php\/wp-json\/wp\/v2\/product_tag?post=751799"}],"curies":[{"name":"wp","href":"https:\/\/api.w.org\/{rel}","templated":true}]}}