{"id":751798,"date":"2025-08-28T04:58:48","date_gmt":"2025-08-28T01:58:48","guid":{"rendered":"https:\/\/roveyayinevi.com.tr\/index.php\/urun\/benekli-ile-beneksiz\/"},"modified":"2026-04-16T03:05:26","modified_gmt":"2026-04-16T00:05:26","slug":"benekli-ile-beneksiz","status":"publish","type":"product","link":"https:\/\/roveyayinevi.com.tr\/index.php\/urun\/benekli-ile-beneksiz\/","title":{"rendered":"Benekli ile Beneksiz"},"content":{"rendered":"<p>Benekli, Beneksiz\u2019e: &#8211; Ne o, hasta m\u0131s\u0131n, diye sorar. Beneksiz: &#8211; Hay\u0131r, gayet iyiyim. Neden sordun, der. Benekli: &#8211; Beneklerinden biri yok olmu\u015f da onun i\u00e7in sordum, der. Beneksiz korkuyla: &#8211; Neee\u2026 Beneklerimden biri mi yok olmu\u015f, diye korkuyla sorar. Benekli: &#8211; Evet. Bak \u015fu en sa\u011fda duran \u015fimdi yok, der. Beneksiz bu duruma \u00e7ok \u00fcz\u00fcl\u00fcr. Bene\u011fini aramaya \u00e7\u0131kar. Benekli: &#8211; Bekle, ben de seninle geleyim, der. <\/p>\n","protected":false},"excerpt":{"rendered":"<p>Benekli, Beneksiz\u2019e: &#8211; Ne o, hasta m\u0131s\u0131n, diye sorar. Beneksiz: &#8211; Hay\u0131r, gayet iyiyim. Neden sordun, der. Benekli: &#8211; Beneklerinden biri yok olmu\u015f da onun i\u00e7in<span class=\"excerpt-hellip\"> [\u2026]<\/span><\/p>\n","protected":false},"featured_media":0,"template":"","meta":{"_monsterinsights_skip_tracking":false,"_monsterinsights_sitenote_active":false,"_monsterinsights_sitenote_note":"","_monsterinsights_sitenote_category":0},"product_brand":[],"product_cat":[12274,12284],"product_tag":[],"class_list":{"0":"post-751798","1":"product","2":"type-product","3":"status-publish","5":"product_cat-cocuk-ve-genclik-kitaplari","6":"product_cat-hikayeler","7":"pa_cilt-ciltsiz","8":"pa_tur-kitap","9":"pa_yayinevi-semenderkitap-yayinlari","10":"pa_yazar-semra-iplikci","12":"first","13":"instock","14":"sale","15":"shipping-taxable","16":"purchasable","17":"product-type-simple"},"_links":{"self":[{"href":"https:\/\/roveyayinevi.com.tr\/index.php\/wp-json\/wp\/v2\/product\/751798","targetHints":{"allow":["GET"]}}],"collection":[{"href":"https:\/\/roveyayinevi.com.tr\/index.php\/wp-json\/wp\/v2\/product"}],"about":[{"href":"https:\/\/roveyayinevi.com.tr\/index.php\/wp-json\/wp\/v2\/types\/product"}],"wp:attachment":[{"href":"https:\/\/roveyayinevi.com.tr\/index.php\/wp-json\/wp\/v2\/media?parent=751798"}],"wp:term":[{"taxonomy":"product_brand","embeddable":true,"href":"https:\/\/roveyayinevi.com.tr\/index.php\/wp-json\/wp\/v2\/product_brand?post=751798"},{"taxonomy":"product_cat","embeddable":true,"href":"https:\/\/roveyayinevi.com.tr\/index.php\/wp-json\/wp\/v2\/product_cat?post=751798"},{"taxonomy":"product_tag","embeddable":true,"href":"https:\/\/roveyayinevi.com.tr\/index.php\/wp-json\/wp\/v2\/product_tag?post=751798"}],"curies":[{"name":"wp","href":"https:\/\/api.w.org\/{rel}","templated":true}]}}