{"id":751796,"date":"2025-08-28T04:58:44","date_gmt":"2025-08-28T01:58:44","guid":{"rendered":"https:\/\/roveyayinevi.com.tr\/index.php\/urun\/vera-otenin-cagrisi\/"},"modified":"2026-04-16T03:05:26","modified_gmt":"2026-04-16T00:05:26","slug":"vera-otenin-cagrisi","status":"publish","type":"product","link":"https:\/\/roveyayinevi.com.tr\/index.php\/urun\/vera-otenin-cagrisi\/","title":{"rendered":"Vera &#8211; \u00d6tenin \u00c7a\u011fr\u0131s\u0131"},"content":{"rendered":"<p>\u201cEy k\u00fcldiyar\u0131n z\u00fcmr\u00fct ku\u015fanm\u0131\u015f prensi, y\u0131ld\u0131zlar seni \u00e7a\u011f\u0131r\u0131yor! Kulak verme vakti gelmedi mi?\u201d Krizin e\u015fi\u011finde bir galaksi. Y\u0131llard\u0131r a\u00e7\u0131ktan ve gizliden m\u00fccadele i\u00e7inde olan gezegen-devletleri birbirleriyle \u00fcst\u00fcnl\u00fck yar\u0131\u015f\u0131nda. \u0130nsan\u0131n ve n\u00fcfusun en de\u011ferli ekonomik birim oldu\u011fu bu galaksinin en zengin gezegeni Amarra, b\u00fcy\u00fck plan\u0131n\u0131 harekete ge\u00e7irmeye haz\u0131rlan\u0131rken s\u0131radan birinin ke\u015ffi t\u00fcm galaksi i\u00e7in ka\u00e7\u0131n\u0131lmaz sava\u015f\u0131 kap\u0131ya getirecek\u2026 Benli\u011fin derinli\u011fine inen mistik bir maceran\u0131n galaksi boyu tezah\u00fcr\u00fcn\u00fc anlatan roman\u0131 6 yazar 6 farkl\u0131 karakter \u00fczerinden anlat\u0131yor. Ver\u00e2: \u00d6tenin \u00c7a\u011fr\u0131s\u0131, bilim-kurgu gibi deneyselli\u011fe \u00f6ncelik yapan bir t\u00fcr\u00fcn, devrim niteli\u011finde bir \u00fcr\u00fcn\u00fc olarak kurguda yeni bir \u00e7a\u011f a\u00e7acak ve bilim-kurguyu edebiyattaki yerine geri koyacak. Bilim-kurgunun gelece\u011fine ho\u015f geldiniz\u2026 <\/p>\n","protected":false},"excerpt":{"rendered":"<p>\u201cEy k\u00fcldiyar\u0131n z\u00fcmr\u00fct ku\u015fanm\u0131\u015f prensi, y\u0131ld\u0131zlar seni \u00e7a\u011f\u0131r\u0131yor! Kulak verme vakti gelmedi mi?\u201d Krizin e\u015fi\u011finde bir galaksi. Y\u0131llard\u0131r a\u00e7\u0131ktan ve gizliden m\u00fccadele i\u00e7inde olan gezegen-devletleri birbirleriyle<span class=\"excerpt-hellip\"> [\u2026]<\/span><\/p>\n","protected":false},"featured_media":0,"template":"","meta":{"_monsterinsights_skip_tracking":false,"_monsterinsights_sitenote_active":false,"_monsterinsights_sitenote_note":"","_monsterinsights_sitenote_category":0},"product_brand":[],"product_cat":[12540,12291],"product_tag":[],"class_list":{"0":"post-751796","1":"product","2":"type-product","3":"status-publish","5":"product_cat-bilim-kurgu","6":"product_cat-edebiyat","7":"pa_cilt-ciltsiz","8":"pa_tur-kitap","9":"pa_yayinevi-mosquito-yayinlari","10":"pa_yazar-kolektif","12":"first","13":"instock","14":"sale","15":"shipping-taxable","16":"purchasable","17":"product-type-simple"},"_links":{"self":[{"href":"https:\/\/roveyayinevi.com.tr\/index.php\/wp-json\/wp\/v2\/product\/751796","targetHints":{"allow":["GET"]}}],"collection":[{"href":"https:\/\/roveyayinevi.com.tr\/index.php\/wp-json\/wp\/v2\/product"}],"about":[{"href":"https:\/\/roveyayinevi.com.tr\/index.php\/wp-json\/wp\/v2\/types\/product"}],"wp:attachment":[{"href":"https:\/\/roveyayinevi.com.tr\/index.php\/wp-json\/wp\/v2\/media?parent=751796"}],"wp:term":[{"taxonomy":"product_brand","embeddable":true,"href":"https:\/\/roveyayinevi.com.tr\/index.php\/wp-json\/wp\/v2\/product_brand?post=751796"},{"taxonomy":"product_cat","embeddable":true,"href":"https:\/\/roveyayinevi.com.tr\/index.php\/wp-json\/wp\/v2\/product_cat?post=751796"},{"taxonomy":"product_tag","embeddable":true,"href":"https:\/\/roveyayinevi.com.tr\/index.php\/wp-json\/wp\/v2\/product_tag?post=751796"}],"curies":[{"name":"wp","href":"https:\/\/api.w.org\/{rel}","templated":true}]}}