{"id":751789,"date":"2025-08-28T04:58:35","date_gmt":"2025-08-28T01:58:35","guid":{"rendered":"https:\/\/roveyayinevi.com.tr\/index.php\/urun\/kutup-yildizi-5-guz-firtinasi-ciltli\/"},"modified":"2026-04-16T03:05:25","modified_gmt":"2026-04-16T00:05:25","slug":"kutup-yildizi-5-guz-firtinasi-ciltli","status":"publish","type":"product","link":"https:\/\/roveyayinevi.com.tr\/index.php\/urun\/kutup-yildizi-5-guz-firtinasi-ciltli\/","title":{"rendered":"Kutup Y\u0131ld\u0131z\u0131 5 : G\u00fcz F\u0131rt\u0131nas\u0131 (Ciltli)"},"content":{"rendered":"<p>Sonbahar g\u00fcz yapraklar\u0131n\u0131 sessizce d\u00f6kerken ge\u00e7mi\u015f ortaya \u00e7\u0131kmay\u0131 bekleyen s\u0131rlarla \u00e7evrilidir.   Nisa ve Demir, her \u015feyden habersiz mutlu bir \u015fekilde ili\u015fkilerini ya\u015farken Nisa\u2019n\u0131n ans\u0131z\u0131n kar\u015f\u0131s\u0131na \u00e7\u0131kan ki\u015fi b\u00fct\u00fcn dengeleri de\u011fi\u015ftirecektir.   O ki\u015fi, y\u0131llard\u0131r habersiz kald\u0131\u011f\u0131, \u00f6zlem \u00e7ekti\u011fi annesinden ba\u015fkas\u0131 de\u011fildir.   Ge\u00e7mi\u015fin can yak\u0131c\u0131 ger\u00e7ekleri Nisa ve Demir\u2019in hayat\u0131na dolanmaya ba\u015flad\u0131\u011f\u0131nda bir daha hi\u00e7bir \u015fey eskisi gibi olamayacakt\u0131r.   R\u00fczg\u00e2r y\u00f6n\u00fcn\u00fc tersine \u00e7evirecek ve her \u015feyi ala\u015fa\u011f\u0131 edecektir.  Peki Nisa ve Demir bu f\u0131rt\u0131nadan sa\u011f salim bir \u015fekilde kurtulabilecek midir?   Yoksa ge\u00e7mi\u015fle birlikte gelen ger\u00e7ekler onlar\u0131n a\u015fk\u0131n\u0131 zedeleyecek midir?   Her \u015fey, bu kez \u00e7ok daha sert bir h\u00e2l alacakt\u0131r. Il\u0131k yaz r\u00fczg\u00e2r\u0131n\u0131 ard\u0131m\u0131zda b\u0131rakt\u0131\u011f\u0131m\u0131za g\u00f6re\u2026   G\u00fcz F\u0131rt\u0131nas\u0131 i\u00e7in haz\u0131r m\u0131y\u0131z? <\/p>\n","protected":false},"excerpt":{"rendered":"<p>Sonbahar g\u00fcz yapraklar\u0131n\u0131 sessizce d\u00f6kerken ge\u00e7mi\u015f ortaya \u00e7\u0131kmay\u0131 bekleyen s\u0131rlarla \u00e7evrilidir. Nisa ve Demir, her \u015feyden habersiz mutlu bir \u015fekilde ili\u015fkilerini ya\u015farken Nisa\u2019n\u0131n ans\u0131z\u0131n kar\u015f\u0131s\u0131na \u00e7\u0131kan<span class=\"excerpt-hellip\"> [\u2026]<\/span><\/p>\n","protected":false},"featured_media":0,"template":"","meta":{"_monsterinsights_skip_tracking":false,"_monsterinsights_sitenote_active":false,"_monsterinsights_sitenote_note":"","_monsterinsights_sitenote_category":0},"product_brand":[],"product_cat":[12291,12711],"product_tag":[],"class_list":{"0":"post-751789","1":"product","2":"type-product","3":"status-publish","5":"product_cat-edebiyat","6":"product_cat-roman-oyku","7":"pa_cilt-ciltli","8":"pa_tur-kitap","9":"pa_yayinevi-ephesus-yayinlari","10":"pa_yazar-mehtap-firat","12":"first","13":"instock","14":"sale","15":"shipping-taxable","16":"purchasable","17":"product-type-simple"},"_links":{"self":[{"href":"https:\/\/roveyayinevi.com.tr\/index.php\/wp-json\/wp\/v2\/product\/751789","targetHints":{"allow":["GET"]}}],"collection":[{"href":"https:\/\/roveyayinevi.com.tr\/index.php\/wp-json\/wp\/v2\/product"}],"about":[{"href":"https:\/\/roveyayinevi.com.tr\/index.php\/wp-json\/wp\/v2\/types\/product"}],"wp:attachment":[{"href":"https:\/\/roveyayinevi.com.tr\/index.php\/wp-json\/wp\/v2\/media?parent=751789"}],"wp:term":[{"taxonomy":"product_brand","embeddable":true,"href":"https:\/\/roveyayinevi.com.tr\/index.php\/wp-json\/wp\/v2\/product_brand?post=751789"},{"taxonomy":"product_cat","embeddable":true,"href":"https:\/\/roveyayinevi.com.tr\/index.php\/wp-json\/wp\/v2\/product_cat?post=751789"},{"taxonomy":"product_tag","embeddable":true,"href":"https:\/\/roveyayinevi.com.tr\/index.php\/wp-json\/wp\/v2\/product_tag?post=751789"}],"curies":[{"name":"wp","href":"https:\/\/api.w.org\/{rel}","templated":true}]}}