{"id":751787,"date":"2025-08-28T04:58:31","date_gmt":"2025-08-28T01:58:31","guid":{"rendered":"https:\/\/roveyayinevi.com.tr\/index.php\/urun\/danismendli-emir-melikgazi\/"},"modified":"2026-04-16T03:05:25","modified_gmt":"2026-04-16T00:05:25","slug":"danismendli-emir-melikgazi","status":"publish","type":"product","link":"https:\/\/roveyayinevi.com.tr\/index.php\/urun\/danismendli-emir-melikgazi\/","title":{"rendered":"Dani\u015fmendli Emir Melikgazi"},"content":{"rendered":"<p>Dani\u015fmendliler, Anadolu\u2019ya geldikleri tarihten itibaren (1071-1178) Malatya&#8217;dan, Sakarya&#8217;ya, Mara\u015f&#8217;\u0131 da i\u00e7ine alacak \u015fekilde Karadeniz k\u0131y\u0131lar\u0131na kadar olan geni\u015f bir co\u011frafyada egemenlik kurmu\u015flard\u0131r. Sultan Alpaslan\u2019dan sonra tahta ge\u00e7en o\u011flu Melik \u015eah\u2019\u0131n ye\u011feni (K\u0131z karde\u015finin) o\u011flu Dani\u015fmendli Melik Ahmet Taylu) H\/466-M\/1072 tarihinde vezir Nizam\u00fcl M\u00fclk\u2019\u00fcn tavsiyesi ile Dar\u00fcl Cihad olan Rum\u2019a (Anadolu) Sel\u00e7uklu sanca\u011f\u0131 ve bayraklar\u0131 ile g\u00f6nderilmi\u015ftir. Kendisi y\u00fcksek vas\u0131flara sahip bir kumandan ve ferasetli bir devlet adam\u0131 idi. Malazgirt zaferinden sonra Anadolu\u2019ya gelerek Dani\u015fmendli Devletini kurdu. To-kat\u2019\u0131n Niksar il\u00e7esini ba\u015fkent yaparak Malatya, Tokat, Amasya, Sivas, \u00c7ank\u0131r\u0131, An-kara, Kastamonu, K\u0131r\u015fehir, Yozgat, Kayseri, Mara\u015f, Urfa \u00e7evresini h\u00e2kimiyeti alt\u0131na ald\u0131. <\/p>\n","protected":false},"excerpt":{"rendered":"<p>Dani\u015fmendliler, Anadolu\u2019ya geldikleri tarihten itibaren (1071-1178) Malatya&#8217;dan, Sakarya&#8217;ya, Mara\u015f&#8217;\u0131 da i\u00e7ine alacak \u015fekilde Karadeniz k\u0131y\u0131lar\u0131na kadar olan geni\u015f bir co\u011frafyada egemenlik kurmu\u015flard\u0131r. Sultan Alpaslan\u2019dan sonra tahta<span class=\"excerpt-hellip\"> [\u2026]<\/span><\/p>\n","protected":false},"featured_media":0,"template":"","meta":{"_monsterinsights_skip_tracking":false,"_monsterinsights_sitenote_active":false,"_monsterinsights_sitenote_note":"","_monsterinsights_sitenote_category":0},"product_brand":[],"product_cat":[12370,12304],"product_tag":[],"class_list":{"0":"post-751787","1":"product","2":"type-product","3":"status-publish","5":"product_cat-arastirma-inceleme","6":"product_cat-tarih","7":"pa_cilt-ciltsiz","8":"pa_tur-kitap","9":"pa_yayinevi-gulnar-yayinlari","10":"pa_yazar-ziya-sahin","12":"first","13":"instock","14":"sale","15":"shipping-taxable","16":"purchasable","17":"product-type-simple"},"_links":{"self":[{"href":"https:\/\/roveyayinevi.com.tr\/index.php\/wp-json\/wp\/v2\/product\/751787","targetHints":{"allow":["GET"]}}],"collection":[{"href":"https:\/\/roveyayinevi.com.tr\/index.php\/wp-json\/wp\/v2\/product"}],"about":[{"href":"https:\/\/roveyayinevi.com.tr\/index.php\/wp-json\/wp\/v2\/types\/product"}],"wp:attachment":[{"href":"https:\/\/roveyayinevi.com.tr\/index.php\/wp-json\/wp\/v2\/media?parent=751787"}],"wp:term":[{"taxonomy":"product_brand","embeddable":true,"href":"https:\/\/roveyayinevi.com.tr\/index.php\/wp-json\/wp\/v2\/product_brand?post=751787"},{"taxonomy":"product_cat","embeddable":true,"href":"https:\/\/roveyayinevi.com.tr\/index.php\/wp-json\/wp\/v2\/product_cat?post=751787"},{"taxonomy":"product_tag","embeddable":true,"href":"https:\/\/roveyayinevi.com.tr\/index.php\/wp-json\/wp\/v2\/product_tag?post=751787"}],"curies":[{"name":"wp","href":"https:\/\/api.w.org\/{rel}","templated":true}]}}