{"id":751786,"date":"2025-08-28T04:58:29","date_gmt":"2025-08-28T01:58:29","guid":{"rendered":"https:\/\/roveyayinevi.com.tr\/index.php\/urun\/yangin\/"},"modified":"2026-04-16T03:05:25","modified_gmt":"2026-04-16T00:05:25","slug":"yangin","status":"publish","type":"product","link":"https:\/\/roveyayinevi.com.tr\/index.php\/urun\/yangin\/","title":{"rendered":"Yang\u0131n"},"content":{"rendered":"<p>Me\u011fer s\u00f6ylenecek ne \u00e7ok \u015fey vard\u0131 Fakat art\u0131k benim ne g\u00fcc\u00fcm Ne de takatim kald\u0131 Yakt\u0131\u011f\u0131n o liman Benim tek s\u0131\u011f\u0131nd\u0131\u011f\u0131m s\u0131\u011f\u0131na\u011f\u0131md\u0131 O sakl\u0131 liman \u015fimdi K\u00fclleriyle duruyor uzaklarda Sen \u00e7\u0131kard\u0131\u011f\u0131n o yang\u0131nla Gidiyorsun varmak istedi\u011fin yere \u00c7aresizce yang\u0131na bakan g\u00f6zlerim ve ben Yan\u0131yoruz yava\u015f yava\u015f Ellerim hissizle\u015fiyor Kulaklar\u0131ma \u00e7\u0131t\u0131rt\u0131 sesiyle birlikte A\u011flama sesleri geliyor \u0130lk \u00f6nce anlam\u0131yorum Bu i\u00e7li i\u00e7li a\u011flayan da kim? Sonra anl\u0131yorum En ba\u015f\u0131ndan beri A\u011flayan ve yanan Benmi\u015fim me\u011fer <\/p>\n","protected":false},"excerpt":{"rendered":"<p>Me\u011fer s\u00f6ylenecek ne \u00e7ok \u015fey vard\u0131 Fakat art\u0131k benim ne g\u00fcc\u00fcm Ne de takatim kald\u0131 Yakt\u0131\u011f\u0131n o liman Benim tek s\u0131\u011f\u0131nd\u0131\u011f\u0131m s\u0131\u011f\u0131na\u011f\u0131md\u0131 O sakl\u0131 liman \u015fimdi<span class=\"excerpt-hellip\"> [\u2026]<\/span><\/p>\n","protected":false},"featured_media":0,"template":"","meta":{"_monsterinsights_skip_tracking":false,"_monsterinsights_sitenote_active":false,"_monsterinsights_sitenote_note":"","_monsterinsights_sitenote_category":0},"product_brand":[],"product_cat":[12291,12509],"product_tag":[],"class_list":{"0":"post-751786","1":"product","2":"type-product","3":"status-publish","5":"product_cat-edebiyat","6":"product_cat-siir","7":"pa_cilt-ciltsiz","8":"pa_tur-kitap","9":"pa_yayinevi-gulnar-yayinlari","10":"pa_yazar-fatma-betul-akmaz","12":"first","13":"instock","14":"sale","15":"shipping-taxable","16":"purchasable","17":"product-type-simple"},"_links":{"self":[{"href":"https:\/\/roveyayinevi.com.tr\/index.php\/wp-json\/wp\/v2\/product\/751786","targetHints":{"allow":["GET"]}}],"collection":[{"href":"https:\/\/roveyayinevi.com.tr\/index.php\/wp-json\/wp\/v2\/product"}],"about":[{"href":"https:\/\/roveyayinevi.com.tr\/index.php\/wp-json\/wp\/v2\/types\/product"}],"wp:attachment":[{"href":"https:\/\/roveyayinevi.com.tr\/index.php\/wp-json\/wp\/v2\/media?parent=751786"}],"wp:term":[{"taxonomy":"product_brand","embeddable":true,"href":"https:\/\/roveyayinevi.com.tr\/index.php\/wp-json\/wp\/v2\/product_brand?post=751786"},{"taxonomy":"product_cat","embeddable":true,"href":"https:\/\/roveyayinevi.com.tr\/index.php\/wp-json\/wp\/v2\/product_cat?post=751786"},{"taxonomy":"product_tag","embeddable":true,"href":"https:\/\/roveyayinevi.com.tr\/index.php\/wp-json\/wp\/v2\/product_tag?post=751786"}],"curies":[{"name":"wp","href":"https:\/\/api.w.org\/{rel}","templated":true}]}}