{"id":751785,"date":"2025-08-28T04:58:28","date_gmt":"2025-08-28T01:58:28","guid":{"rendered":"https:\/\/roveyayinevi.com.tr\/index.php\/urun\/gormezden-gelemeyecekleri-kadar-iyi-ol\/"},"modified":"2025-11-11T09:12:21","modified_gmt":"2025-11-11T06:12:21","slug":"gormezden-gelemeyecekleri-kadar-iyi-ol","status":"publish","type":"product","link":"https:\/\/roveyayinevi.com.tr\/index.php\/urun\/gormezden-gelemeyecekleri-kadar-iyi-ol\/","title":{"rendered":"G\u00f6rmezden Gelemeyecekleri Kadar \u0130yi Ol"},"content":{"rendered":"<p>Kariyerinde ba\u015far\u0131l\u0131 olmak konusunda \u201ctutkunuzun pe\u015finden gidin\u201d gibi geleneksel \u00f6\u011fretilerin \u00f6nemli \u00f6l\u00e7\u00fcde kusurlu oldu\u011funu ve \u201csevdi\u011finiz \u015feyi yap\u0131n\u201d gibi kli\u015fe sloganlar\u0131n, pek \u00e7ok ki\u015finin kariyer karma\u015fas\u0131 ya\u015famas\u0131na neden oldu\u011funu savunan Cal Newport, manifesto niteli\u011findeki ezber bozan kitab\u0131nda anlaml\u0131 ve ilgi \u00e7ekici bir i\u015f hayat\u0131 i\u00e7in olduk\u00e7a ger\u00e7ek\u00e7i bir yol haritas\u0131 \u00e7iziyor. \u0130yi bir i\u015f beklemeden \u00f6nce bir alanda iyi olunmas\u0131 gerekti\u011fine inanan Newport, insanlar\u0131n yapt\u0131klar\u0131 \u015feyi sevmeye nas\u0131l ba\u015flad\u0131klar\u0131 ger\u00e7e\u011fini ke\u015ffetme aray\u0131\u015f\u0131na giriyor. G\u00fc\u00e7l\u00fcbir kariyer in\u015fa ederken kulland\u0131klar\u0131 stratejileri ve ka\u00e7\u0131nd\u0131klar\u0131 tuzaklar\u0131 \u00f6\u011frenebilmek ad\u0131na risk sermayedarlar\u0131n\u0131n, senaristlerin, y\u0131ld\u0131z bilgisayar programc\u0131lar\u0131n\u0131n ve alan\u0131nda en iyi profes\u00f6rlerin d\u00fcnyas\u0131na dal\u0131yor. Gelecek vaat eden sanat\u00e7\u0131lara tavsiyesi soruldu\u011funda,\u201cO kadar iyi ol ki seni g\u00f6rmezden gelemesinler,\u201d diyen komedyen Steve Martin\u2019in c\u00fcmlesinden ismini alan bu eser, eylemini g\u00f6rmezden gelinemeyecek kadar iyi bir amaca d\u00f6n\u00fc\u015ft\u00fcrmeye kararl\u0131 olanlara ve mevcut i\u015flerinden b\u0131km\u0131\u015f, sermayesini \u00e7al\u0131\u015fma hayat\u0131nda do\u011fru niteliklere yat\u0131rmaya hevesli herkese ak\u0131ll\u0131ca bir plan sunuyor.<\/p>\n","protected":false},"excerpt":{"rendered":"<p>Kariyerinde ba\u015far\u0131l\u0131 olmak konusunda \u201ctutkunuzun pe\u015finden gidin\u201d gibi geleneksel \u00f6\u011fretilerin \u00f6nemli \u00f6l\u00e7\u00fcde kusurlu oldu\u011funu ve \u201csevdi\u011finiz \u015feyi yap\u0131n\u201d gibi kli\u015fe sloganlar\u0131n, pek \u00e7ok ki\u015finin kariyer karma\u015fas\u0131<span class=\"excerpt-hellip\"> [\u2026]<\/span><\/p>\n","protected":false},"featured_media":0,"template":"","meta":{"_monsterinsights_skip_tracking":false,"_monsterinsights_sitenote_active":false,"_monsterinsights_sitenote_note":"","_monsterinsights_sitenote_category":0},"product_brand":[],"product_cat":[13043,17647],"product_tag":[],"class_list":{"0":"post-751785","1":"product","2":"type-product","3":"status-publish","5":"product_cat-ekonomi","6":"product_cat-is-dunyasi","7":"pa_cilt-ciltsiz","8":"pa_tur-kitap","9":"pa_yayinevi-epsilon-yayinlari","10":"pa_yazar-cal-newport","12":"first","13":"instock","14":"sale","15":"shipping-taxable","16":"purchasable","17":"product-type-simple"},"_links":{"self":[{"href":"https:\/\/roveyayinevi.com.tr\/index.php\/wp-json\/wp\/v2\/product\/751785","targetHints":{"allow":["GET"]}}],"collection":[{"href":"https:\/\/roveyayinevi.com.tr\/index.php\/wp-json\/wp\/v2\/product"}],"about":[{"href":"https:\/\/roveyayinevi.com.tr\/index.php\/wp-json\/wp\/v2\/types\/product"}],"wp:attachment":[{"href":"https:\/\/roveyayinevi.com.tr\/index.php\/wp-json\/wp\/v2\/media?parent=751785"}],"wp:term":[{"taxonomy":"product_brand","embeddable":true,"href":"https:\/\/roveyayinevi.com.tr\/index.php\/wp-json\/wp\/v2\/product_brand?post=751785"},{"taxonomy":"product_cat","embeddable":true,"href":"https:\/\/roveyayinevi.com.tr\/index.php\/wp-json\/wp\/v2\/product_cat?post=751785"},{"taxonomy":"product_tag","embeddable":true,"href":"https:\/\/roveyayinevi.com.tr\/index.php\/wp-json\/wp\/v2\/product_tag?post=751785"}],"curies":[{"name":"wp","href":"https:\/\/api.w.org\/{rel}","templated":true}]}}