{"id":751783,"date":"2025-08-28T04:58:25","date_gmt":"2025-08-28T01:58:25","guid":{"rendered":"https:\/\/roveyayinevi.com.tr\/index.php\/urun\/arsene-guillot\/"},"modified":"2026-04-16T03:05:25","modified_gmt":"2026-04-16T00:05:25","slug":"arsene-guillot","status":"publish","type":"product","link":"https:\/\/roveyayinevi.com.tr\/index.php\/urun\/arsene-guillot\/","title":{"rendered":"Arsene Guillot"},"content":{"rendered":"<p>Frans\u0131z yazar ve arkeolog Prosper M\u00e9rim\u00e9e, Bizet\u2019nin \u00fcnl\u00fc operas\u0131na ilham olan Carmen roman\u0131yla tan\u0131nsa da, Ars\u00e8ne Guillot, Andr\u00e9 Gide\u2019in en sevdi\u011fidir. Gen\u00e7lik ve g\u00fczellikleriyle benzer, ya\u015fam\u00f6yk\u00fcleri ve ait olduklar\u0131 toplumsal kesimle bamba\u015fka iki kad\u0131n\u0131n dokunakl\u0131 hik\u00e2yesidir Ars\u00e8ne Guillot.   Varl\u0131kl\u0131 ve g\u00fczel Madam de Piennes, kilisede g\u00f6rd\u00fc\u011f\u00fc peri\u015fan vaziyetteki gen\u00e7 Ars\u00e8ne Guillot\u2019ya yard\u0131m etmek, onu sa\u011fl\u0131\u011f\u0131na kavu\u015fturmak i\u00e7in elinden geleni yapar. Kucak a\u00e7t\u0131\u011f\u0131 gen\u00e7 kad\u0131na merhametle ba\u011flanan Madam de Piennes, bir yandan ona korkun\u00e7 bir ihanette bulundu\u011fu hissiyle, yapt\u0131\u011f\u0131 iyiliklerin ahlak\u0131n\u0131 sorgulayacak duruma gelir. Aralar\u0131na bir erke\u011fin girmesiyle alabora olan iki gen\u00e7 kad\u0131n\u0131n hik\u00e2yesi, trajik ve tutkulu bir a\u015fk hik\u00e2yesinden \u00e7ok, zorlay\u0131c\u0131 bir ahlak ve tutku ikileminin \u00f6yk\u00fcs\u00fcd\u00fcr. <\/p>\n","protected":false},"excerpt":{"rendered":"<p>Frans\u0131z yazar ve arkeolog Prosper M\u00e9rim\u00e9e, Bizet\u2019nin \u00fcnl\u00fc operas\u0131na ilham olan Carmen roman\u0131yla tan\u0131nsa da, Ars\u00e8ne Guillot, Andr\u00e9 Gide\u2019in en sevdi\u011fidir. Gen\u00e7lik ve g\u00fczellikleriyle benzer, ya\u015fam\u00f6yk\u00fcleri<span class=\"excerpt-hellip\"> [\u2026]<\/span><\/p>\n","protected":false},"featured_media":0,"template":"","meta":{"_monsterinsights_skip_tracking":false,"_monsterinsights_sitenote_active":false,"_monsterinsights_sitenote_note":"","_monsterinsights_sitenote_category":0},"product_brand":[],"product_cat":[12291,18202],"product_tag":[],"class_list":{"0":"post-751783","1":"product","2":"type-product","3":"status-publish","5":"product_cat-edebiyat","6":"product_cat-hikaye","7":"pa_cilt-ciltsiz","8":"pa_tur-kitap","9":"pa_yayinevi-can-yayinlari","10":"pa_yazar-prosper-merimee","12":"first","13":"instock","14":"sale","15":"shipping-taxable","16":"purchasable","17":"product-type-simple"},"_links":{"self":[{"href":"https:\/\/roveyayinevi.com.tr\/index.php\/wp-json\/wp\/v2\/product\/751783","targetHints":{"allow":["GET"]}}],"collection":[{"href":"https:\/\/roveyayinevi.com.tr\/index.php\/wp-json\/wp\/v2\/product"}],"about":[{"href":"https:\/\/roveyayinevi.com.tr\/index.php\/wp-json\/wp\/v2\/types\/product"}],"wp:attachment":[{"href":"https:\/\/roveyayinevi.com.tr\/index.php\/wp-json\/wp\/v2\/media?parent=751783"}],"wp:term":[{"taxonomy":"product_brand","embeddable":true,"href":"https:\/\/roveyayinevi.com.tr\/index.php\/wp-json\/wp\/v2\/product_brand?post=751783"},{"taxonomy":"product_cat","embeddable":true,"href":"https:\/\/roveyayinevi.com.tr\/index.php\/wp-json\/wp\/v2\/product_cat?post=751783"},{"taxonomy":"product_tag","embeddable":true,"href":"https:\/\/roveyayinevi.com.tr\/index.php\/wp-json\/wp\/v2\/product_tag?post=751783"}],"curies":[{"name":"wp","href":"https:\/\/api.w.org\/{rel}","templated":true}]}}