{"id":751782,"date":"2025-08-28T04:58:23","date_gmt":"2025-08-28T01:58:23","guid":{"rendered":"https:\/\/roveyayinevi.com.tr\/index.php\/urun\/fotograf-uzerine\/"},"modified":"2026-04-16T03:05:25","modified_gmt":"2026-04-16T00:05:25","slug":"fotograf-uzerine","status":"publish","type":"product","link":"https:\/\/roveyayinevi.com.tr\/index.php\/urun\/fotograf-uzerine\/","title":{"rendered":"Foto\u011fraf \u00dczerine"},"content":{"rendered":"<p>Hayat, bir an yakalan\u0131p ebediyen sabitlenen \u00f6nemli ayr\u0131nt\u0131lardan ibaret de\u011fildir. Ama foto\u011fraflar \u00f6yledir.   Foto\u011fraf toplum, politika ve tarih hakk\u0131nda \u00e7ok \u015fey anlat\u0131r. Sontag ilk olarak 1973&#8217;te yay\u0131mlanan bu kitapta foto\u011fraf\u0131 ne y\u00fcceltir ne de k\u00fc\u00e7\u00fcmser. Tarihsel ve toplumsal bak\u0131\u015f a\u00e7\u0131s\u0131yla onun avantajlar\u0131yla dezavantajlar\u0131n\u0131 kar\u015f\u0131la\u015ft\u0131r\u0131rken, g\u00f6r\u00fcnt\u00fc ile ger\u00e7eklik aras\u0131ndaki ili\u015fkiyi irdeler. G\u00f6r\u00fcnt\u00fclerin medyadaki kullan\u0131m\u0131n\u0131n belirli siyasi, k\u00fclt\u00fcrel veya din\u00ee ama\u00e7lara ve \u00e7\u0131karlara hizmet edip etmedi\u011fini sorgular, resim ile foto\u011fraf aras\u0131ndaki ayr\u0131m \u00fczerinde durur ve foto\u011fraf\u0131n bir sanat dal\u0131 olarak me\u015fruiyetini tart\u0131\u015fmaya a\u00e7ar.   Alan\u0131n\u0131n k\u00fclt kitaplar\u0131ndan biri kabul edilen ve yazar\u0131na d\u00fcnya \u00e7ap\u0131nda b\u00fcy\u00fck bir \u00fcn kazand\u0131ran Foto\u011fraf \u00dczerine\u2019deki denemeler eski zamanlardan g\u00fcn\u00fcm\u00fcze \u00fcnl\u00fc ve \u00f6nemli foto\u011fraf\u00e7\u0131lar\u0131n \u00e7al\u0131\u015fmalar\u0131n\u0131 ele al\u0131rken bir dizi estetik ve ahlaki soru da ortaya koyuyor.    \u201cBu konuda \u015fimdiye dek yaz\u0131lm\u0131\u015f en m\u00fchim ve en \u00f6zg\u00fcn kitap\u2026 M\u00fcreffeh kitle ileti\u015fim toplumlar\u0131nda foto\u011fraf\u0131n rol\u00fcne ili\u015fkin gelecekteki t\u00fcm tart\u0131\u015fmalar yahut analizler bundan b\u00f6yle muhakkak onun kitab\u0131 \u00fczerinden ilerleyecek.\u201d John Berger <\/p>\n","protected":false},"excerpt":{"rendered":"<p>Hayat, bir an yakalan\u0131p ebediyen sabitlenen \u00f6nemli ayr\u0131nt\u0131lardan ibaret de\u011fildir. Ama foto\u011fraflar \u00f6yledir. Foto\u011fraf toplum, politika ve tarih hakk\u0131nda \u00e7ok \u015fey anlat\u0131r. Sontag ilk olarak 1973&#8217;te<span class=\"excerpt-hellip\"> [\u2026]<\/span><\/p>\n","protected":false},"featured_media":0,"template":"","meta":{"_monsterinsights_skip_tracking":false,"_monsterinsights_sitenote_active":false,"_monsterinsights_sitenote_note":"","_monsterinsights_sitenote_category":0},"product_brand":[],"product_cat":[12777,12291],"product_tag":[],"class_list":{"0":"post-751782","1":"product","2":"type-product","3":"status-publish","5":"product_cat-deneme","6":"product_cat-edebiyat","7":"pa_cilt-ciltsiz","8":"pa_tur-kitap","9":"pa_yayinevi-can-yayinlari","10":"pa_yazar-susan-sontag","12":"first","13":"instock","14":"sale","15":"shipping-taxable","16":"purchasable","17":"product-type-simple"},"_links":{"self":[{"href":"https:\/\/roveyayinevi.com.tr\/index.php\/wp-json\/wp\/v2\/product\/751782","targetHints":{"allow":["GET"]}}],"collection":[{"href":"https:\/\/roveyayinevi.com.tr\/index.php\/wp-json\/wp\/v2\/product"}],"about":[{"href":"https:\/\/roveyayinevi.com.tr\/index.php\/wp-json\/wp\/v2\/types\/product"}],"wp:attachment":[{"href":"https:\/\/roveyayinevi.com.tr\/index.php\/wp-json\/wp\/v2\/media?parent=751782"}],"wp:term":[{"taxonomy":"product_brand","embeddable":true,"href":"https:\/\/roveyayinevi.com.tr\/index.php\/wp-json\/wp\/v2\/product_brand?post=751782"},{"taxonomy":"product_cat","embeddable":true,"href":"https:\/\/roveyayinevi.com.tr\/index.php\/wp-json\/wp\/v2\/product_cat?post=751782"},{"taxonomy":"product_tag","embeddable":true,"href":"https:\/\/roveyayinevi.com.tr\/index.php\/wp-json\/wp\/v2\/product_tag?post=751782"}],"curies":[{"name":"wp","href":"https:\/\/api.w.org\/{rel}","templated":true}]}}