{"id":751778,"date":"2025-08-28T04:58:17","date_gmt":"2025-08-28T01:58:17","guid":{"rendered":"https:\/\/roveyayinevi.com.tr\/index.php\/urun\/hafiza-peyzajlari\/"},"modified":"2026-04-16T03:05:25","modified_gmt":"2026-04-16T00:05:25","slug":"hafiza-peyzajlari","status":"publish","type":"product","link":"https:\/\/roveyayinevi.com.tr\/index.php\/urun\/hafiza-peyzajlari\/","title":{"rendered":"Haf\u0131za Peyzajlar\u0131"},"content":{"rendered":"<p>Tarihsel s\u00fcre\u00e7 i\u00e7erisinde ya\u015famlar\u0131n hayat buldu\u011fu k\u00fclt\u00fcrel peyzajlar, bireylerin ve toplumlar\u0131n davran\u0131\u015f\u0131n\u0131 ve ya\u015fam bi\u00e7imlerini etkileyen kolektif belle\u011fin ge\u00e7ti\u011fi alanlard\u0131r. K\u00fclt\u00fcrel peyzajlara ya\u015fam veren, insan ve do\u011fan\u0131n kar\u015f\u0131l\u0131kl\u0131 etkile\u015fimi sonucunda \u00fcretilen \u00e7evrelerde insan\u0131n do\u011fa kar\u015f\u0131s\u0131nda sundu\u011fu katk\u0131, o co\u011frafyada yere \u00f6zg\u00fc de\u011ferler olu\u015fturur. Tarihsel s\u00fcre\u00e7te peyzajda ya\u015fam\u0131\u015f olan k\u00fclt\u00fcrlerin izlerini ta\u015f\u0131yan bu de\u011ferler, g\u00fcnl\u00fck ya\u015fam bi\u00e7iminin olu\u015ftu\u011fu bir sahne ve ya\u015fam\u0131n temsil alan\u0131 olarak de\u011ferlendirilebilir. \u201cDo\u011fa\u201d ve \u201ck\u00fclt\u00fcr\u201d aras\u0131ndaki etkile\u015fimle olu\u015fan k\u00fclt\u00fcrel peyzajlar, k\u00fclt\u00fcr grubu taraf\u0131ndan belirli bir zamanda ya\u015fam\u0131\u015f veya halen ya\u015famakta olan toplulu\u011fun g\u00fcndelik ya\u015famlar\u0131nda sahip olduklar\u0131 devingen \u00e7evrelerdir.   Bu \u00e7al\u0131\u015fmada \u201cpeyzaj\u201d kavram\u0131, insan ve do\u011fan\u0131n kar\u015f\u0131l\u0131kl\u0131 etkile\u015fimleri sonucu yap\u0131l\u0131 \u00e7evreye yans\u0131yan kolektif haf\u0131zan\u0131n \u00fcretim sahnesi olarak tan\u0131mlanmaktad\u0131r. Sahne olarak vadilerdeki k\u00f6y mahali, g\u00fcndelik sosyo-mekansal etkile\u015fimler arac\u0131l\u0131\u011f\u0131 ile \u00fcretilen bir uzam olarak ge\u00e7mektedir. Kayseri Melikgazi il\u00e7esinde yer alan Derevenk- Gesi ve Koramaz Vadileri ve i\u00e7erisinde bulunan yerle\u015fimler, Gayrim\u00fcslim \u2013 M\u00fcsl\u00fcman n\u00fcfusun bir aradal\u0131klar\u0131n\u0131 20. y\u00fczy\u0131l\u0131n ba\u015flar\u0131na kadar devam ettirebilmi\u015f ve bunun sonucu olarak somut ve somut olmayan k\u00fclt\u00fcr miras\u0131 de\u011ferlerinin zenginli\u011fi a\u00e7\u0131s\u0131ndan de\u011ferli bulundu\u011fu i\u00e7in bu \u00e7al\u0131\u015fmaya konu olmu\u015ftur. Ge\u00e7mi\u015ften bu yana sosyal, ekonomik ve k\u00fclt\u00fcrel etkenler, vadilerde bulunan bu k\u00f6ylerin do\u011fal ve fiziksel str\u00fckt\u00fcr\u00fcn\u00fcn bir par\u00e7as\u0131 olmu\u015ftur. Bu k\u0131rsal karakterdeki yerle\u015fimler, \u00e7e\u015fitli do\u011fal, sosyo\u2013k\u00fclt\u00fcrel, ekonomik, siyasi nedenlerden dolay\u0131 n\u00fcfus kayb\u0131na u\u011fram\u0131\u015ft\u0131r ve halen de n\u00fcfus kay\u0131plar\u0131 devam etmektedir. Bu kay\u0131plara ra\u011fmen her yerle\u015fim kendine \u00f6zel haf\u0131zalar\u0131, eylemleri ve olaylar\u0131 ile ge\u00e7mi\u015fe \u0131\u015f\u0131k tutmaktad\u0131r. Farkl\u0131 k\u00f6kenlere ait toplumlar\u0131n bir arada ya\u015fad\u0131\u011f\u0131 yerle\u015fimlerde ve buna ba\u011fl\u0131 olarak olu\u015fan k\u00fclt\u00fcrel peyzajlar bize yerle\u015fimlerin fiziksel olmayan zihinsel katmanlar\u0131n\u0131 ortaya \u00e7\u0131karmakla birlikte ge\u00e7mi\u015fe d\u00f6n\u00fck ya\u015fant\u0131larla ilgili ipu\u00e7lar\u0131 da vermektedir.   Tarihten bu yana insan\u0131n do\u011fa ile birlikte uyum i\u00e7erisinde ya\u015fad\u0131\u011f\u0131n\u0131n yans\u0131malar\u0131n\u0131 g\u00f6rebilece\u011fimiz vadi k\u00f6yleri, sahip oldu\u011fu de\u011ferleri ile ya\u015fat\u0131lmas\u0131 gereken e\u015fsiz co\u011frafyalard\u0131r. Kayseri\u2019nin kuzeydo\u011fusunda yer alan Derevenk, Gesi ve Koramaz vadi yerle\u015fimlerinde bulunan 14 k\u0131rsal karakterdeki yerle\u015fimin k\u00fclt\u00fcrel peyzaj ba\u011flam\u0131nda somut ve somut olmayan k\u00fclt\u00fcr varl\u0131klar\u0131 \u00fczerinden, b\u00fct\u00fcnc\u00fcl bir perspektifle birbiri aras\u0131ndaki ili\u015fki a\u011flar\u0131n\u0131 incelemek Kayseri\u2019nin ge\u00e7mi\u015ften bug\u00fcne haf\u0131za peyzajlar\u0131 \u00fczerine d\u00fc\u015f\u00fcnmemizi sa\u011flayacakt\u0131r.<\/p>\n","protected":false},"excerpt":{"rendered":"<p>Tarihsel s\u00fcre\u00e7 i\u00e7erisinde ya\u015famlar\u0131n hayat buldu\u011fu k\u00fclt\u00fcrel peyzajlar, bireylerin ve toplumlar\u0131n davran\u0131\u015f\u0131n\u0131 ve ya\u015fam bi\u00e7imlerini etkileyen kolektif belle\u011fin ge\u00e7ti\u011fi alanlard\u0131r. K\u00fclt\u00fcrel peyzajlara ya\u015fam veren, insan ve<span class=\"excerpt-hellip\"> [\u2026]<\/span><\/p>\n","protected":false},"featured_media":0,"template":"","meta":{"_monsterinsights_skip_tracking":false,"_monsterinsights_sitenote_active":false,"_monsterinsights_sitenote_note":"","_monsterinsights_sitenote_category":0},"product_brand":[],"product_cat":[13512,12408],"product_tag":[],"class_list":{"0":"post-751778","1":"product","2":"type-product","3":"status-publish","5":"product_cat-mimarlik","6":"product_cat-sanat","7":"pa_cilt-ciltsiz","8":"pa_tur-kitap","9":"pa_yayinevi-idealkent-yayincilik","10":"pa_yazar-ozlem-kevseroglu","12":"first","13":"instock","14":"sale","15":"shipping-taxable","16":"purchasable","17":"product-type-simple"},"_links":{"self":[{"href":"https:\/\/roveyayinevi.com.tr\/index.php\/wp-json\/wp\/v2\/product\/751778","targetHints":{"allow":["GET"]}}],"collection":[{"href":"https:\/\/roveyayinevi.com.tr\/index.php\/wp-json\/wp\/v2\/product"}],"about":[{"href":"https:\/\/roveyayinevi.com.tr\/index.php\/wp-json\/wp\/v2\/types\/product"}],"wp:attachment":[{"href":"https:\/\/roveyayinevi.com.tr\/index.php\/wp-json\/wp\/v2\/media?parent=751778"}],"wp:term":[{"taxonomy":"product_brand","embeddable":true,"href":"https:\/\/roveyayinevi.com.tr\/index.php\/wp-json\/wp\/v2\/product_brand?post=751778"},{"taxonomy":"product_cat","embeddable":true,"href":"https:\/\/roveyayinevi.com.tr\/index.php\/wp-json\/wp\/v2\/product_cat?post=751778"},{"taxonomy":"product_tag","embeddable":true,"href":"https:\/\/roveyayinevi.com.tr\/index.php\/wp-json\/wp\/v2\/product_tag?post=751778"}],"curies":[{"name":"wp","href":"https:\/\/api.w.org\/{rel}","templated":true}]}}