{"id":751777,"date":"2025-08-28T04:58:15","date_gmt":"2025-08-28T01:58:15","guid":{"rendered":"https:\/\/roveyayinevi.com.tr\/index.php\/urun\/kahveden-gelir-sesi\/"},"modified":"2026-04-16T03:05:25","modified_gmt":"2026-04-16T00:05:25","slug":"kahveden-gelir-sesi","status":"publish","type":"product","link":"https:\/\/roveyayinevi.com.tr\/index.php\/urun\/kahveden-gelir-sesi\/","title":{"rendered":"Kahveden Gelir Sesi"},"content":{"rendered":"<p>Mehmet Ayc\u0131, denemeden \u015fiire, kurmacadan ele\u015ftiriye, portreden de\u011finiye edebiyat\u0131n pek \u00e7ok alan\u0131nda eser veren bir yazar. \u0130nsan\u0131n dokundu\u011fu, kulland\u0131\u011f\u0131, g\u00f6zlemledi\u011fi, g\u00f6rd\u00fc\u011f\u00fc ve duydu\u011fu ne varsa yaz\u0131labilir g\u00fcveni veriyor onun yazd\u0131klar\u0131. Onun kenti sadece ya\u015fad\u0131\u011f\u0131 mekanlar toplam\u0131 de\u011fil; ayn\u0131 zamanda bir yaz\u0131 odas\u0131. Yazd\u0131klar\u0131ndan k\u00fclt\u00fcrel ve toplumsal de\u011fi\u015fimin nabz\u0131n\u0131 tutmak m\u00fcmk\u00fcn. Ayc\u0131, yazd\u0131klar\u0131yla bir bak\u0131ma kendi etnografisinin de eksik taraflar\u0131n\u0131 tamaml\u0131yor.   Kahveden Gelir Sesi ise bug\u00fcne kadar \u00f6rne\u011fine rastlamad\u0131\u011f\u0131m\u0131 zenginlikte bir oto etnografi denemesi. On iki y\u0131ld\u0131r, ak\u015fam belli bir saatten sonra d\u00fczenli m\u00fcdavimi oldu\u011fu, oyun oynad\u0131\u011f\u0131 kahvenin nas\u0131l bir mek\u00e2n oldu\u011funu, dahas\u0131 mek\u00e2n\u0131n ruhunu, oyun arkada\u015flar\u0131n\u0131n oyundaki hallerini, oyunun hiyerar\u015fiyi s\u0131f\u0131rlayan \u00f6zelli\u011fini, kahve ve oyun argosunu, mek\u00e2n\u0131n arka odas\u0131nda, mek\u00e2nda ve mek\u00e2n d\u0131\u015f\u0131nda grup \u00fcyelerindeki dil de\u011fi\u015fimini, sosyalle\u015fmenin kahve merkezli boyutunu, t\u00fcrl\u00fc erkeklik hallerini, kat\u0131l\u0131ml\u0131 g\u00f6zlemi de a\u015fan bir derinlikte\/derinlikle Kahveden Gelir Sesi kitab\u0131ndan izlemek m\u00fcmk\u00fcn.   Kitap, oto etnografik merkezli olmas\u0131na ra\u011fmen sosyoloji ve antropoloji disiplinlerinin pek \u00e7ok alt dal\u0131n\u0131 ilgilendiren i\u00e7eri\u011fe sahip. Kaba dil ba\u011flam\u0131nda kitab\u0131n bir b\u00f6l\u00fcm\u00fcn\u00fc olu\u015fturan s\u00f6zl\u00fck, tek ba\u015f\u0131na bir Kahve Argosu S\u00f6zl\u00fc\u011f\u00fc olarak okunabilir. Kitaptan kent antropolojisi \u00e7al\u0131\u015fanlar kadar toplumsal cinsiyet \u00e7al\u0131\u015fanlar da rahatl\u0131kla istifade edebilir. Kitap, her y\u00f6n\u00fcyle bir \u015fair kaleminden \u00e7\u0131kt\u0131\u011f\u0131n\u0131 hissettiren ak\u0131c\u0131, sahici ve samimi bir dile sahip.<\/p>\n","protected":false},"excerpt":{"rendered":"<p>Mehmet Ayc\u0131, denemeden \u015fiire, kurmacadan ele\u015ftiriye, portreden de\u011finiye edebiyat\u0131n pek \u00e7ok alan\u0131nda eser veren bir yazar. \u0130nsan\u0131n dokundu\u011fu, kulland\u0131\u011f\u0131, g\u00f6zlemledi\u011fi, g\u00f6rd\u00fc\u011f\u00fc ve duydu\u011fu ne varsa yaz\u0131labilir<span class=\"excerpt-hellip\"> [\u2026]<\/span><\/p>\n","protected":false},"featured_media":0,"template":"","meta":{"_monsterinsights_skip_tracking":false,"_monsterinsights_sitenote_active":false,"_monsterinsights_sitenote_note":"","_monsterinsights_sitenote_category":0},"product_brand":[],"product_cat":[12777,12291],"product_tag":[],"class_list":{"0":"post-751777","1":"product","2":"type-product","3":"status-publish","5":"product_cat-deneme","6":"product_cat-edebiyat","7":"pa_cilt-ciltsiz","8":"pa_tur-kitap","9":"pa_yayinevi-idealkent-yayincilik","10":"pa_yazar-mehmet-ayci","12":"first","13":"instock","14":"sale","15":"shipping-taxable","16":"purchasable","17":"product-type-simple"},"_links":{"self":[{"href":"https:\/\/roveyayinevi.com.tr\/index.php\/wp-json\/wp\/v2\/product\/751777","targetHints":{"allow":["GET"]}}],"collection":[{"href":"https:\/\/roveyayinevi.com.tr\/index.php\/wp-json\/wp\/v2\/product"}],"about":[{"href":"https:\/\/roveyayinevi.com.tr\/index.php\/wp-json\/wp\/v2\/types\/product"}],"wp:attachment":[{"href":"https:\/\/roveyayinevi.com.tr\/index.php\/wp-json\/wp\/v2\/media?parent=751777"}],"wp:term":[{"taxonomy":"product_brand","embeddable":true,"href":"https:\/\/roveyayinevi.com.tr\/index.php\/wp-json\/wp\/v2\/product_brand?post=751777"},{"taxonomy":"product_cat","embeddable":true,"href":"https:\/\/roveyayinevi.com.tr\/index.php\/wp-json\/wp\/v2\/product_cat?post=751777"},{"taxonomy":"product_tag","embeddable":true,"href":"https:\/\/roveyayinevi.com.tr\/index.php\/wp-json\/wp\/v2\/product_tag?post=751777"}],"curies":[{"name":"wp","href":"https:\/\/api.w.org\/{rel}","templated":true}]}}