{"id":751776,"date":"2025-08-28T04:58:14","date_gmt":"2025-08-28T01:58:14","guid":{"rendered":"https:\/\/roveyayinevi.com.tr\/index.php\/urun\/ankaranin-adi-var\/"},"modified":"2026-04-16T03:05:25","modified_gmt":"2026-04-16T00:05:25","slug":"ankaranin-adi-var","status":"publish","type":"product","link":"https:\/\/roveyayinevi.com.tr\/index.php\/urun\/ankaranin-adi-var\/","title":{"rendered":"Ankara\u2019n\u0131n Ad\u0131 var"},"content":{"rendered":"<p>Kar Ankara\u2019ya ne yapar? Hac\u0131 Bayram, Kocatepe, Maltepe camilerinden, bir mahalle mescidinden kalkan cenazeyi u\u011furlayanlar hangi y\u00f6nleriyle birbirinden farkl\u0131d\u0131r? \u201c06\u201d plakas\u0131 ba\u015fka kentlerde ne \u00e7a\u011fr\u0131\u015ft\u0131r\u0131r? K\u0131z\u0131lay\u2019a neden inilir? Bah\u00e7eli\u2019de y\u00fcr\u00fcmek nas\u0131l bir \u015feydir? Ankara\u2019n\u0131n sonbahar\u0131 nas\u0131ld\u0131r? K\u00e2\u011f\u0131t mendilciler, sokak m\u00fczisyenleri, dilenciler, kitap\u00e7\u0131lar kente ne katar? Ankara resm\u00ee midir? Mart\u0131lar Ankara\u2019ya nereden gelir? Ankara Ramazan\u2019\u0131 nas\u0131l ge\u00e7irir? Mehmet Ayc\u0131, 30 y\u0131l\u0131 a\u015fan \u201cAnkaral\u0131\u201d kimli\u011fiyle kente g\u00f6z hizas\u0131ndan bak\u0131yor. Al\u0131\u015f\u0131lm\u0131\u015f kent kitaplar\u0131ndan farkl\u0131 olarak, g\u00fcndelik hayattan k\u00fclt\u00fcrel ve sosyal de\u011fi\u015fimin izlerini s\u00fcr\u00fcyor. Ahmet Rasim\u2019in E\u015fkal-i Zaman ve \u015eehir Mektuplar\u0131 kitaplar\u0131nda yapt\u0131\u011f\u0131n\u0131 daha i\u00e7eriden ve daha i\u00e7selle\u015ftirerek, ya\u015fad\u0131\u011f\u0131 kentin hallerine tan\u0131k ve terc\u00fcman oluyor. Edebiyat\u0131n pek \u00e7ok alan\u0131nda usta i\u015fi eserler veren, denemede kendine ait bir dil geli\u015ftiren Ayc\u0131\u2019n\u0131n bu kitab\u0131, onun geni\u015f ilgilerinin bir verimi olarak okunabilir. \u015eairli\u011finin ve denemecili\u011finin g\u00fcc\u00fcn\u00fc kent yaz\u0131lar\u0131nda da kullanan Ayc\u0131\u2019n\u0131n fark\u0131nda olmad\u0131\u011f\u0131m\u0131z, s\u0131radan buldu\u011fumuz ayr\u0131nt\u0131lardaki zenginli\u011fi, kentin bizimle de\u011fi\u015fen hallerini kitapla\u015ft\u0131rmas\u0131, kent edebiyat\u0131m\u0131z i\u00e7in oldu\u011fu kadar Ankara kitapl\u0131\u011f\u0131 i\u00e7in de bir kazan\u00e7\u2026 Kitaptaki metinler, g\u00fcndelik hayat\u0131n tarihi, k\u00fclt\u00fcr tarihi, mek\u00e2n sosyolojisi ve kent antropolojisi \u00e7al\u0131\u015fanlar i\u00e7in yeni imk\u00e2nlar ve bak\u0131\u015f a\u00e7\u0131lar\u0131 sunuyor. Deneme olsalar bile\u2026<\/p>\n","protected":false},"excerpt":{"rendered":"<p>Kar Ankara\u2019ya ne yapar? Hac\u0131 Bayram, Kocatepe, Maltepe camilerinden, bir mahalle mescidinden kalkan cenazeyi u\u011furlayanlar hangi y\u00f6nleriyle birbirinden farkl\u0131d\u0131r? \u201c06\u201d plakas\u0131 ba\u015fka kentlerde ne \u00e7a\u011fr\u0131\u015ft\u0131r\u0131r? K\u0131z\u0131lay\u2019a<span class=\"excerpt-hellip\"> [\u2026]<\/span><\/p>\n","protected":false},"featured_media":0,"template":"","meta":{"_monsterinsights_skip_tracking":false,"_monsterinsights_sitenote_active":false,"_monsterinsights_sitenote_note":"","_monsterinsights_sitenote_category":0},"product_brand":[],"product_cat":[13054,24413],"product_tag":[],"class_list":{"0":"post-751776","1":"product","2":"type-product","3":"status-publish","5":"product_cat-gezi-ve-rehber-kitaplari","6":"product_cat-kent-rehberleri","7":"pa_cilt-ciltsiz","8":"pa_tur-kitap","9":"pa_yayinevi-idealkent-yayincilik","10":"pa_yazar-mehmet-ayci","12":"first","13":"instock","14":"sale","15":"shipping-taxable","16":"purchasable","17":"product-type-simple"},"_links":{"self":[{"href":"https:\/\/roveyayinevi.com.tr\/index.php\/wp-json\/wp\/v2\/product\/751776","targetHints":{"allow":["GET"]}}],"collection":[{"href":"https:\/\/roveyayinevi.com.tr\/index.php\/wp-json\/wp\/v2\/product"}],"about":[{"href":"https:\/\/roveyayinevi.com.tr\/index.php\/wp-json\/wp\/v2\/types\/product"}],"wp:attachment":[{"href":"https:\/\/roveyayinevi.com.tr\/index.php\/wp-json\/wp\/v2\/media?parent=751776"}],"wp:term":[{"taxonomy":"product_brand","embeddable":true,"href":"https:\/\/roveyayinevi.com.tr\/index.php\/wp-json\/wp\/v2\/product_brand?post=751776"},{"taxonomy":"product_cat","embeddable":true,"href":"https:\/\/roveyayinevi.com.tr\/index.php\/wp-json\/wp\/v2\/product_cat?post=751776"},{"taxonomy":"product_tag","embeddable":true,"href":"https:\/\/roveyayinevi.com.tr\/index.php\/wp-json\/wp\/v2\/product_tag?post=751776"}],"curies":[{"name":"wp","href":"https:\/\/api.w.org\/{rel}","templated":true}]}}