{"id":751771,"date":"2025-08-28T04:58:06","date_gmt":"2025-08-28T01:58:06","guid":{"rendered":"https:\/\/roveyayinevi.com.tr\/index.php\/urun\/mileva\/"},"modified":"2026-04-16T03:05:25","modified_gmt":"2026-04-16T00:05:25","slug":"mileva","status":"publish","type":"product","link":"https:\/\/roveyayinevi.com.tr\/index.php\/urun\/mileva\/","title":{"rendered":"Mileva"},"content":{"rendered":"<p>Atomu par\u00e7alayan d\u00fcnyaca \u00fcnl\u00fc fizik\u00e7i Albert Einstein, kesinlikle s\u0131ra d\u0131\u015f\u0131 bir insand\u0131. \u00d6zel ya\u015fam\u0131 ilgin\u00e7 ve renkliydi. \u00c7ocukluk ve gen\u00e7lik y\u0131llar\u0131 \u00e7alkant\u0131 i\u00e7inde ge\u00e7ti. E\u011fitim hayat\u0131 boyunca asi ve dik ba\u015fl\u0131yd\u0131, bunun sonucunda da \u00f6\u011fretmenleri taraf\u0131ndan pek sevilmiyordu. Yarat\u0131c\u0131 olmak i\u00e7in belki de uyumsuz olmak gerekiyordu. Kat\u0131 disiplinden saplant\u0131 derecesinde nefret eden ve matemati\u011fin kat\u0131 g\u00fczelli\u011finden b\u00fcy\u00fclenmi\u015f biriydi. Kendi do\u011frular\u0131n\u0131 ya\u015famaktan ve ifade etmekten hi\u00e7bir zaman geri durmad\u0131.   Einstein\u2019\u0131n g\u00f6lgesinde kalan ilk e\u015fi Mileva Maric\u2019i ise hi\u00e7 tan\u0131m\u0131yoruz. Mileva, Einstein\u2019\u0131n biyografisinin gen\u00e7lik y\u0131llar\u0131n\u0131n \u00f6nemsiz bir g\u00f6lgesi de\u011fildi, ba\u015fl\u0131 ba\u015f\u0131na b\u00fcy\u00fcleyici bir karakterdi. 20. y\u00fczy\u0131l\u0131n ba\u015f\u0131nda erkeklerin egemenli\u011fi alt\u0131ndaki bilim d\u00fcnyas\u0131na girmek isteyen ve onlarla rekabet eden gen\u00e7, cesur ve topal bir kad\u0131nd\u0131. Tarihte hak etti\u011fi yeri alamayan ve tarihin derinliklerinde karanl\u0131kta kalm\u0131\u015f bu fig\u00fcr\u00fc ara\u015ft\u0131rmak ve bilinmeyenin \u00fczerindeki topra\u011f\u0131 kaz\u0131mak benim i\u00e7in de\u011ferliydi.   Bu kitap, Einstein\u2019\u0131n Mileva\u2019ya olan a\u015fk\u0131n\u0131 ve sonras\u0131nda bu a\u015fk\u0131 atomu par\u00e7alad\u0131\u011f\u0131 gibi nas\u0131l par\u00e7alad\u0131\u011f\u0131n\u0131, Mileva\u2019n\u0131n erkek egemen bir toplumda ya\u015fad\u0131\u011f\u0131 zorluklar\u0131 ve yetene\u011finin nas\u0131l heba olup gitti\u011fini anlat\u0131yor. Bu kitab\u0131 yazarken insan do\u011fas\u0131n\u0131 oldu\u011fu gibi yans\u0131tmay\u0131 ve sizlere keyifli bir okuma deneyimi ya\u015fatmay\u0131 hedefledim.<\/p>\n","protected":false},"excerpt":{"rendered":"<p>Atomu par\u00e7alayan d\u00fcnyaca \u00fcnl\u00fc fizik\u00e7i Albert Einstein, kesinlikle s\u0131ra d\u0131\u015f\u0131 bir insand\u0131. \u00d6zel ya\u015fam\u0131 ilgin\u00e7 ve renkliydi. \u00c7ocukluk ve gen\u00e7lik y\u0131llar\u0131 \u00e7alkant\u0131 i\u00e7inde ge\u00e7ti. E\u011fitim hayat\u0131<span class=\"excerpt-hellip\"> [\u2026]<\/span><\/p>\n","protected":false},"featured_media":0,"template":"","meta":{"_monsterinsights_skip_tracking":false,"_monsterinsights_sitenote_active":false,"_monsterinsights_sitenote_note":"","_monsterinsights_sitenote_category":0},"product_brand":[],"product_cat":[12291,12711],"product_tag":[],"class_list":{"0":"post-751771","1":"product","2":"type-product","3":"status-publish","5":"product_cat-edebiyat","6":"product_cat-roman-oyku","7":"pa_cilt-ciltsiz","8":"pa_tur-kitap","9":"pa_yayinevi-luna-yayinlari","10":"pa_yazar-feyami-can","12":"first","13":"instock","14":"sale","15":"shipping-taxable","16":"purchasable","17":"product-type-simple"},"_links":{"self":[{"href":"https:\/\/roveyayinevi.com.tr\/index.php\/wp-json\/wp\/v2\/product\/751771","targetHints":{"allow":["GET"]}}],"collection":[{"href":"https:\/\/roveyayinevi.com.tr\/index.php\/wp-json\/wp\/v2\/product"}],"about":[{"href":"https:\/\/roveyayinevi.com.tr\/index.php\/wp-json\/wp\/v2\/types\/product"}],"wp:attachment":[{"href":"https:\/\/roveyayinevi.com.tr\/index.php\/wp-json\/wp\/v2\/media?parent=751771"}],"wp:term":[{"taxonomy":"product_brand","embeddable":true,"href":"https:\/\/roveyayinevi.com.tr\/index.php\/wp-json\/wp\/v2\/product_brand?post=751771"},{"taxonomy":"product_cat","embeddable":true,"href":"https:\/\/roveyayinevi.com.tr\/index.php\/wp-json\/wp\/v2\/product_cat?post=751771"},{"taxonomy":"product_tag","embeddable":true,"href":"https:\/\/roveyayinevi.com.tr\/index.php\/wp-json\/wp\/v2\/product_tag?post=751771"}],"curies":[{"name":"wp","href":"https:\/\/api.w.org\/{rel}","templated":true}]}}