{"id":751769,"date":"2025-08-28T04:58:02","date_gmt":"2025-08-28T01:58:02","guid":{"rendered":"https:\/\/roveyayinevi.com.tr\/index.php\/urun\/akli-kayip-adam\/"},"modified":"2026-04-16T03:05:25","modified_gmt":"2026-04-16T00:05:25","slug":"akli-kayip-adam","status":"publish","type":"product","link":"https:\/\/roveyayinevi.com.tr\/index.php\/urun\/akli-kayip-adam\/","title":{"rendered":"Akl\u0131 Kay\u0131p Adam"},"content":{"rendered":"<p>Biraz g\u00fcl\u00fcmsedikten sonra \u00d6mer giri\u015fti konuya:   \u201cDostlar\u0131m, zaman\u0131n i\u00e7inde kaybolmaktan ba\u015fka bir i\u015fe yaram\u0131yoruz. Ac\u0131 i\u00e7inde k\u0131vranarak \u00f6l\u00fcp gidiyoruz. Her \u015fey d\u00fcn ile yar\u0131n aras\u0131nda. Ne d\u00fcne sahibiz ne yar\u0131na. \u0130kisini de d\u00fc\u015f\u00fcnmek sadece aptall\u0131kt\u0131r. Mutsuzlu\u011fun temel kayna\u011f\u0131 ne biliyor musunuz, sonun belli oldu\u011funu d\u00fc\u015f\u00fcnmek. D\u00fcnyada mutlu olmak istiyorsan, ya\u015famaya de\u011fer verip tad\u0131n\u0131 \u00e7\u0131karacaks\u0131n.\u201d   \u201cMutlu olmak da mutsuz olmak da bu hayat\u0131n bir par\u00e7as\u0131, bunlar\u0131 kabullenmek gerek,\u201d dedi Murat.<\/p>\n","protected":false},"excerpt":{"rendered":"<p>Biraz g\u00fcl\u00fcmsedikten sonra \u00d6mer giri\u015fti konuya: \u201cDostlar\u0131m, zaman\u0131n i\u00e7inde kaybolmaktan ba\u015fka bir i\u015fe yaram\u0131yoruz. Ac\u0131 i\u00e7inde k\u0131vranarak \u00f6l\u00fcp gidiyoruz. Her \u015fey d\u00fcn ile yar\u0131n aras\u0131nda. Ne<span class=\"excerpt-hellip\"> [\u2026]<\/span><\/p>\n","protected":false},"featured_media":0,"template":"","meta":{"_monsterinsights_skip_tracking":false,"_monsterinsights_sitenote_active":false,"_monsterinsights_sitenote_note":"","_monsterinsights_sitenote_category":0},"product_brand":[],"product_cat":[12291,18202],"product_tag":[],"class_list":{"0":"post-751769","1":"product","2":"type-product","3":"status-publish","5":"product_cat-edebiyat","6":"product_cat-hikaye","7":"pa_cilt-ciltsiz","8":"pa_tur-kitap","9":"pa_yayinevi-luna-yayinlari","10":"pa_yazar-etem-can-dogan","12":"first","13":"instock","14":"sale","15":"shipping-taxable","16":"purchasable","17":"product-type-simple"},"_links":{"self":[{"href":"https:\/\/roveyayinevi.com.tr\/index.php\/wp-json\/wp\/v2\/product\/751769","targetHints":{"allow":["GET"]}}],"collection":[{"href":"https:\/\/roveyayinevi.com.tr\/index.php\/wp-json\/wp\/v2\/product"}],"about":[{"href":"https:\/\/roveyayinevi.com.tr\/index.php\/wp-json\/wp\/v2\/types\/product"}],"wp:attachment":[{"href":"https:\/\/roveyayinevi.com.tr\/index.php\/wp-json\/wp\/v2\/media?parent=751769"}],"wp:term":[{"taxonomy":"product_brand","embeddable":true,"href":"https:\/\/roveyayinevi.com.tr\/index.php\/wp-json\/wp\/v2\/product_brand?post=751769"},{"taxonomy":"product_cat","embeddable":true,"href":"https:\/\/roveyayinevi.com.tr\/index.php\/wp-json\/wp\/v2\/product_cat?post=751769"},{"taxonomy":"product_tag","embeddable":true,"href":"https:\/\/roveyayinevi.com.tr\/index.php\/wp-json\/wp\/v2\/product_tag?post=751769"}],"curies":[{"name":"wp","href":"https:\/\/api.w.org\/{rel}","templated":true}]}}