{"id":751768,"date":"2025-08-28T04:58:00","date_gmt":"2025-08-28T01:58:00","guid":{"rendered":"https:\/\/roveyayinevi.com.tr\/index.php\/urun\/ikinci-durak\/"},"modified":"2026-04-16T03:05:25","modified_gmt":"2026-04-16T00:05:25","slug":"ikinci-durak","status":"publish","type":"product","link":"https:\/\/roveyayinevi.com.tr\/index.php\/urun\/ikinci-durak\/","title":{"rendered":"\u0130kinci Durak"},"content":{"rendered":"<p>Ya\u015fam\u0131n i\u00e7inden h\u0131zla gelip ge\u00e7en insan\u0131n, bir an i\u00e7in durup geriye bakt\u0131\u011f\u0131 yerdir \u0130kinci Durak.   D\u00fczenin, hem i\u015f birlik\u00e7isi hem de muhalifini \u00f6\u011f\u00fct\u00fcp att\u0131\u011f\u0131 yerdir \u0130kinci Durak.   Kalabal\u0131k i\u00e7inde bir yaln\u0131zl\u0131k, yo\u011funluk sonras\u0131 bir geri \u00e7ekilme, beyhude \u00e7abalar\u0131n sergilendi\u011fi bir yer de olabilir \u0130kinci Durak.   Ancak biliriz ki, \u201cson durak\u201dtan bir \u00f6ncekidir \u0130kinci Durak ve buradaki suskunlu\u011fun nedeni de, i\u015fte bunun fark\u0131na var\u0131lmas\u0131d\u0131r.<\/p>\n","protected":false},"excerpt":{"rendered":"<p>Ya\u015fam\u0131n i\u00e7inden h\u0131zla gelip ge\u00e7en insan\u0131n, bir an i\u00e7in durup geriye bakt\u0131\u011f\u0131 yerdir \u0130kinci Durak. D\u00fczenin, hem i\u015f birlik\u00e7isi hem de muhalifini \u00f6\u011f\u00fct\u00fcp att\u0131\u011f\u0131 yerdir \u0130kinci<span class=\"excerpt-hellip\"> [\u2026]<\/span><\/p>\n","protected":false},"featured_media":0,"template":"","meta":{"_monsterinsights_skip_tracking":false,"_monsterinsights_sitenote_active":false,"_monsterinsights_sitenote_note":"","_monsterinsights_sitenote_category":0},"product_brand":[],"product_cat":[12291,12711],"product_tag":[],"class_list":{"0":"post-751768","1":"product","2":"type-product","3":"status-publish","5":"product_cat-edebiyat","6":"product_cat-roman-oyku","7":"pa_cilt-ciltsiz","8":"pa_tur-kitap","9":"pa_yayinevi-luna-yayinlari","10":"pa_yazar-orhan-aydin","12":"first","13":"instock","14":"sale","15":"shipping-taxable","16":"purchasable","17":"product-type-simple"},"_links":{"self":[{"href":"https:\/\/roveyayinevi.com.tr\/index.php\/wp-json\/wp\/v2\/product\/751768","targetHints":{"allow":["GET"]}}],"collection":[{"href":"https:\/\/roveyayinevi.com.tr\/index.php\/wp-json\/wp\/v2\/product"}],"about":[{"href":"https:\/\/roveyayinevi.com.tr\/index.php\/wp-json\/wp\/v2\/types\/product"}],"wp:attachment":[{"href":"https:\/\/roveyayinevi.com.tr\/index.php\/wp-json\/wp\/v2\/media?parent=751768"}],"wp:term":[{"taxonomy":"product_brand","embeddable":true,"href":"https:\/\/roveyayinevi.com.tr\/index.php\/wp-json\/wp\/v2\/product_brand?post=751768"},{"taxonomy":"product_cat","embeddable":true,"href":"https:\/\/roveyayinevi.com.tr\/index.php\/wp-json\/wp\/v2\/product_cat?post=751768"},{"taxonomy":"product_tag","embeddable":true,"href":"https:\/\/roveyayinevi.com.tr\/index.php\/wp-json\/wp\/v2\/product_tag?post=751768"}],"curies":[{"name":"wp","href":"https:\/\/api.w.org\/{rel}","templated":true}]}}