{"id":751766,"date":"2025-08-28T04:57:57","date_gmt":"2025-08-28T01:57:57","guid":{"rendered":"https:\/\/roveyayinevi.com.tr\/index.php\/urun\/sehirde-kose-bucak\/"},"modified":"2026-04-16T03:05:25","modified_gmt":"2026-04-16T00:05:25","slug":"sehirde-kose-bucak","status":"publish","type":"product","link":"https:\/\/roveyayinevi.com.tr\/index.php\/urun\/sehirde-kose-bucak\/","title":{"rendered":"\u015eehirde K\u00f6\u015fe Bucak"},"content":{"rendered":"<p>Cahit Zarifo\u011flu\u2019nun daha \u00f6nce kitapla\u015ft\u0131r\u0131lmam\u0131\u015f yaz\u0131lar\u0131n\u0131n yer ald\u0131\u011f\u0131 bu eser, onun ilk gen\u00e7lik y\u0131llar\u0131nda, hen\u00fcz on yedi, on sekiz ya\u015flar\u0131nda Demokrasiye Hizmet, Gen\u00e7lik ve Engizek gibi mahalli gazetelerde heyecanla yazd\u0131\u011f\u0131 yaz\u0131lar\u0131n bir araya getirilmesiyle ortaya \u00e7\u0131k\u0131yor.   Gen\u00e7 \u015fair, okurlar\u0131n\u0131 Mara\u015f\u2019\u0131n sokaklar\u0131n\u0131n, \u00e7ocuklar\u0131n\u0131n, gen\u00e7lerinin, ihtiyarlar\u0131n\u0131n, geleneklerinin aras\u0131ndan ge\u00e7irerek \u015fehrin damarlar\u0131nda dola\u015ft\u0131r\u0131yor. Daha o ya\u015flarda \u015fehrin ruhunun pe\u015fine d\u00fc\u015fen Zarifo\u011flu, \u015eehirde K\u00f6\u015fe Bucak\u2019ta, 1950\u2019li y\u0131llar\u0131n Mara\u015f\u2019\u0131n\u0131n sosyal ve k\u00fclt\u00fcrel meselelerine e\u011filiyor, \u00e7ocuk ve gen\u00e7lerin ilgilerini sorguluyor, \u015fehrin meydan\u0131na yap\u0131lan \u00e7i\u00e7ek tarhlar\u0131n\u0131n g\u00fczelli\u011fine dikkat \u00e7ekiyor, tarihi dokusunun yitip gitmesini \u00fcz\u00fcnt\u00fcyle kar\u015f\u0131l\u0131yor ve belki de b\u00f6ylece onu ileride T\u00fcrk \u015fiirinin y\u0131ld\u0131zlar\u0131 aras\u0131na yerle\u015ftirecek o kendine has imgeler evrenini de kurmaya ba\u015fl\u0131yor.   \u015eehir uyuyor, \u015fair uyumuyor, y\u00fcr\u00fcyor, g\u00f6r\u00fcyor ve yaz\u0131yor: Bu katarlar durmaks\u0131z\u0131n gider. Yollar, -insanlar\u0131n aln\u0131ndaki gibi- iki kara \u00e7izik. U\u011furlayan\u0131 olmayanlardan biri, uyur uyan\u0131r, bunlar\u0131 d\u00fc\u015f\u00fcn\u00fcr.<\/p>\n","protected":false},"excerpt":{"rendered":"<p>Cahit Zarifo\u011flu\u2019nun daha \u00f6nce kitapla\u015ft\u0131r\u0131lmam\u0131\u015f yaz\u0131lar\u0131n\u0131n yer ald\u0131\u011f\u0131 bu eser, onun ilk gen\u00e7lik y\u0131llar\u0131nda, hen\u00fcz on yedi, on sekiz ya\u015flar\u0131nda Demokrasiye Hizmet, Gen\u00e7lik ve Engizek gibi<span class=\"excerpt-hellip\"> [\u2026]<\/span><\/p>\n","protected":false},"featured_media":0,"template":"","meta":{"_monsterinsights_skip_tracking":false,"_monsterinsights_sitenote_active":false,"_monsterinsights_sitenote_note":"","_monsterinsights_sitenote_category":0},"product_brand":[],"product_cat":[12777,12291],"product_tag":[],"class_list":{"0":"post-751766","1":"product","2":"type-product","3":"status-publish","5":"product_cat-deneme","6":"product_cat-edebiyat","7":"pa_cilt-ciltsiz","8":"pa_tur-kitap","9":"pa_yayinevi-ketebe-yayinlari","10":"pa_yazar-cahit-zarifoglu","12":"first","13":"instock","14":"sale","15":"shipping-taxable","16":"purchasable","17":"product-type-simple"},"_links":{"self":[{"href":"https:\/\/roveyayinevi.com.tr\/index.php\/wp-json\/wp\/v2\/product\/751766","targetHints":{"allow":["GET"]}}],"collection":[{"href":"https:\/\/roveyayinevi.com.tr\/index.php\/wp-json\/wp\/v2\/product"}],"about":[{"href":"https:\/\/roveyayinevi.com.tr\/index.php\/wp-json\/wp\/v2\/types\/product"}],"wp:attachment":[{"href":"https:\/\/roveyayinevi.com.tr\/index.php\/wp-json\/wp\/v2\/media?parent=751766"}],"wp:term":[{"taxonomy":"product_brand","embeddable":true,"href":"https:\/\/roveyayinevi.com.tr\/index.php\/wp-json\/wp\/v2\/product_brand?post=751766"},{"taxonomy":"product_cat","embeddable":true,"href":"https:\/\/roveyayinevi.com.tr\/index.php\/wp-json\/wp\/v2\/product_cat?post=751766"},{"taxonomy":"product_tag","embeddable":true,"href":"https:\/\/roveyayinevi.com.tr\/index.php\/wp-json\/wp\/v2\/product_tag?post=751766"}],"curies":[{"name":"wp","href":"https:\/\/api.w.org\/{rel}","templated":true}]}}