{"id":751764,"date":"2025-08-28T04:57:53","date_gmt":"2025-08-28T01:57:53","guid":{"rendered":"https:\/\/roveyayinevi.com.tr\/index.php\/urun\/ittihat-ve-terakkinin-kucuk-efendisi-kara-kemal\/"},"modified":"2026-04-16T03:05:25","modified_gmt":"2026-04-16T00:05:25","slug":"ittihat-ve-terakkinin-kucuk-efendisi-kara-kemal","status":"publish","type":"product","link":"https:\/\/roveyayinevi.com.tr\/index.php\/urun\/ittihat-ve-terakkinin-kucuk-efendisi-kara-kemal\/","title":{"rendered":"\u0130ttihat ve Terakki&#8217;nin K\u00fc\u00e7\u00fck Efendisi Kara Kemal"},"content":{"rendered":"<p>\u0130ttihat ve Terakki Cemiyeti, siyasi ve sosyolojik olarak pek \u00e7ok tahlilin konusu olmu\u015ftur. Romantik de\u011ferlendirmeler ve te\u015fhisler her ne kadar T\u00fcrk edebiyat\u0131n\u0131n i\u015ftigal alan\u0131 olsa da \u00f6m\u00fcrlerinin hat\u0131r\u0131 say\u0131l\u0131r bir d\u00f6nemini devlet kadrolar\u0131nda m\u00fchim vazifelerde ve cephelerde ge\u00e7iren \u015fahsiyetlerin h\u00e2let-i r\u00fbhiyelerini anlamak kolay olmasa gerek. \u0130ttihat ve Terakki\u2019nin K\u00fc\u00e7\u00fck Efendisi Kara Kemal de hem cemiyet i\u00e7erisinde perde arkas\u0131nda \u00f6nemli bir yer tutarken hem de mill\u00ee iktisat uygulamalar\u0131nda sermaye te\u015fekk\u00fcl\u00fc ve T\u00fcrk unsurun ticari hayata dahli konusunda sorumluluk alan ve faaliyete ge\u00e7en m\u00fchim bir isimdir. Bu faaliyetler, Tar\u0131k Zafer Tunaya\u2019n\u0131n deyimiyle Cumhuriyet\u2019in \u201csiyasi laboratuvar\u0131\u201d olan II. Me\u015frutiyet d\u00f6nemi ve o d\u00f6nemin mimar\u0131 \u0130ttihat ve Terakki Cemiyetinin, Cumhuriyet\u2019e aktar\u0131mlar\u0131n\u0131n iktisadi ve\u00e7hesini te\u015fkil etmektedir.<\/p>\n","protected":false},"excerpt":{"rendered":"<p>\u0130ttihat ve Terakki Cemiyeti, siyasi ve sosyolojik olarak pek \u00e7ok tahlilin konusu olmu\u015ftur. Romantik de\u011ferlendirmeler ve te\u015fhisler her ne kadar T\u00fcrk edebiyat\u0131n\u0131n i\u015ftigal alan\u0131 olsa da<span class=\"excerpt-hellip\"> [\u2026]<\/span><\/p>\n","protected":false},"featured_media":0,"template":"","meta":{"_monsterinsights_skip_tracking":false,"_monsterinsights_sitenote_active":false,"_monsterinsights_sitenote_note":"","_monsterinsights_sitenote_category":0},"product_brand":[],"product_cat":[12370,12304],"product_tag":[],"class_list":{"0":"post-751764","1":"product","2":"type-product","3":"status-publish","5":"product_cat-arastirma-inceleme","6":"product_cat-tarih","7":"pa_cilt-ciltsiz","8":"pa_tur-kitap","9":"pa_yayinevi-otuken-nesriyat","10":"pa_yazar-alperen-gokce","12":"first","13":"instock","14":"sale","15":"shipping-taxable","16":"purchasable","17":"product-type-simple"},"_links":{"self":[{"href":"https:\/\/roveyayinevi.com.tr\/index.php\/wp-json\/wp\/v2\/product\/751764","targetHints":{"allow":["GET"]}}],"collection":[{"href":"https:\/\/roveyayinevi.com.tr\/index.php\/wp-json\/wp\/v2\/product"}],"about":[{"href":"https:\/\/roveyayinevi.com.tr\/index.php\/wp-json\/wp\/v2\/types\/product"}],"wp:attachment":[{"href":"https:\/\/roveyayinevi.com.tr\/index.php\/wp-json\/wp\/v2\/media?parent=751764"}],"wp:term":[{"taxonomy":"product_brand","embeddable":true,"href":"https:\/\/roveyayinevi.com.tr\/index.php\/wp-json\/wp\/v2\/product_brand?post=751764"},{"taxonomy":"product_cat","embeddable":true,"href":"https:\/\/roveyayinevi.com.tr\/index.php\/wp-json\/wp\/v2\/product_cat?post=751764"},{"taxonomy":"product_tag","embeddable":true,"href":"https:\/\/roveyayinevi.com.tr\/index.php\/wp-json\/wp\/v2\/product_tag?post=751764"}],"curies":[{"name":"wp","href":"https:\/\/api.w.org\/{rel}","templated":true}]}}