{"id":751763,"date":"2025-08-28T04:57:51","date_gmt":"2025-08-28T01:57:51","guid":{"rendered":"https:\/\/roveyayinevi.com.tr\/index.php\/urun\/bir-kelime-daha\/"},"modified":"2026-04-16T03:05:25","modified_gmt":"2026-04-16T00:05:25","slug":"bir-kelime-daha","status":"publish","type":"product","link":"https:\/\/roveyayinevi.com.tr\/index.php\/urun\/bir-kelime-daha\/","title":{"rendered":"Bir Kelime Daha"},"content":{"rendered":"<p>Bir Kelime Daha, Zarifo\u011flu\u2019nun Mavera, Yeni Devir ve Mill\u00ee Gazete gibi su\u0308reli yay\u0131nlarda kaleme ald\u0131\u011f\u0131, edebiyat konulu yaz\u0131lardan olu\u015fuyor.   Cahit Zarifo\u011flu Bir Kelime Daha\u2019da, elinde yazar olman\u0131n bir re\u00e7etesinin olmad\u0131\u011f\u0131n\u0131 s\u00f6ylese de \u015fiire, \u015fiirin nas\u0131l yaz\u0131labilece\u011fine ve yaz\u0131lamayaca\u011f\u0131na, roman\u0131n mahiyetine ve kurmacan\u0131n olu\u015fumuna dikkat \u00e7ekerken di\u011fer yandan s\u00fcreli yay\u0131nlara ve edebiyat ili\u015fkilerine de\u011finiyor, \u00f6nemli eserleri ve yazarlar\u0131 irdeliyor.   Bu kitap; \u015fairin \u015fiire, edebiyata ve sanata nas\u0131l bakt\u0131\u011f\u0131n\u0131 ortaya koyuyor, metinlerindeki fikirsel arka plan\u0131 ve d\u00fc\u015f\u00fcnsel tavr\u0131 anlamaya yard\u0131mc\u0131 oluyor. Bir Kelime Daha, \u015f\u00fcphesiz onun ba\u015fta \u015fiirleri olmak u\u0308zere, metinlerinin u\u00e7suz bucaks\u0131z okyanusuna do\u011fru a\u00e7\u0131l\u0131yor. \u00c7\u00fcnk\u00fc bu yaz\u0131larla \u015fair, yine onun ifadeleriyle s\u00f6yleyecek olursak okurlar\u0131na c\u00f6mert\u00e7e \u201cbir kelime daha uzat\u0131yor\u201d.<\/p>\n","protected":false},"excerpt":{"rendered":"<p>Bir Kelime Daha, Zarifo\u011flu\u2019nun Mavera, Yeni Devir ve Mill\u00ee Gazete gibi su\u0308reli yay\u0131nlarda kaleme ald\u0131\u011f\u0131, edebiyat konulu yaz\u0131lardan olu\u015fuyor. Cahit Zarifo\u011flu Bir Kelime Daha\u2019da, elinde yazar<span class=\"excerpt-hellip\"> [\u2026]<\/span><\/p>\n","protected":false},"featured_media":0,"template":"","meta":{"_monsterinsights_skip_tracking":false,"_monsterinsights_sitenote_active":false,"_monsterinsights_sitenote_note":"","_monsterinsights_sitenote_category":0},"product_brand":[],"product_cat":[12777,12291],"product_tag":[],"class_list":{"0":"post-751763","1":"product","2":"type-product","3":"status-publish","5":"product_cat-deneme","6":"product_cat-edebiyat","7":"pa_cilt-ciltsiz","8":"pa_tur-kitap","9":"pa_yayinevi-ketebe-yayinlari","10":"pa_yazar-cahit-zarifoglu","12":"first","13":"instock","14":"sale","15":"shipping-taxable","16":"purchasable","17":"product-type-simple"},"_links":{"self":[{"href":"https:\/\/roveyayinevi.com.tr\/index.php\/wp-json\/wp\/v2\/product\/751763","targetHints":{"allow":["GET"]}}],"collection":[{"href":"https:\/\/roveyayinevi.com.tr\/index.php\/wp-json\/wp\/v2\/product"}],"about":[{"href":"https:\/\/roveyayinevi.com.tr\/index.php\/wp-json\/wp\/v2\/types\/product"}],"wp:attachment":[{"href":"https:\/\/roveyayinevi.com.tr\/index.php\/wp-json\/wp\/v2\/media?parent=751763"}],"wp:term":[{"taxonomy":"product_brand","embeddable":true,"href":"https:\/\/roveyayinevi.com.tr\/index.php\/wp-json\/wp\/v2\/product_brand?post=751763"},{"taxonomy":"product_cat","embeddable":true,"href":"https:\/\/roveyayinevi.com.tr\/index.php\/wp-json\/wp\/v2\/product_cat?post=751763"},{"taxonomy":"product_tag","embeddable":true,"href":"https:\/\/roveyayinevi.com.tr\/index.php\/wp-json\/wp\/v2\/product_tag?post=751763"}],"curies":[{"name":"wp","href":"https:\/\/api.w.org\/{rel}","templated":true}]}}