{"id":751762,"date":"2025-08-28T04:57:49","date_gmt":"2025-08-28T01:57:49","guid":{"rendered":"https:\/\/roveyayinevi.com.tr\/index.php\/urun\/yadinda-mi-o-gunler\/"},"modified":"2026-04-16T03:05:25","modified_gmt":"2026-04-16T00:05:25","slug":"yadinda-mi-o-gunler","status":"publish","type":"product","link":"https:\/\/roveyayinevi.com.tr\/index.php\/urun\/yadinda-mi-o-gunler\/","title":{"rendered":"Yad\u0131nda m\u0131 O G\u00fcnler?"},"content":{"rendered":"<p>Y\u00e2d\u0131nda m\u0131 O G\u00fcnler? Hat\u0131rat yazar\u0131n\u0131n okuyucusuna y\u00f6neltti\u011fi bir sorudan ziyade okuyucuyla birlikte ge\u00e7mi\u015f zaman\u0131 y\u00e2d etme dile\u011fi ta\u015f\u0131r. Mazinin izini s\u00fcren bu \u00e7al\u0131\u015fman\u0131n temel kaynaklar\u0131, 1930-1950 y\u0131llar\u0131 aras\u0131nda kitap olarak yay\u0131mlanan, gazete ve dergi sayfalar\u0131nda kalan hat\u0131ratlard\u0131r. Hat\u0131ratlar\u0131n i\u00e7eri\u011fine ba\u011fl\u0131 olarak II. Abd\u00fclhamid d\u00f6neminden T\u00fcrkiye Cumhuriyeti\u2019nin ilk y\u0131llar\u0131na uzanan geni\u015f bir d\u00f6nem \u00e7al\u0131\u015fman\u0131n s\u0131n\u0131rlar\u0131 d\u00e2hilindedir.Y\u00e2d\u0131nda m\u0131 O G\u00fcnler; siyasi, sosyal, k\u00fclt\u00fcrel ve edeb\u00ee hayata y\u00f6nelik topluma m\u00e2l olmu\u015f \u015fahsiyetleri, olaylar\u0131 ve meseleleri tarih\u00ee ger\u00e7ekli\u011fe ba\u011fl\u0131 kalarak bizzat ya\u015fayanlar\u0131n ve i\u015fitenlerin bak\u0131\u015f a\u00e7\u0131lar\u0131yla inceleme gayreti ta\u015f\u0131maktad\u0131r.Y\u00e2d\u0131nda m\u0131 O G\u00fcnler?, \u00fc\u00e7 b\u00f6l\u00fcmden olu\u015fmaktad\u0131r. Hat\u0131rat t\u00fcr\u00fcn\u00fcn \u00f6zellikleri, di\u011fer otobiyografik t\u00fcrlerden ayr\u0131lan belirgin y\u00f6nleri, kurmaca metinlerle ba\u011f\u0131, tarih ve edebiyat ara\u015ft\u0131rmalar\u0131ndaki yeri giri\u015f b\u00f6l\u00fcm\u00fcnde incelenmi\u015ftir. Siyasi tarihe ayr\u0131lan birinci b\u00f6l\u00fcmde tarih kaynaklar\u0131ndaki kronolojik bilgi; yazarlar\u0131n \u015fahitli\u011fi, onlar\u0131n d\u00f6nem, olay ve \u015fahsiyetlere y\u00f6nelik yorum ve de\u011ferlendirmeleriyle anlat\u0131lm\u0131\u015f, b\u00f6ylelikle tarihin seyri hat\u0131ratlardan takip edilmi\u015ftir. \u0130kinci b\u00f6l\u00fcm; d\u00f6nem ve topluluklar, sans\u00fcr, kavga ve dostluklar, mahfiller, edeb\u00ee eser hik\u00e2yeleriyle edebiyata ayr\u0131lm\u0131\u015ft\u0131r. Edeb\u00ee hat\u0131ralar\u0131n rol sahibi oldu\u011fu bu b\u00f6l\u00fcmde \u015fair ve yazarlar\u0131n sanat maceralar\u0131 ve edebiyat ortamlar\u0131 kendi \u015fahitlikleriyle okura sunulmu\u015ftur. \u00dc\u00e7\u00fcnc\u00fc b\u00f6l\u00fcm toplum ve k\u00fclt\u00fcr hayat\u0131yla ilgilidir. Hat\u0131rat i\u00e7eriklerine ba\u011fl\u0131 olarak Osmanl\u0131 Devleti\u2019nin son d\u00f6nemiyle s\u0131n\u0131rl\u0131 kalan bu b\u00f6l\u00fcmde e\u011flence, mek\u00e2n, okul, aile, kad\u0131n, T\u00fcrk kimli\u011fi ve ula\u015f\u0131m gibi hayat\u0131n i\u00e7inden meselelere dikkat \u00e7ekilmi\u015ftir.<\/p>\n","protected":false},"excerpt":{"rendered":"<p>Y\u00e2d\u0131nda m\u0131 O G\u00fcnler? Hat\u0131rat yazar\u0131n\u0131n okuyucusuna y\u00f6neltti\u011fi bir sorudan ziyade okuyucuyla birlikte ge\u00e7mi\u015f zaman\u0131 y\u00e2d etme dile\u011fi ta\u015f\u0131r. Mazinin izini s\u00fcren bu \u00e7al\u0131\u015fman\u0131n temel kaynaklar\u0131,<span class=\"excerpt-hellip\"> [\u2026]<\/span><\/p>\n","protected":false},"featured_media":0,"template":"","meta":{"_monsterinsights_skip_tracking":false,"_monsterinsights_sitenote_active":false,"_monsterinsights_sitenote_note":"","_monsterinsights_sitenote_category":0},"product_brand":[],"product_cat":[13072,12291],"product_tag":[],"class_list":{"0":"post-751762","1":"product","2":"type-product","3":"status-publish","5":"product_cat-arastirma-inceleme-referans","6":"product_cat-edebiyat","7":"pa_cilt-ciltsiz","8":"pa_tur-kitap","9":"pa_yayinevi-otuken-nesriyat","10":"pa_yazar-ibrahim-ozen","12":"first","13":"instock","14":"sale","15":"shipping-taxable","16":"purchasable","17":"product-type-simple"},"_links":{"self":[{"href":"https:\/\/roveyayinevi.com.tr\/index.php\/wp-json\/wp\/v2\/product\/751762","targetHints":{"allow":["GET"]}}],"collection":[{"href":"https:\/\/roveyayinevi.com.tr\/index.php\/wp-json\/wp\/v2\/product"}],"about":[{"href":"https:\/\/roveyayinevi.com.tr\/index.php\/wp-json\/wp\/v2\/types\/product"}],"wp:attachment":[{"href":"https:\/\/roveyayinevi.com.tr\/index.php\/wp-json\/wp\/v2\/media?parent=751762"}],"wp:term":[{"taxonomy":"product_brand","embeddable":true,"href":"https:\/\/roveyayinevi.com.tr\/index.php\/wp-json\/wp\/v2\/product_brand?post=751762"},{"taxonomy":"product_cat","embeddable":true,"href":"https:\/\/roveyayinevi.com.tr\/index.php\/wp-json\/wp\/v2\/product_cat?post=751762"},{"taxonomy":"product_tag","embeddable":true,"href":"https:\/\/roveyayinevi.com.tr\/index.php\/wp-json\/wp\/v2\/product_tag?post=751762"}],"curies":[{"name":"wp","href":"https:\/\/api.w.org\/{rel}","templated":true}]}}