{"id":751760,"date":"2025-08-28T04:57:46","date_gmt":"2025-08-28T01:57:46","guid":{"rendered":"https:\/\/roveyayinevi.com.tr\/index.php\/urun\/sutcu-imam-3\/"},"modified":"2026-04-16T03:05:25","modified_gmt":"2026-04-16T00:05:25","slug":"sutcu-imam-3","status":"publish","type":"product","link":"https:\/\/roveyayinevi.com.tr\/index.php\/urun\/sutcu-imam-3\/","title":{"rendered":"S\u00fct\u00e7\u00fc \u0130mam"},"content":{"rendered":"<p>T\u00fcrk edebiyat\u0131n\u0131n i\u015faret fi\u015feklerinden Cahit Zarifo\u011flu\u2019nun eserleri, bir duyarl\u0131l\u0131\u011f\u0131n \u00fcr\u00fcn\u00fcd\u00fcr. Zulme u\u011frayan M\u00fcsl\u00fcmanlar\u0131n trajedisi ve ak\u0131l almaz direni\u015fi, \u00e7a\u011f\u0131na tan\u0131kl\u0131k eden bir sanat\u00e7\u0131n\u0131n kalemiyle ete kemi\u011fe b\u00fcr\u00fcn\u00fcr. O, medyan\u0131n normalle\u015ftirdi\u011fi yahut sessiz kald\u0131\u011f\u0131 i\u015fgalleri diri bir hassasiyetle g\u00fcndemde tutar ve solu\u011funu Filistin\u2019deki, Afganistan\u2019daki, Hama\u2019daki, Do\u011fu T\u00fcrkistan\u2019daki M\u00fcsl\u00fcmanlara ula\u015ft\u0131rmaktan geri durmaz.   Zarifo\u011flu bu co\u011frafyalar ile \u0130ngilizler ve Frans\u0131zlar taraf\u0131ndan i\u015fgal edilen Mara\u015f aras\u0131nda bir ba\u011f kurar. Yazd\u0131\u011f\u0131 tiyatro eseriyle, Mara\u015fl\u0131lar\u0131n 1920 y\u0131l\u0131nda topyek\u00fbn direnerek verdikleri destans\u0131 kurtulu\u015f m\u00fccadelesini, k\u00fcllenmi\u015f koru tutu\u015fturan, s\u00fct ma\u015frapas\u0131n\u0131 b\u0131rak\u0131p tabancas\u0131n\u0131 do\u011frultan S\u00fct\u00e7\u00fc \u0130mam \u00fczerinden anlat\u0131r.   Sezai Karako\u00e7\u2019un, \u201cS\u00fct ve tabanca\u2026 \u0130\u015fte Mara\u015f budur, Anadolu budur,\u201d dedi\u011fi yerde, korku ile \u00fcmit aras\u0131nda\u2026   Seyirci koltu\u011funa oturacak, kahramanlar onun \u00f6n\u00fcne gelecek, heyecanlar ve hiddetler, hayk\u0131r\u0131\u015flar, hezeyanlar, vah\u015fet sahipleriyle birlikte canlanacak. <\/p>\n","protected":false},"excerpt":{"rendered":"<p>T\u00fcrk edebiyat\u0131n\u0131n i\u015faret fi\u015feklerinden Cahit Zarifo\u011flu\u2019nun eserleri, bir duyarl\u0131l\u0131\u011f\u0131n \u00fcr\u00fcn\u00fcd\u00fcr. Zulme u\u011frayan M\u00fcsl\u00fcmanlar\u0131n trajedisi ve ak\u0131l almaz direni\u015fi, \u00e7a\u011f\u0131na tan\u0131kl\u0131k eden bir sanat\u00e7\u0131n\u0131n kalemiyle ete kemi\u011fe<span class=\"excerpt-hellip\"> [\u2026]<\/span><\/p>\n","protected":false},"featured_media":0,"template":"","meta":{"_monsterinsights_skip_tracking":false,"_monsterinsights_sitenote_active":false,"_monsterinsights_sitenote_note":"","_monsterinsights_sitenote_category":0},"product_brand":[],"product_cat":[12291,14272],"product_tag":[],"class_list":{"0":"post-751760","1":"product","2":"type-product","3":"status-publish","5":"product_cat-edebiyat","6":"product_cat-tiyatro","7":"pa_cilt-ciltsiz","8":"pa_tur-kitap","9":"pa_yayinevi-ketebe-yayinlari","10":"pa_yazar-cahit-zarifoglu","12":"first","13":"instock","14":"sale","15":"shipping-taxable","16":"purchasable","17":"product-type-simple"},"_links":{"self":[{"href":"https:\/\/roveyayinevi.com.tr\/index.php\/wp-json\/wp\/v2\/product\/751760","targetHints":{"allow":["GET"]}}],"collection":[{"href":"https:\/\/roveyayinevi.com.tr\/index.php\/wp-json\/wp\/v2\/product"}],"about":[{"href":"https:\/\/roveyayinevi.com.tr\/index.php\/wp-json\/wp\/v2\/types\/product"}],"wp:attachment":[{"href":"https:\/\/roveyayinevi.com.tr\/index.php\/wp-json\/wp\/v2\/media?parent=751760"}],"wp:term":[{"taxonomy":"product_brand","embeddable":true,"href":"https:\/\/roveyayinevi.com.tr\/index.php\/wp-json\/wp\/v2\/product_brand?post=751760"},{"taxonomy":"product_cat","embeddable":true,"href":"https:\/\/roveyayinevi.com.tr\/index.php\/wp-json\/wp\/v2\/product_cat?post=751760"},{"taxonomy":"product_tag","embeddable":true,"href":"https:\/\/roveyayinevi.com.tr\/index.php\/wp-json\/wp\/v2\/product_tag?post=751760"}],"curies":[{"name":"wp","href":"https:\/\/api.w.org\/{rel}","templated":true}]}}