{"id":751759,"date":"2025-08-28T04:57:45","date_gmt":"2025-08-28T01:57:45","guid":{"rendered":"https:\/\/roveyayinevi.com.tr\/index.php\/urun\/cumbadan-rumbaya\/"},"modified":"2026-04-03T03:07:14","modified_gmt":"2026-04-03T00:07:14","slug":"cumbadan-rumbaya","status":"publish","type":"product","link":"https:\/\/roveyayinevi.com.tr\/index.php\/urun\/cumbadan-rumbaya\/","title":{"rendered":"Cumbadan Rumbaya"},"content":{"rendered":"<p>Peyami Safa&#8217;n\u0131n insanlar\u0131 i\u00e7inde en s\u0131ra d\u0131\u015f\u0131 karakterlerin yer ald\u0131\u011f\u0131 Cumbadan Rumbaya roman\u0131; tek d\u00fc\u015f\u00fcncesi, ya\u015fad\u0131\u011f\u0131 k\u00f6hne evden ve semtten kurtularak Ni\u015fanta\u015f\u0131&#8217;nda bir apartman kat\u0131nda oturup, zengin bir koca bulma arzusu ta\u015f\u0131yan Karag\u00fcmr\u00fckl\u00fc Cemile&#8217;yi anlat\u0131yor. Peyami Safa&#8217;n\u0131n di\u011fer romanlar\u0131nda da s\u0131kl\u0131kla g\u00f6r\u00fclen Bat\u0131l\u0131la\u015fma ve yabanc\u0131la\u015fma meselesinin, ilk defa bu roman\u0131nda toplumun en kenar mahallelerinden birinde ya\u015fayan insanlar\u0131n hayat\u0131nda bile nas\u0131l de\u011fi\u015fikliklere ve k\u0131r\u0131lmalara yol a\u00e7t\u0131\u011f\u0131 g\u00f6steriliyor. Daha \u00f6nce sinema filmi ve televizyon dizisi de yap\u0131lan, \u015fa\u015f\u0131rt\u0131c\u0131 kurgusu ve samimi \u00fcsl\u00fbbuyla bir solukta okunacak Cumbadan Rumbaya roman\u0131nda, ruhunu ve a\u015fk\u0131n\u0131 kaybetmemi\u015flerin hayata tutunma m\u00fccadelesine \u015fahitlik edeceksiniz.<\/p>\n","protected":false},"excerpt":{"rendered":"<p>Peyami Safa&#8217;n\u0131n insanlar\u0131 i\u00e7inde en s\u0131ra d\u0131\u015f\u0131 karakterlerin yer ald\u0131\u011f\u0131 Cumbadan Rumbaya roman\u0131; tek d\u00fc\u015f\u00fcncesi, ya\u015fad\u0131\u011f\u0131 k\u00f6hne evden ve semtten kurtularak Ni\u015fanta\u015f\u0131&#8217;nda bir apartman kat\u0131nda oturup,<span class=\"excerpt-hellip\"> [\u2026]<\/span><\/p>\n","protected":false},"featured_media":0,"template":"","meta":{"_monsterinsights_skip_tracking":false,"_monsterinsights_sitenote_active":false,"_monsterinsights_sitenote_note":"","_monsterinsights_sitenote_category":0},"product_brand":[],"product_cat":[12291,12711],"product_tag":[],"class_list":{"0":"post-751759","1":"product","2":"type-product","3":"status-publish","5":"product_cat-edebiyat","6":"product_cat-roman-oyku","7":"pa_cilt-ciltsiz","8":"pa_tur-kitap","9":"pa_yayinevi-otuken-nesriyat","10":"pa_yazar-peyami-safa","12":"first","13":"instock","14":"sale","15":"shipping-taxable","16":"purchasable","17":"product-type-simple"},"_links":{"self":[{"href":"https:\/\/roveyayinevi.com.tr\/index.php\/wp-json\/wp\/v2\/product\/751759","targetHints":{"allow":["GET"]}}],"collection":[{"href":"https:\/\/roveyayinevi.com.tr\/index.php\/wp-json\/wp\/v2\/product"}],"about":[{"href":"https:\/\/roveyayinevi.com.tr\/index.php\/wp-json\/wp\/v2\/types\/product"}],"wp:attachment":[{"href":"https:\/\/roveyayinevi.com.tr\/index.php\/wp-json\/wp\/v2\/media?parent=751759"}],"wp:term":[{"taxonomy":"product_brand","embeddable":true,"href":"https:\/\/roveyayinevi.com.tr\/index.php\/wp-json\/wp\/v2\/product_brand?post=751759"},{"taxonomy":"product_cat","embeddable":true,"href":"https:\/\/roveyayinevi.com.tr\/index.php\/wp-json\/wp\/v2\/product_cat?post=751759"},{"taxonomy":"product_tag","embeddable":true,"href":"https:\/\/roveyayinevi.com.tr\/index.php\/wp-json\/wp\/v2\/product_tag?post=751759"}],"curies":[{"name":"wp","href":"https:\/\/api.w.org\/{rel}","templated":true}]}}