{"id":751757,"date":"2025-08-28T04:57:41","date_gmt":"2025-08-28T01:57:41","guid":{"rendered":"https:\/\/roveyayinevi.com.tr\/index.php\/urun\/yasasin-cumhuriyet\/"},"modified":"2026-04-16T03:05:25","modified_gmt":"2026-04-16T00:05:25","slug":"yasasin-cumhuriyet","status":"publish","type":"product","link":"https:\/\/roveyayinevi.com.tr\/index.php\/urun\/yasasin-cumhuriyet\/","title":{"rendered":"Ya\u015fas\u0131n Cumhuriyet"},"content":{"rendered":"<p>Cumhuriyetimizin 100. y\u0131l\u0131na arma\u011fan! \u00d6d\u00fcll\u00fc \u00e7izer Hicabi Demirci&#8217;nin elinden \u00e7\u0131kan Ya\u015fas\u0131n Cumhuriyet; Mustafa Kemal Atat\u00fcrk&#8217;\u00fcn d\u00fc\u015f\u00fcnce d\u00fcnyas\u0131n\u0131 ve devrimlerini karikat\u00fcr sanat\u0131n\u0131n incelikleriyle bulu\u015fturan, koleksiyon de\u011feri ta\u015f\u0131yan \u00f6zel bir alb\u00fcm. Sanat\u00e7\u0131, Cumhuriyet&#8217;in kurulmas\u0131n\u0131 sa\u011flayan Mill\u00ee M\u00fccadele ruhunun de\u011ferlerini korumak ve gelecek ku\u015faklara aktarmak i\u00e7in haz\u0131rlad\u0131\u011f\u0131 bu \u00e7al\u0131\u015fmas\u0131nda, pek \u00e7ok tarih\u00ee olay\u0131 ve kavram\u0131 \u00e7izgilerin g\u00fcc\u00fcyle anlat\u0131yor. Umutla, diren\u00e7le ve dayan\u0131\u015fmayla elde edilmi\u015f Cumhuriyetimizin bir as\u0131rl\u0131k tarihine ayna tutan kitapta, ba\u015fta \u00e7ocuklar olmak \u00fczere her ya\u015ftan okura hitap eden elli iki karikat\u00fcr yer al\u0131yor.    Mill\u00ee M\u00fccadele&#8217;den tam ba\u011f\u0131ms\u0131zl\u0131k ve millet egemenli\u011fine giden yolda \u0131\u015f\u0131k sa\u00e7an b\u00fcy\u00fck bir \u00f6nder&#8230; Kaderini de\u011fi\u015ftirmek i\u00e7in tek y\u00fcrek olan toplum ve Cumhuriyetimizin temelini atan b\u00fcy\u00fck bir zafer! 1923&#8217;ten 2023&#8217;e uzan\u0131rken; \u00e7ocu\u011fu, genci, ya\u015fl\u0131s\u0131 herkes yeniden omuz omuza. Heyecanla, gururla, co\u015fkuyla Cumhuriyetimizin yeni y\u00fczy\u0131l\u0131na merhaba! Hicabi Demirci, kariyeri i\u00e7in bir kilometre ta\u015f\u0131 olarak tan\u0131mlad\u0131\u011f\u0131 bu alb\u00fcm\u00fcnde, karikat\u00fcr sanat\u0131n\u0131n ara\u00e7lar\u0131n\u0131 ustaca kullanarak kurtulu\u015f ve ba\u011f\u0131ms\u0131zl\u0131k m\u00fccadelesinden Atat\u00fcrk&#8217;\u00fcn \u00e7ocuk sevgisine bir\u00e7ok farkl\u0131 konuya temas ediyor; \u00e7izgilerinin ucuna takt\u0131\u011f\u0131 hik\u00e2yeler ile Atat\u00fcrk&#8217;\u00fcn hedefledi\u011fi \u00e7a\u011fda\u015fl\u0131k, bilim ve sanat anlay\u0131\u015f\u0131n\u0131 \u00e7ok daha iyi kavramam\u0131z\u0131 sa\u011fl\u0131yor.<\/p>\n","protected":false},"excerpt":{"rendered":"<p>Cumhuriyetimizin 100. y\u0131l\u0131na arma\u011fan! \u00d6d\u00fcll\u00fc \u00e7izer Hicabi Demirci&#8217;nin elinden \u00e7\u0131kan Ya\u015fas\u0131n Cumhuriyet; Mustafa Kemal Atat\u00fcrk&#8217;\u00fcn d\u00fc\u015f\u00fcnce d\u00fcnyas\u0131n\u0131 ve devrimlerini karikat\u00fcr sanat\u0131n\u0131n incelikleriyle bulu\u015fturan, koleksiyon de\u011feri ta\u015f\u0131yan<span class=\"excerpt-hellip\"> [\u2026]<\/span><\/p>\n","protected":false},"featured_media":0,"template":"","meta":{"_monsterinsights_skip_tracking":false,"_monsterinsights_sitenote_active":false,"_monsterinsights_sitenote_note":"","_monsterinsights_sitenote_category":0},"product_brand":[],"product_cat":[12291,49405],"product_tag":[],"class_list":{"0":"post-751757","1":"product","2":"type-product","3":"status-publish","5":"product_cat-edebiyat","6":"product_cat-karikatur","7":"pa_cilt-ciltsiz","8":"pa_tur-kitap","9":"pa_yayinevi-desen-yayinlari","10":"pa_yazar-hicabi-demirci","12":"first","13":"instock","14":"sale","15":"shipping-taxable","16":"purchasable","17":"product-type-simple"},"_links":{"self":[{"href":"https:\/\/roveyayinevi.com.tr\/index.php\/wp-json\/wp\/v2\/product\/751757","targetHints":{"allow":["GET"]}}],"collection":[{"href":"https:\/\/roveyayinevi.com.tr\/index.php\/wp-json\/wp\/v2\/product"}],"about":[{"href":"https:\/\/roveyayinevi.com.tr\/index.php\/wp-json\/wp\/v2\/types\/product"}],"wp:attachment":[{"href":"https:\/\/roveyayinevi.com.tr\/index.php\/wp-json\/wp\/v2\/media?parent=751757"}],"wp:term":[{"taxonomy":"product_brand","embeddable":true,"href":"https:\/\/roveyayinevi.com.tr\/index.php\/wp-json\/wp\/v2\/product_brand?post=751757"},{"taxonomy":"product_cat","embeddable":true,"href":"https:\/\/roveyayinevi.com.tr\/index.php\/wp-json\/wp\/v2\/product_cat?post=751757"},{"taxonomy":"product_tag","embeddable":true,"href":"https:\/\/roveyayinevi.com.tr\/index.php\/wp-json\/wp\/v2\/product_tag?post=751757"}],"curies":[{"name":"wp","href":"https:\/\/api.w.org\/{rel}","templated":true}]}}