{"id":751755,"date":"2025-08-28T04:57:38","date_gmt":"2025-08-28T01:57:38","guid":{"rendered":"https:\/\/roveyayinevi.com.tr\/index.php\/urun\/ben-de-botanikten-hic-anlamam\/"},"modified":"2026-04-16T03:05:25","modified_gmt":"2026-04-16T00:05:25","slug":"ben-de-botanikten-hic-anlamam","status":"publish","type":"product","link":"https:\/\/roveyayinevi.com.tr\/index.php\/urun\/ben-de-botanikten-hic-anlamam\/","title":{"rendered":"Ben de Botanikten Hi\u00e7 Anlamam"},"content":{"rendered":"<p>Az konu\u015fmay\u0131 hayat\u0131 boyunca ilke edinen Cahit Zarifo\u011flu i\u00e7in Erdem Bayaz\u0131t \u015f\u00f6yle diyor: \u201c\u00c7ok konu\u015fmazd\u0131. Fakat konu\u015fulanlar\u0131 bir teyp gibi bu arada tespit ederdi. Bunu daha sonralar\u0131 g\u00f6rm\u00fc\u015f\u00fcmd\u00fcr, ya\u015fad\u0131\u011f\u0131m\u0131z bir\u00e7ok an\u0131y\u0131 net ve taze olarak kendisinde ya\u015fat\u0131yordu. Bu, zaman zaman \u015fiirlerinde de, yaz\u0131lar\u0131nda da kendini d\u0131\u015fa vurdu.\u201d \u0130lk gen\u00e7li\u011finden itibaren sessiz kalmay\u0131 tercih eden Zarifo\u011flu\u2019nun; \u015fiirleri, \u00f6yk\u00fcleri, romanlar\u0131, radyo oyunlar\u0131 ve \u00e7ocuk kitaplar\u0131 \u00fczerine yapt\u0131\u011f\u0131 s\u00f6yle\u015filer bu y\u00fczden edebiyat d\u00fcnyas\u0131nda her zaman daha da fazla merak uyand\u0131rd\u0131. \u00c7e\u015fitli gazete ve dergilerde Cahit Zarifo\u011flu ile yap\u0131lm\u0131\u015f s\u00f6yle\u015filerle ba\u015flayan Ben de Botanikten Hi\u00e7 Anlamam, \u015fiirden \u00e7ocuk edebiyat\u0131na, d\u00f6nemin akt\u00fcel olaylar\u0131ndan Afganistan cihad\u0131na kadar de\u011fi\u015fik konularda \u015fairin g\u00f6r\u00fc\u015flerini ayr\u0131nt\u0131l\u0131 bir bi\u00e7imde sunuyor. Zarifo\u011flu hakk\u0131nda yap\u0131lan konu\u015fmalar ve Zarifo\u011flu\u2019nun kendisinin ger\u00e7ekle\u015ftirdi\u011fi s\u00f6yle\u015filerle bir b\u00fct\u00fcnl\u00fck olu\u015fturan Ben de Botanikten Hi\u00e7 Anlamam, \u015fairin sanat anlay\u0131\u015f\u0131, d\u00fcnya g\u00f6r\u00fc\u015f\u00fc ve meselelere olan yakla\u015f\u0131mlar\u0131 hakk\u0131nda \u00f6nemli ipu\u00e7lar\u0131 veriyor.<\/p>\n","protected":false},"excerpt":{"rendered":"<p>Az konu\u015fmay\u0131 hayat\u0131 boyunca ilke edinen Cahit Zarifo\u011flu i\u00e7in Erdem Bayaz\u0131t \u015f\u00f6yle diyor: \u201c\u00c7ok konu\u015fmazd\u0131. Fakat konu\u015fulanlar\u0131 bir teyp gibi bu arada tespit ederdi. Bunu daha<span class=\"excerpt-hellip\"> [\u2026]<\/span><\/p>\n","protected":false},"featured_media":0,"template":"","meta":{"_monsterinsights_skip_tracking":false,"_monsterinsights_sitenote_active":false,"_monsterinsights_sitenote_note":"","_monsterinsights_sitenote_category":0},"product_brand":[],"product_cat":[12291,30969],"product_tag":[],"class_list":{"0":"post-751755","1":"product","2":"type-product","3":"status-publish","5":"product_cat-edebiyat","6":"product_cat-soylesi-edebiyat","7":"pa_cilt-ciltsiz","8":"pa_tur-kitap","9":"pa_yayinevi-ketebe-yayinlari","10":"pa_yazar-cahit-zarifoglu","12":"first","13":"instock","14":"sale","15":"shipping-taxable","16":"purchasable","17":"product-type-simple"},"_links":{"self":[{"href":"https:\/\/roveyayinevi.com.tr\/index.php\/wp-json\/wp\/v2\/product\/751755","targetHints":{"allow":["GET"]}}],"collection":[{"href":"https:\/\/roveyayinevi.com.tr\/index.php\/wp-json\/wp\/v2\/product"}],"about":[{"href":"https:\/\/roveyayinevi.com.tr\/index.php\/wp-json\/wp\/v2\/types\/product"}],"wp:attachment":[{"href":"https:\/\/roveyayinevi.com.tr\/index.php\/wp-json\/wp\/v2\/media?parent=751755"}],"wp:term":[{"taxonomy":"product_brand","embeddable":true,"href":"https:\/\/roveyayinevi.com.tr\/index.php\/wp-json\/wp\/v2\/product_brand?post=751755"},{"taxonomy":"product_cat","embeddable":true,"href":"https:\/\/roveyayinevi.com.tr\/index.php\/wp-json\/wp\/v2\/product_cat?post=751755"},{"taxonomy":"product_tag","embeddable":true,"href":"https:\/\/roveyayinevi.com.tr\/index.php\/wp-json\/wp\/v2\/product_tag?post=751755"}],"curies":[{"name":"wp","href":"https:\/\/api.w.org\/{rel}","templated":true}]}}