{"id":751754,"date":"2025-08-28T04:57:36","date_gmt":"2025-08-28T01:57:36","guid":{"rendered":"https:\/\/roveyayinevi.com.tr\/index.php\/urun\/inannanin-donusu\/"},"modified":"2026-04-16T03:05:25","modified_gmt":"2026-04-16T00:05:25","slug":"inannanin-donusu","status":"publish","type":"product","link":"https:\/\/roveyayinevi.com.tr\/index.php\/urun\/inannanin-donusu\/","title":{"rendered":"\u0130nanna\u2019n\u0131n D\u00f6n\u00fc\u015f\u00fc"},"content":{"rendered":"<p>\u015eiirin silah yap\u0131ld\u0131\u011f\u0131 bir d\u00fcnya, dansla \u00f6zg\u00fcrle\u015fir mi? Yapay zek\u00e2, k\u00fcresel salg\u0131nlar ve nanoteknoloji gibi, d\u00fcnyan\u0131n yeni olanaklar\u0131na ve felaketlerine kar\u015f\u0131 insana, insanl\u0131\u011f\u0131n kadim tarihine ve insan iradesine tutunan, yeni ba\u015flang\u0131\u00e7lar\u0131n ve umudun me\u015falesini ta\u015f\u0131yan yeni nesil bir bilimkurgu&#8230; Sabri Safiye yeni roman\u0131nda okuru, uzay bo\u015flu\u011fundan d\u00fcnya uygarl\u0131\u011f\u0131n\u0131n dehlizlerine uzanan s\u0131rad\u0131\u015f\u0131 bir yolculu\u011fa \u00e7\u0131kar\u0131yor! Tek merkez taraf\u0131ndan y\u00f6netilen ileri bir d\u00fcnya d\u00fczeninde, \u201cinsan\u201d kalman\u0131n olana\u011f\u0131n\u0131 sorguluyor. Uzaydaki bir kaps\u00fclde ger\u00e7ekle\u015fen s\u00fcrpriz tan\u0131\u015fma, hem ge\u00e7mi\u015fin kadim bilgilerinin gelece\u011fe aktar\u0131m\u0131, hem de Tanr\u0131\u00e7a \u0130nanna\u2019n\u0131n dans\u0131n\u0131n esrar\u0131n\u0131n \u00e7\u00f6z\u00fcm\u00fc i\u00e7in \u00e7arp\u0131c\u0131 ve ayd\u0131nl\u0131k bir yol a\u00e7\u0131yor&#8230; Ka\u00e7 ki\u015fiydik? \u00d6ncesi h\u00e2l\u00e2 karanl\u0131k! Daha \u00f6nemlisi, ben kimim? \u0130\u015fte \u015fu mavi gezegenden geldim; ama neresinden? Benim D\u00fcnya \u00fcst\u00fcnde bir yerim olmal\u0131; bir k\u0131ta, bir \u015fehir, bir ev? Hepsini roket h\u0131z\u0131yla geride b\u0131rakm\u0131\u015f gibiyim. Bir refleks olarak dikkatlice gezegenin y\u00fczeyini tar\u0131yorum. Sanki g\u00f6r\u00fcnce hat\u0131rlayaca\u011f\u0131m! Kendimi ac\u0131nacak derecede komik bulup vazge\u00e7iyorum hemen. Y\u00f6r\u00fcngede d\u00f6n\u00fcyorum herhalde. H\u0131z\u0131m ne kadar? Ne kadar olursa olsun, bir s\u00fcre sonra kayan bir y\u0131ld\u0131z olarak atmosfere girip birinin dile\u011fini havada yakalayaca\u011f\u0131m. Ben romantik biri olmal\u0131y\u0131m, \u00f6yle ya da b\u00f6yle.<\/p>\n","protected":false},"excerpt":{"rendered":"<p>\u015eiirin silah yap\u0131ld\u0131\u011f\u0131 bir d\u00fcnya, dansla \u00f6zg\u00fcrle\u015fir mi? Yapay zek\u00e2, k\u00fcresel salg\u0131nlar ve nanoteknoloji gibi, d\u00fcnyan\u0131n yeni olanaklar\u0131na ve felaketlerine kar\u015f\u0131 insana, insanl\u0131\u011f\u0131n kadim tarihine ve<span class=\"excerpt-hellip\"> [\u2026]<\/span><\/p>\n","protected":false},"featured_media":0,"template":"","meta":{"_monsterinsights_skip_tracking":false,"_monsterinsights_sitenote_active":false,"_monsterinsights_sitenote_note":"","_monsterinsights_sitenote_category":0},"product_brand":[],"product_cat":[12540,12291],"product_tag":[],"class_list":{"0":"post-751754","1":"product","2":"type-product","3":"status-publish","5":"product_cat-bilim-kurgu","6":"product_cat-edebiyat","7":"pa_cilt-ciltsiz","8":"pa_tur-kitap","9":"pa_yayinevi-on8-kitap","10":"pa_yazar-sabri-safiye","12":"first","13":"instock","14":"sale","15":"shipping-taxable","16":"purchasable","17":"product-type-simple"},"_links":{"self":[{"href":"https:\/\/roveyayinevi.com.tr\/index.php\/wp-json\/wp\/v2\/product\/751754","targetHints":{"allow":["GET"]}}],"collection":[{"href":"https:\/\/roveyayinevi.com.tr\/index.php\/wp-json\/wp\/v2\/product"}],"about":[{"href":"https:\/\/roveyayinevi.com.tr\/index.php\/wp-json\/wp\/v2\/types\/product"}],"wp:attachment":[{"href":"https:\/\/roveyayinevi.com.tr\/index.php\/wp-json\/wp\/v2\/media?parent=751754"}],"wp:term":[{"taxonomy":"product_brand","embeddable":true,"href":"https:\/\/roveyayinevi.com.tr\/index.php\/wp-json\/wp\/v2\/product_brand?post=751754"},{"taxonomy":"product_cat","embeddable":true,"href":"https:\/\/roveyayinevi.com.tr\/index.php\/wp-json\/wp\/v2\/product_cat?post=751754"},{"taxonomy":"product_tag","embeddable":true,"href":"https:\/\/roveyayinevi.com.tr\/index.php\/wp-json\/wp\/v2\/product_tag?post=751754"}],"curies":[{"name":"wp","href":"https:\/\/api.w.org\/{rel}","templated":true}]}}