{"id":751753,"date":"2025-08-28T04:57:34","date_gmt":"2025-08-28T01:57:34","guid":{"rendered":"https:\/\/roveyayinevi.com.tr\/index.php\/urun\/assassins-creed-heresy\/"},"modified":"2026-04-16T03:05:25","modified_gmt":"2026-04-16T00:05:25","slug":"assassins-creed-heresy","status":"publish","type":"product","link":"https:\/\/roveyayinevi.com.tr\/index.php\/urun\/assassins-creed-heresy\/","title":{"rendered":"Assassin\u2019s Creed Heresy"},"content":{"rendered":"<p>Hi\u00e7 bitmeyen bir anla\u015fmazl\u0131k.Eski bir hata. Yeni bir vahiy.    2017 y\u0131l\u0131nda Scribe \u00d6d\u00fcl\u00fc&#8217;n\u00fc kazanan ve New York Times\u2019\u0131n \u00e7oksatan yazar\u0131 olan Christie Golden, Assassin\u2019s Creed evrenindege\u00e7en nefes kesici bir hik\u00e2ye ortaya koyuyor. Tap\u0131nak\u00e7\u0131lar\u0131n Kutsal Alan \u00fcyesi olan Simon Hathaway, Abstergo Industries\u2019in Tarihsel Ara\u015ft\u0131rma Departman\u0131\u2019n\u0131n ba\u015fkan\u0131 olarak\u00fcstlendi\u011fi yeni g\u00f6revinde, hem Jeanne d&#8217;Arc&#8217;\u0131n yan\u0131nda sava\u015fan atas\u0131 Gabriel\u2019\u0131n an\u0131lar\u0131n\u0131 yeniden ya\u015farken hem de bug\u00fcn\u00fcn\u00fc ve t\u00fcm Tap\u0131nak\u00e7\u0131lar\u0131 tehlikeye atabilecek bir ge\u00e7mi\u015fin s\u0131rlar\u0131n\u0131 yava\u015f yava\u015f ortaya \u00e7\u0131kar\u0131yor. Ayn\u0131 zamanda bir tarih\u00e7i olan Simon\u2019\u0131n ge\u00e7mi\u015fin tozlu sayfalar\u0131na kar\u015f\u0131 duydu\u011fu doyumsuz merak\u0131, efsanevi fig\u00fcr Jeanne d&#8217;Arc&#8217;\u0131n yan\u0131nda sava\u015fm\u0131\u015f olan atas\u0131 Gabriel Laxart arac\u0131l\u0131\u011f\u0131yla tarihi ilk elden deneyimleme \u015fans\u0131n\u0131 sunuyor. Yeni tasarlanm\u0131\u015f ve hen\u00fcz ilk projesini ger\u00e7ekle\u015ftirecek olan Animus&#8217;a girdi\u011finde ke\u015ffedece\u011fi bilgilere haz\u0131rl\u0131ks\u0131z yakalanan Simon, Tap\u0131nak\u00e7\u0131lar ve Assassinler aras\u0131ndaki \u00e7at\u0131\u015fman\u0131n ne kadar derin oldu\u011funu g\u00f6zler \u00f6n\u00fcne seriyor.<\/p>\n","protected":false},"excerpt":{"rendered":"<p>Hi\u00e7 bitmeyen bir anla\u015fmazl\u0131k.Eski bir hata. Yeni bir vahiy. 2017 y\u0131l\u0131nda Scribe \u00d6d\u00fcl\u00fc&#8217;n\u00fc kazanan ve New York Times\u2019\u0131n \u00e7oksatan yazar\u0131 olan Christie Golden, Assassin\u2019s Creed evrenindege\u00e7en<span class=\"excerpt-hellip\"> [\u2026]<\/span><\/p>\n","protected":false},"featured_media":0,"template":"","meta":{"_monsterinsights_skip_tracking":false,"_monsterinsights_sitenote_active":false,"_monsterinsights_sitenote_note":"","_monsterinsights_sitenote_category":0},"product_brand":[],"product_cat":[12291,18202],"product_tag":[],"class_list":{"0":"post-751753","1":"product","2":"type-product","3":"status-publish","5":"product_cat-edebiyat","6":"product_cat-hikaye","7":"pa_cilt-ciltsiz","8":"pa_tur-kitap","9":"pa_yayinevi-epsilon-yayinlari","10":"pa_yazar-christie-golden","12":"first","13":"instock","14":"sale","15":"shipping-taxable","16":"purchasable","17":"product-type-simple"},"_links":{"self":[{"href":"https:\/\/roveyayinevi.com.tr\/index.php\/wp-json\/wp\/v2\/product\/751753","targetHints":{"allow":["GET"]}}],"collection":[{"href":"https:\/\/roveyayinevi.com.tr\/index.php\/wp-json\/wp\/v2\/product"}],"about":[{"href":"https:\/\/roveyayinevi.com.tr\/index.php\/wp-json\/wp\/v2\/types\/product"}],"wp:attachment":[{"href":"https:\/\/roveyayinevi.com.tr\/index.php\/wp-json\/wp\/v2\/media?parent=751753"}],"wp:term":[{"taxonomy":"product_brand","embeddable":true,"href":"https:\/\/roveyayinevi.com.tr\/index.php\/wp-json\/wp\/v2\/product_brand?post=751753"},{"taxonomy":"product_cat","embeddable":true,"href":"https:\/\/roveyayinevi.com.tr\/index.php\/wp-json\/wp\/v2\/product_cat?post=751753"},{"taxonomy":"product_tag","embeddable":true,"href":"https:\/\/roveyayinevi.com.tr\/index.php\/wp-json\/wp\/v2\/product_tag?post=751753"}],"curies":[{"name":"wp","href":"https:\/\/api.w.org\/{rel}","templated":true}]}}