{"id":751744,"date":"2025-08-28T04:57:22","date_gmt":"2025-08-28T01:57:22","guid":{"rendered":"https:\/\/roveyayinevi.com.tr\/index.php\/urun\/yetenek-merkezli-egitim\/"},"modified":"2026-04-07T03:09:36","modified_gmt":"2026-04-07T00:09:36","slug":"yetenek-merkezli-egitim","status":"publish","type":"product","link":"https:\/\/roveyayinevi.com.tr\/index.php\/urun\/yetenek-merkezli-egitim\/","title":{"rendered":"Yetenek Merkezli E\u011fitim"},"content":{"rendered":"<p>\u00c7ocuk bir fidedir; nas\u0131l a\u015f\u0131lan\u0131rsa ona g\u00f6re geli\u015fir. Yeti\u015fme s\u00fcrecinin \u015fartlar\u0131na g\u00f6re meyve verir, \u00e7evresindekilerin olgunluk derecesine g\u00f6re \u015ferbet tutar. M\u00fckemmel yarat\u0131lm\u0131\u015f olan insan\u0131n, ke\u015ffedilmeyi bekleyen s\u0131n\u0131rs\u0131z kapasitesi vard\u0131r. Kendi kapasitesinin fark\u0131nda olan insan ise hayat\u0131n ger\u00e7ekleriyle y\u00fczle\u015fmekten korkmaz, kar\u015f\u0131la\u015ft\u0131\u011f\u0131 zorluklara g\u00f6\u011f\u00fcs gerer, m\u00fccadele ederek o zorluklar\u0131n \u00fcstesinden gelebilir. Ba\u015far\u0131 ve mutlulu\u011funun temelinde insan\u0131n kendisini ve yeteneklerini tan\u0131mas\u0131 vard\u0131r. Bunun i\u00e7indir ki yaln\u0131zca yeteneklerinin bilincinde olan, sorup sorgulayan, ele\u015ftirel bak\u0131\u015f a\u00e7\u0131s\u0131na sahip, ileti\u015fim becerileri geli\u015fmi\u015f, \u00f6zg\u00fcveni sa\u011flam, m\u00fccadele ruhu geli\u015fmi\u015f nesillerin \u015fekillendirdi\u011fi bir gelecek insanca ve hak\u00e7a olabilecektir. <\/p>\n","protected":false},"excerpt":{"rendered":"<p>\u00c7ocuk bir fidedir; nas\u0131l a\u015f\u0131lan\u0131rsa ona g\u00f6re geli\u015fir. Yeti\u015fme s\u00fcrecinin \u015fartlar\u0131na g\u00f6re meyve verir, \u00e7evresindekilerin olgunluk derecesine g\u00f6re \u015ferbet tutar. M\u00fckemmel yarat\u0131lm\u0131\u015f olan insan\u0131n, ke\u015ffedilmeyi bekleyen<span class=\"excerpt-hellip\"> [\u2026]<\/span><\/p>\n","protected":false},"featured_media":0,"template":"","meta":{"_monsterinsights_skip_tracking":false,"_monsterinsights_sitenote_active":false,"_monsterinsights_sitenote_note":"","_monsterinsights_sitenote_category":0},"product_brand":[],"product_cat":[12566],"product_tag":[],"class_list":{"0":"post-751744","1":"product","2":"type-product","3":"status-publish","5":"product_cat-egitim","6":"pa_cilt-ciltsiz","7":"pa_tur-kitap","8":"pa_yayinevi-cinaralti-yayinlari","9":"pa_yazar-nazmi-simsek","11":"first","12":"instock","13":"sale","14":"shipping-taxable","15":"purchasable","16":"product-type-simple"},"_links":{"self":[{"href":"https:\/\/roveyayinevi.com.tr\/index.php\/wp-json\/wp\/v2\/product\/751744","targetHints":{"allow":["GET"]}}],"collection":[{"href":"https:\/\/roveyayinevi.com.tr\/index.php\/wp-json\/wp\/v2\/product"}],"about":[{"href":"https:\/\/roveyayinevi.com.tr\/index.php\/wp-json\/wp\/v2\/types\/product"}],"wp:attachment":[{"href":"https:\/\/roveyayinevi.com.tr\/index.php\/wp-json\/wp\/v2\/media?parent=751744"}],"wp:term":[{"taxonomy":"product_brand","embeddable":true,"href":"https:\/\/roveyayinevi.com.tr\/index.php\/wp-json\/wp\/v2\/product_brand?post=751744"},{"taxonomy":"product_cat","embeddable":true,"href":"https:\/\/roveyayinevi.com.tr\/index.php\/wp-json\/wp\/v2\/product_cat?post=751744"},{"taxonomy":"product_tag","embeddable":true,"href":"https:\/\/roveyayinevi.com.tr\/index.php\/wp-json\/wp\/v2\/product_tag?post=751744"}],"curies":[{"name":"wp","href":"https:\/\/api.w.org\/{rel}","templated":true}]}}