{"id":751740,"date":"2025-08-28T04:57:16","date_gmt":"2025-08-28T01:57:16","guid":{"rendered":"https:\/\/roveyayinevi.com.tr\/index.php\/urun\/lider-sizsiniz\/"},"modified":"2026-04-12T03:08:36","modified_gmt":"2026-04-12T00:08:36","slug":"lider-sizsiniz","status":"publish","type":"product","link":"https:\/\/roveyayinevi.com.tr\/index.php\/urun\/lider-sizsiniz\/","title":{"rendered":"Lider Sizsiniz"},"content":{"rendered":"<p>Liderlik birden fazla insan\u0131n bir arada bulundu\u011fu her yerde ihtiya\u00e7 duyulan bir stat\u00fc olup ailede, oyun gruplar\u0131 i\u00e7inde, herhangi bir ama\u00e7 i\u00e7in bir araya gelen topluluklarda, resmi ve \u00f6zel kurumlarda, \u00fclke y\u00f6netiminde mutlaka bir lidere ihtiya\u00e7 duyulur. Burada arzu edilen, bir arada olmadaki gayenin yerine getirilmesinde karga\u015falar\u0131n ya\u015fanmamas\u0131, sapmalar\u0131n olmamas\u0131, birlikteli\u011fin problemsiz y\u00fcr\u00fcmesidir. Ki\u015finin lider olabilmesi, \u00f6ncelikle kendisini izleyenler taraf\u0131ndan kabul g\u00f6rmesiyle m\u00fcmk\u00fcnd\u00fcr. \u00c7o\u011funlu\u011fun itaatine mazhar olmak \u00f6yle pek kolay olmayacakt\u0131r. Liderin; birlikteli\u011fin gere\u011fine uygun bilgi, beceri ve yeteneklere sahip olmakla birlikte o yetileri toplulu\u011fa nas\u0131l yans\u0131tt\u0131\u011f\u0131 da \u00f6nemlidir. Bu kitapta; liderlik olgusu, liderlik t\u00fcrleri, liderlik yakla\u015f\u0131mlar\u0131, liderli\u011fin k\u00fclt\u00fcrleraras\u0131 boyutu, liderin nitelikleri, liderin yetkinlikleri, liderlikte ba\u015far\u0131, sorunlarla ba\u015fa \u00e7\u0131kma, liderin takdir g\u00fcc\u00fc hakk\u0131nda bilgilere ula\u015fma imk\u00e2n\u0131 bulunacakt\u0131r. Unutmay\u0131n, lider sizsiniz!.. <\/p>\n","protected":false},"excerpt":{"rendered":"<p>Liderlik birden fazla insan\u0131n bir arada bulundu\u011fu her yerde ihtiya\u00e7 duyulan bir stat\u00fc olup ailede, oyun gruplar\u0131 i\u00e7inde, herhangi bir ama\u00e7 i\u00e7in bir araya gelen topluluklarda,<span class=\"excerpt-hellip\"> [\u2026]<\/span><\/p>\n","protected":false},"featured_media":0,"template":"","meta":{"_monsterinsights_skip_tracking":false,"_monsterinsights_sitenote_active":false,"_monsterinsights_sitenote_note":"","_monsterinsights_sitenote_category":0},"product_brand":[],"product_cat":[12364,12376],"product_tag":[],"class_list":{"0":"post-751740","1":"product","2":"type-product","3":"status-publish","5":"product_cat-genel-konular","6":"product_cat-kisisel-gelisim","7":"pa_cilt-ciltsiz","8":"pa_tur-kitap","9":"pa_yayinevi-cinaralti-yayinlari","10":"pa_yazar-nazmi-simsek","12":"first","13":"instock","14":"sale","15":"shipping-taxable","16":"purchasable","17":"product-type-simple"},"_links":{"self":[{"href":"https:\/\/roveyayinevi.com.tr\/index.php\/wp-json\/wp\/v2\/product\/751740","targetHints":{"allow":["GET"]}}],"collection":[{"href":"https:\/\/roveyayinevi.com.tr\/index.php\/wp-json\/wp\/v2\/product"}],"about":[{"href":"https:\/\/roveyayinevi.com.tr\/index.php\/wp-json\/wp\/v2\/types\/product"}],"wp:attachment":[{"href":"https:\/\/roveyayinevi.com.tr\/index.php\/wp-json\/wp\/v2\/media?parent=751740"}],"wp:term":[{"taxonomy":"product_brand","embeddable":true,"href":"https:\/\/roveyayinevi.com.tr\/index.php\/wp-json\/wp\/v2\/product_brand?post=751740"},{"taxonomy":"product_cat","embeddable":true,"href":"https:\/\/roveyayinevi.com.tr\/index.php\/wp-json\/wp\/v2\/product_cat?post=751740"},{"taxonomy":"product_tag","embeddable":true,"href":"https:\/\/roveyayinevi.com.tr\/index.php\/wp-json\/wp\/v2\/product_tag?post=751740"}],"curies":[{"name":"wp","href":"https:\/\/api.w.org\/{rel}","templated":true}]}}