{"id":751739,"date":"2025-08-28T04:57:14","date_gmt":"2025-08-28T01:57:14","guid":{"rendered":"https:\/\/roveyayinevi.com.tr\/index.php\/urun\/colpan-yildizi\/"},"modified":"2026-04-16T03:05:24","modified_gmt":"2026-04-16T00:05:24","slug":"colpan-yildizi","status":"publish","type":"product","link":"https:\/\/roveyayinevi.com.tr\/index.php\/urun\/colpan-yildizi\/","title":{"rendered":"\u00c7olpan Y\u0131ld\u0131z\u0131"},"content":{"rendered":"<p>\u201cOna her bakt\u0131\u011f\u0131mda f\u0131rt\u0131nalar kopard\u0131 i\u00e7imde. Sanki ay hilale, g\u00fcl goncaya dururdu. S\u00f6yleyemezdim hi\u00e7bir \u015fey. Onun bir Hun ulam\u0131\u015f\u0131 Asya bak\u0131\u015flar\u0131nda mavi yeleli atlar g\u00f6r\u00fcrd\u00fcm. Bir dolunay g\u00fczelli\u011fi ile sal\u0131n\u0131rd\u0131 kar\u015f\u0131mda. \u00d6t\u00fcken g\u00f6klerinin \u00c7olpan Y\u0131ld\u0131z\u0131, Iss\u0131k K\u00f6l\u2019\u00fcn maral\u0131yd\u0131 o.\u201d *** D\u00fcnyan\u0131n her yerine da\u011f\u0131lm\u0131\u015f olan 350 milyonluk T\u00fcrk d\u00fcnyas\u0131n\u0131 bir a\u015fk ekseninde bulu\u015fturmay\u0131 ama\u00e7layan Necdet Ekici, hik\u00e2yelerinde yerli ve milli bir bak\u0131\u015f a\u00e7\u0131s\u0131na sahiptir. \u00c7olpan Y\u0131ld\u0131z\u0131, T\u00fcrk birli\u011fi \u00fclk\u00fcs\u00fcn\u00fcn estetik de\u011ferlerle \u00f6r\u00fcl\u00fc edeb\u00ee bir metne d\u00f6n\u00fc\u015f\u00fcm\u00fcd\u00fcr. <\/p>\n","protected":false},"excerpt":{"rendered":"<p>\u201cOna her bakt\u0131\u011f\u0131mda f\u0131rt\u0131nalar kopard\u0131 i\u00e7imde. Sanki ay hilale, g\u00fcl goncaya dururdu. S\u00f6yleyemezdim hi\u00e7bir \u015fey. Onun bir Hun ulam\u0131\u015f\u0131 Asya bak\u0131\u015flar\u0131nda mavi yeleli atlar g\u00f6r\u00fcrd\u00fcm. Bir<span class=\"excerpt-hellip\"> [\u2026]<\/span><\/p>\n","protected":false},"featured_media":0,"template":"","meta":{"_monsterinsights_skip_tracking":false,"_monsterinsights_sitenote_active":false,"_monsterinsights_sitenote_note":"","_monsterinsights_sitenote_category":0},"product_brand":[],"product_cat":[12291,18202],"product_tag":[],"class_list":{"0":"post-751739","1":"product","2":"type-product","3":"status-publish","5":"product_cat-edebiyat","6":"product_cat-hikaye","7":"pa_cilt-ciltsiz","8":"pa_tur-kitap","9":"pa_yayinevi-cinaralti-yayinlari","10":"pa_yazar-necdet-ekici","12":"first","13":"instock","14":"sale","15":"shipping-taxable","16":"purchasable","17":"product-type-simple"},"_links":{"self":[{"href":"https:\/\/roveyayinevi.com.tr\/index.php\/wp-json\/wp\/v2\/product\/751739","targetHints":{"allow":["GET"]}}],"collection":[{"href":"https:\/\/roveyayinevi.com.tr\/index.php\/wp-json\/wp\/v2\/product"}],"about":[{"href":"https:\/\/roveyayinevi.com.tr\/index.php\/wp-json\/wp\/v2\/types\/product"}],"wp:attachment":[{"href":"https:\/\/roveyayinevi.com.tr\/index.php\/wp-json\/wp\/v2\/media?parent=751739"}],"wp:term":[{"taxonomy":"product_brand","embeddable":true,"href":"https:\/\/roveyayinevi.com.tr\/index.php\/wp-json\/wp\/v2\/product_brand?post=751739"},{"taxonomy":"product_cat","embeddable":true,"href":"https:\/\/roveyayinevi.com.tr\/index.php\/wp-json\/wp\/v2\/product_cat?post=751739"},{"taxonomy":"product_tag","embeddable":true,"href":"https:\/\/roveyayinevi.com.tr\/index.php\/wp-json\/wp\/v2\/product_tag?post=751739"}],"curies":[{"name":"wp","href":"https:\/\/api.w.org\/{rel}","templated":true}]}}