{"id":751738,"date":"2025-08-28T04:57:13","date_gmt":"2025-08-28T01:57:13","guid":{"rendered":"https:\/\/roveyayinevi.com.tr\/index.php\/urun\/farkindalik-bilinci\/"},"modified":"2026-04-03T03:06:58","modified_gmt":"2026-04-03T00:06:58","slug":"farkindalik-bilinci","status":"publish","type":"product","link":"https:\/\/roveyayinevi.com.tr\/index.php\/urun\/farkindalik-bilinci\/","title":{"rendered":"Fark\u0131ndal\u0131k Bilinci"},"content":{"rendered":"<p>\u0130nsan ne Aristo\u2019nun s\u00f6yledi\u011fi gibi \u201ckonu\u015fan\/d\u00fc\u015f\u00fcnen bir hayvan\u201d ne de Eflatun\u2019un s\u00f6yledi\u011fi gibi \u201csiyasal bir hayvan\u201dd\u0131r. \u0130nsan; m\u00fckemmeli arayan, bireysel olmaktan \u00e7ok bir toplulu\u011fun mensubu olarak hayat\u0131n\u0131 s\u00fcrd\u00fcren, toplumsal hayat ile ilgili bilin\u00e7 ta\u015f\u0131yan, kendi \u00fcst\u00fcndeki kuvveti\/kudreti tan\u0131mak isteyen bir varl\u0131kt\u0131r. \u0130nsan, var oldu\u011fu g\u00fcnden beri kendini aramakta ve her defas\u0131nda kendisi ile ilgili daha fazla bilinmeyenle kar\u015f\u0131la\u015fmaktad\u0131r. Bu durum, merak\u0131n\u0131 kam\u00e7\u0131lamakta ve gelece\u011fe dair arzular\u0131n\u0131 k\u00f6r\u00fcklemektedir. Kendini arayan insan, her yeni basamakta bir ba\u015fka y\u00f6n\u00fcn\u00fc ke\u015ffetmektedir. \u0130nsan; diri olan, bilen, irade sahibi, yapabilen, i\u015fiten, g\u00f6ren, d\u00fc\u015f\u00fcnen ve konu\u015fan bir varl\u0131kt\u0131r. Bu varl\u0131\u011f\u0131n, kendisiyle ilgili geli\u015ftirebildi\u011fi fark\u0131ndal\u0131k ve bilin\u00e7 d\u00fczeyi, o nispette hayat\u0131n\u0131 anlaml\u0131 ya\u015famas\u0131na katk\u0131 sa\u011flamaktad\u0131r. Bu kitap; insan\u0131n kendini tan\u0131mas\u0131na, yeteneklerini ke\u015ffetmesine ve fark\u0131ndal\u0131k bilinci olu\u015fturmas\u0131na katk\u0131 sunmay\u0131 gaye edinmektedir. <\/p>\n","protected":false},"excerpt":{"rendered":"<p>\u0130nsan ne Aristo\u2019nun s\u00f6yledi\u011fi gibi \u201ckonu\u015fan\/d\u00fc\u015f\u00fcnen bir hayvan\u201d ne de Eflatun\u2019un s\u00f6yledi\u011fi gibi \u201csiyasal bir hayvan\u201dd\u0131r. \u0130nsan; m\u00fckemmeli arayan, bireysel olmaktan \u00e7ok bir toplulu\u011fun mensubu olarak<span class=\"excerpt-hellip\"> [\u2026]<\/span><\/p>\n","protected":false},"featured_media":0,"template":"","meta":{"_monsterinsights_skip_tracking":false,"_monsterinsights_sitenote_active":false,"_monsterinsights_sitenote_note":"","_monsterinsights_sitenote_category":0},"product_brand":[],"product_cat":[12364,12376],"product_tag":[],"class_list":{"0":"post-751738","1":"product","2":"type-product","3":"status-publish","5":"product_cat-genel-konular","6":"product_cat-kisisel-gelisim","7":"pa_cilt-ciltsiz","8":"pa_tur-kitap","9":"pa_yayinevi-cinaralti-yayinlari","10":"pa_yazar-nazmi-simsek","12":"first","13":"instock","14":"sale","15":"shipping-taxable","16":"purchasable","17":"product-type-simple"},"_links":{"self":[{"href":"https:\/\/roveyayinevi.com.tr\/index.php\/wp-json\/wp\/v2\/product\/751738","targetHints":{"allow":["GET"]}}],"collection":[{"href":"https:\/\/roveyayinevi.com.tr\/index.php\/wp-json\/wp\/v2\/product"}],"about":[{"href":"https:\/\/roveyayinevi.com.tr\/index.php\/wp-json\/wp\/v2\/types\/product"}],"wp:attachment":[{"href":"https:\/\/roveyayinevi.com.tr\/index.php\/wp-json\/wp\/v2\/media?parent=751738"}],"wp:term":[{"taxonomy":"product_brand","embeddable":true,"href":"https:\/\/roveyayinevi.com.tr\/index.php\/wp-json\/wp\/v2\/product_brand?post=751738"},{"taxonomy":"product_cat","embeddable":true,"href":"https:\/\/roveyayinevi.com.tr\/index.php\/wp-json\/wp\/v2\/product_cat?post=751738"},{"taxonomy":"product_tag","embeddable":true,"href":"https:\/\/roveyayinevi.com.tr\/index.php\/wp-json\/wp\/v2\/product_tag?post=751738"}],"curies":[{"name":"wp","href":"https:\/\/api.w.org\/{rel}","templated":true}]}}