{"id":751735,"date":"2025-08-28T04:57:09","date_gmt":"2025-08-28T01:57:09","guid":{"rendered":"https:\/\/roveyayinevi.com.tr\/index.php\/urun\/100e-kadar-sayalim-ciltli\/"},"modified":"2026-04-16T03:05:24","modified_gmt":"2026-04-16T00:05:24","slug":"100e-kadar-sayalim-ciltli","status":"publish","type":"product","link":"https:\/\/roveyayinevi.com.tr\/index.php\/urun\/100e-kadar-sayalim-ciltli\/","title":{"rendered":"100\u2019e Kadar Sayal\u0131m (Ciltli)"},"content":{"rendered":"<p>100\u2019e Kadar Sayal\u0131m 1 dolunay, 2 k\u00fc\u00e7\u00fck k\u00f6pek, 3 k\u0131rm\u0131z\u0131 otob\u00fcs, 4 ilgin\u00e7 ev\u2026 Minikler bu kitapla hem 100\u2019e kadar saymay\u0131 \u00f6\u011frenecek hem de hayvanlar\u0131, bitkileri ve nesneleri ay\u0131rt edecek. <\/p>\n","protected":false},"excerpt":{"rendered":"<p>100\u2019e Kadar Sayal\u0131m 1 dolunay, 2 k\u00fc\u00e7\u00fck k\u00f6pek, 3 k\u0131rm\u0131z\u0131 otob\u00fcs, 4 ilgin\u00e7 ev\u2026 Minikler bu kitapla hem 100\u2019e kadar saymay\u0131 \u00f6\u011frenecek hem de hayvanlar\u0131, bitkileri<span class=\"excerpt-hellip\"> [\u2026]<\/span><\/p>\n","protected":false},"featured_media":0,"template":"","meta":{"_monsterinsights_skip_tracking":false,"_monsterinsights_sitenote_active":false,"_monsterinsights_sitenote_note":"","_monsterinsights_sitenote_category":0},"product_brand":[],"product_cat":[12274,12518],"product_tag":[],"class_list":{"0":"post-751735","1":"product","2":"type-product","3":"status-publish","5":"product_cat-cocuk-ve-genclik-kitaplari","6":"product_cat-okul-oncesi-kitaplar","7":"pa_cilt-ciltli","8":"pa_tur-kitap","9":"pa_yayinevi-is-bankasi-kultur-yayinlari","10":"pa_yazar-felicity-brooks","12":"first","13":"instock","14":"sale","15":"shipping-taxable","16":"purchasable","17":"product-type-simple"},"_links":{"self":[{"href":"https:\/\/roveyayinevi.com.tr\/index.php\/wp-json\/wp\/v2\/product\/751735","targetHints":{"allow":["GET"]}}],"collection":[{"href":"https:\/\/roveyayinevi.com.tr\/index.php\/wp-json\/wp\/v2\/product"}],"about":[{"href":"https:\/\/roveyayinevi.com.tr\/index.php\/wp-json\/wp\/v2\/types\/product"}],"wp:attachment":[{"href":"https:\/\/roveyayinevi.com.tr\/index.php\/wp-json\/wp\/v2\/media?parent=751735"}],"wp:term":[{"taxonomy":"product_brand","embeddable":true,"href":"https:\/\/roveyayinevi.com.tr\/index.php\/wp-json\/wp\/v2\/product_brand?post=751735"},{"taxonomy":"product_cat","embeddable":true,"href":"https:\/\/roveyayinevi.com.tr\/index.php\/wp-json\/wp\/v2\/product_cat?post=751735"},{"taxonomy":"product_tag","embeddable":true,"href":"https:\/\/roveyayinevi.com.tr\/index.php\/wp-json\/wp\/v2\/product_tag?post=751735"}],"curies":[{"name":"wp","href":"https:\/\/api.w.org\/{rel}","templated":true}]}}