{"id":751730,"date":"2025-08-28T04:57:01","date_gmt":"2025-08-28T01:57:01","guid":{"rendered":"https:\/\/roveyayinevi.com.tr\/index.php\/urun\/cok-uzun-suren-uyku\/"},"modified":"2026-04-16T03:04:52","modified_gmt":"2026-04-16T00:04:52","slug":"cok-uzun-suren-uyku","status":"publish","type":"product","link":"https:\/\/roveyayinevi.com.tr\/index.php\/urun\/cok-uzun-suren-uyku\/","title":{"rendered":"\u00c7ok Uzun S\u00fcren Uyku"},"content":{"rendered":"<p>Tilki, \u00c7izgili Sincap, Yer Sincab\u0131 ve Ay\u0131 \u00f6yle iyi arkada\u015flard\u0131 ki ormanda bir ev in\u015fa edip birlikte ya\u015famaya karar verdiler. Ama k\u0131\u015f gelince \u00c7izgili Sincap, Yer Sincab\u0131 ve Ay\u0131 derin bir uykuya dald\u0131. Tilki ne kadar u\u011fra\u015fsa da bir t\u00fcrl\u00fc uyand\u0131ramad\u0131 onlar\u0131. Tilki \u00e7ok yaln\u0131z kald\u0131, \u00fcstelik \u00fc\u00e7 arkada\u015f\u0131na paketler gelmeye ba\u015flay\u0131nca kafas\u0131 iyice kar\u0131\u015ft\u0131. Acaba paketlerin i\u00e7inde ne vard\u0131? Peki, arkada\u015flar\u0131 ne zaman uyanacakt\u0131? <\/p>\n","protected":false},"excerpt":{"rendered":"<p>Tilki, \u00c7izgili Sincap, Yer Sincab\u0131 ve Ay\u0131 \u00f6yle iyi arkada\u015flard\u0131 ki ormanda bir ev in\u015fa edip birlikte ya\u015famaya karar verdiler. Ama k\u0131\u015f gelince \u00c7izgili Sincap, Yer<span class=\"excerpt-hellip\"> [\u2026]<\/span><\/p>\n","protected":false},"featured_media":0,"template":"","meta":{"_monsterinsights_skip_tracking":false,"_monsterinsights_sitenote_active":false,"_monsterinsights_sitenote_note":"","_monsterinsights_sitenote_category":0},"product_brand":[],"product_cat":[12274,12284],"product_tag":[],"class_list":{"0":"post-751730","1":"product","2":"type-product","3":"status-publish","5":"product_cat-cocuk-ve-genclik-kitaplari","6":"product_cat-hikayeler","7":"pa_cilt-ciltsiz","8":"pa_tur-kitap","9":"pa_yayinevi-is-bankasi-kultur-yayinlari","10":"pa_yazar-polly-noakes","12":"first","13":"instock","14":"sale","15":"shipping-taxable","16":"purchasable","17":"product-type-simple"},"_links":{"self":[{"href":"https:\/\/roveyayinevi.com.tr\/index.php\/wp-json\/wp\/v2\/product\/751730","targetHints":{"allow":["GET"]}}],"collection":[{"href":"https:\/\/roveyayinevi.com.tr\/index.php\/wp-json\/wp\/v2\/product"}],"about":[{"href":"https:\/\/roveyayinevi.com.tr\/index.php\/wp-json\/wp\/v2\/types\/product"}],"wp:attachment":[{"href":"https:\/\/roveyayinevi.com.tr\/index.php\/wp-json\/wp\/v2\/media?parent=751730"}],"wp:term":[{"taxonomy":"product_brand","embeddable":true,"href":"https:\/\/roveyayinevi.com.tr\/index.php\/wp-json\/wp\/v2\/product_brand?post=751730"},{"taxonomy":"product_cat","embeddable":true,"href":"https:\/\/roveyayinevi.com.tr\/index.php\/wp-json\/wp\/v2\/product_cat?post=751730"},{"taxonomy":"product_tag","embeddable":true,"href":"https:\/\/roveyayinevi.com.tr\/index.php\/wp-json\/wp\/v2\/product_tag?post=751730"}],"curies":[{"name":"wp","href":"https:\/\/api.w.org\/{rel}","templated":true}]}}