{"id":751728,"date":"2025-08-28T04:56:58","date_gmt":"2025-08-28T01:56:58","guid":{"rendered":"https:\/\/roveyayinevi.com.tr\/index.php\/urun\/arkadas-olalim-mi-2\/"},"modified":"2026-04-16T03:04:52","modified_gmt":"2026-04-16T00:04:52","slug":"arkadas-olalim-mi-2","status":"publish","type":"product","link":"https:\/\/roveyayinevi.com.tr\/index.php\/urun\/arkadas-olalim-mi-2\/","title":{"rendered":"Arkada\u015f Olal\u0131m m\u0131?"},"content":{"rendered":"<p>Minik galago, kendini yaln\u0131z hissediyordu. Bir arkada\u015f bulmaya karar verdi. Ama kimse onunla arkada\u015f olmak istemedi! Tam o s\u0131rada, muhte\u015fem bir \u015fey oldu! Dostlu\u011fun hi\u00e7 beklenmedik zamanlarda kar\u015f\u0131m\u0131za \u00e7\u0131kabilece\u011fine dair bir hik\u00e2ye&#8230; <\/p>\n","protected":false},"excerpt":{"rendered":"<p>Minik galago, kendini yaln\u0131z hissediyordu. Bir arkada\u015f bulmaya karar verdi. Ama kimse onunla arkada\u015f olmak istemedi! Tam o s\u0131rada, muhte\u015fem bir \u015fey oldu! Dostlu\u011fun hi\u00e7 beklenmedik<span class=\"excerpt-hellip\"> [\u2026]<\/span><\/p>\n","protected":false},"featured_media":0,"template":"","meta":{"_monsterinsights_skip_tracking":false,"_monsterinsights_sitenote_active":false,"_monsterinsights_sitenote_note":"","_monsterinsights_sitenote_category":0},"product_brand":[],"product_cat":[12274,12284],"product_tag":[],"class_list":{"0":"post-751728","1":"product","2":"type-product","3":"status-publish","5":"product_cat-cocuk-ve-genclik-kitaplari","6":"product_cat-hikayeler","7":"pa_cilt-ciltsiz","8":"pa_tur-kitap","9":"pa_yayinevi-is-bankasi-kultur-yayinlari","10":"pa_yazar-russell-ayto","12":"first","13":"instock","14":"sale","15":"shipping-taxable","16":"purchasable","17":"product-type-simple"},"_links":{"self":[{"href":"https:\/\/roveyayinevi.com.tr\/index.php\/wp-json\/wp\/v2\/product\/751728","targetHints":{"allow":["GET"]}}],"collection":[{"href":"https:\/\/roveyayinevi.com.tr\/index.php\/wp-json\/wp\/v2\/product"}],"about":[{"href":"https:\/\/roveyayinevi.com.tr\/index.php\/wp-json\/wp\/v2\/types\/product"}],"wp:attachment":[{"href":"https:\/\/roveyayinevi.com.tr\/index.php\/wp-json\/wp\/v2\/media?parent=751728"}],"wp:term":[{"taxonomy":"product_brand","embeddable":true,"href":"https:\/\/roveyayinevi.com.tr\/index.php\/wp-json\/wp\/v2\/product_brand?post=751728"},{"taxonomy":"product_cat","embeddable":true,"href":"https:\/\/roveyayinevi.com.tr\/index.php\/wp-json\/wp\/v2\/product_cat?post=751728"},{"taxonomy":"product_tag","embeddable":true,"href":"https:\/\/roveyayinevi.com.tr\/index.php\/wp-json\/wp\/v2\/product_tag?post=751728"}],"curies":[{"name":"wp","href":"https:\/\/api.w.org\/{rel}","templated":true}]}}