{"id":751727,"date":"2025-08-28T04:56:58","date_gmt":"2025-08-28T01:56:58","guid":{"rendered":"https:\/\/roveyayinevi.com.tr\/index.php\/urun\/cogito-sayi-77-aristoteles\/"},"modified":"2026-04-16T03:04:52","modified_gmt":"2026-04-16T00:04:52","slug":"cogito-sayi-77-aristoteles","status":"publish","type":"product","link":"https:\/\/roveyayinevi.com.tr\/index.php\/urun\/cogito-sayi-77-aristoteles\/","title":{"rendered":"Cogito Say\u0131: 77 Aristoteles"},"content":{"rendered":"<p>Cogito&#8217;dan &#8211; Aristoteles \u00d6zel Say\u0131s\u0131Hakan Y\u00fccefer &#8211; Aristoteles&#8217;in Metafizi\u011fiY. Gurur Sev &#8211; Aristoteles&#8217;in Ousia \u00dc\u00e7lemesi: Zeta, Eta, ThetaEsra \u00c7a\u011fr\u0131 Mutlu &#8211; Aristoteles&#8217;te T\u00f6z (Ousia) Ba\u011flam\u0131nda Varl\u0131\u011f\u0131n \u00c7okanlaml\u0131l\u0131\u011f\u0131 ve Maddenin (Hyle) Rol\u00fcAylin \u00c7ankaya &#8211; Aristoteles&#8217;te Nous ve Noesis Kavramlar\u0131 \u00dczerine BelirlemelerZeki \u00d6zcan &#8211; Aristoteles&#8217;te Nous Kavram\u0131Martin Heideggr &#8211; Aristoteles&#8217;in Temel Kavramlar\u0131Aristoteles &#8211; Hayvanlar\u0131n \u00dcremesi \u00dczerine, III, 10\u00d6mer Ayg\u00fcn &#8211; Aristoteles \u0130\u015f Ba\u015f\u0131nda Hayvanlar\u0131n \u00dcremesi \u00dczerine, III, 10Hatice Nur Erk\u0131zan &#8211; Aristoteles&#8217;tee \u0130nsan Anlay\u0131\u015f\u0131Nazile Kalayc\u0131 &#8211; Daimon&#8217;dan eudaimonia&#8217;ya: Aristoteles&#8217;te MutlulukCharilaos Platanakis &#8211; Aristoteles\u00e7i Arkada\u015flar\u0131n Zorunlulu\u011fuSevgi \u0130yi &#8211; Aristoteles ve Uygulamal\u0131 FelsefeKaan H. \u00d6kten &#8211; Prohairesis ve DikaiosuneBarbaros Yan\u0131k &#8211; Aristoteles&#8217;in Vatanda\u015fl\u0131k Kavram\u0131 ve Ortak \u00c7\u0131kar MeselesiVolkan Y\u00fccel &#8211; Aristoteles&#8217;in Poietika&#8217;s\u0131 &#8211; Toplumsalla\u015ft\u0131r\u0131c\u0131 Anlat\u0131Tufan \u00c7\u00f6tok &#8211; Aristoteles&#8217;in Tragedya Anlay\u0131\u015f\u0131nda \u00d6yk\u00fcn\u00fcn De\u011feri<\/p>\n","protected":false},"excerpt":{"rendered":"<p>Cogito&#8217;dan &#8211; Aristoteles \u00d6zel Say\u0131s\u0131Hakan Y\u00fccefer &#8211; Aristoteles&#8217;in Metafizi\u011fiY. Gurur Sev &#8211; Aristoteles&#8217;in Ousia \u00dc\u00e7lemesi: Zeta, Eta, ThetaEsra \u00c7a\u011fr\u0131 Mutlu &#8211; Aristoteles&#8217;te T\u00f6z (Ousia) Ba\u011flam\u0131nda Varl\u0131\u011f\u0131n<span class=\"excerpt-hellip\"> [\u2026]<\/span><\/p>\n","protected":false},"featured_media":0,"template":"","meta":{"_monsterinsights_skip_tracking":false,"_monsterinsights_sitenote_active":false,"_monsterinsights_sitenote_note":"","_monsterinsights_sitenote_category":0},"product_brand":[],"product_cat":[13527],"product_tag":[],"class_list":{"0":"post-751727","1":"product","2":"type-product","3":"status-publish","5":"product_cat-sureli-yayinlar","6":"pa_cilt-ciltsiz","7":"pa_tur-dergi","8":"pa_yayinevi-yapi-kredi-yayinlari-dergi","9":"pa_yazar-kolektif","11":"first","12":"instock","13":"sale","14":"shipping-taxable","15":"purchasable","16":"product-type-simple"},"_links":{"self":[{"href":"https:\/\/roveyayinevi.com.tr\/index.php\/wp-json\/wp\/v2\/product\/751727","targetHints":{"allow":["GET"]}}],"collection":[{"href":"https:\/\/roveyayinevi.com.tr\/index.php\/wp-json\/wp\/v2\/product"}],"about":[{"href":"https:\/\/roveyayinevi.com.tr\/index.php\/wp-json\/wp\/v2\/types\/product"}],"wp:attachment":[{"href":"https:\/\/roveyayinevi.com.tr\/index.php\/wp-json\/wp\/v2\/media?parent=751727"}],"wp:term":[{"taxonomy":"product_brand","embeddable":true,"href":"https:\/\/roveyayinevi.com.tr\/index.php\/wp-json\/wp\/v2\/product_brand?post=751727"},{"taxonomy":"product_cat","embeddable":true,"href":"https:\/\/roveyayinevi.com.tr\/index.php\/wp-json\/wp\/v2\/product_cat?post=751727"},{"taxonomy":"product_tag","embeddable":true,"href":"https:\/\/roveyayinevi.com.tr\/index.php\/wp-json\/wp\/v2\/product_tag?post=751727"}],"curies":[{"name":"wp","href":"https:\/\/api.w.org\/{rel}","templated":true}]}}