{"id":751725,"date":"2025-08-28T04:56:55","date_gmt":"2025-08-28T01:56:55","guid":{"rendered":"https:\/\/roveyayinevi.com.tr\/index.php\/urun\/birinci-dunya-savasinda-osmanli-kadinlari\/"},"modified":"2026-04-16T03:04:52","modified_gmt":"2026-04-16T00:04:52","slug":"birinci-dunya-savasinda-osmanli-kadinlari","status":"publish","type":"product","link":"https:\/\/roveyayinevi.com.tr\/index.php\/urun\/birinci-dunya-savasinda-osmanli-kadinlari\/","title":{"rendered":"Birinci D\u00fcnya Sava\u015f\u0131&#8217;nda Osmanl\u0131 Kad\u0131nlar\u0131"},"content":{"rendered":"<p>Osmanl\u0131 toplumu a\u00e7\u0131s\u0131ndan I. D\u00fcnya Sava\u015f\u0131 d\u00f6rt y\u0131ldan daha uzun s\u00fcrd\u00fc. 1911 Trablusgarp Sava\u015f\u0131 ile ba\u015flay\u0131p Balkan Sava\u015flar\u0131, Cihan Harbi ve Kurtulu\u015f Sava\u015f\u0131 ile devam eden sava\u015f hali 1922\u2019de sona erdi. 11 y\u0131ll\u0131k bu dramatik s\u00fcre\u00e7te bir imparatorluk y\u0131k\u0131l\u0131rken, onun k\u00fcllerinden yeni T\u00fcrkiye Cumhuriyeti do\u011fdu. Bu zorlu s\u00fcrecin en ma\u011fdur toplumsal kesimi cephe gerisinde kalanlar, \u00f6zellikle de yoksul, kimsesiz ve korumas\u0131z kad\u0131nlar oldu. Elif Mahir Metinsoy\u2019un, ilk kez 2017\u2019de Cambridge University Press\u2019ten \u00e7\u0131kan, Birinci D\u00fcnya Sava\u015f\u0131\u2019nda Osmanl\u0131 Kad\u0131nlar\u0131. G\u00fcndelik Ya\u015famda Siyaset ve M\u00fccadele adl\u0131 \u00e7al\u0131\u015fmas\u0131 bu kad\u0131nlar\u0131n deneyimlerini ortaya koyuyor. Kitap, d\u00f6nemi ele alan Osmanl\u0131-T\u00fcrk kad\u0131n tarihyaz\u0131m\u0131ndaki e\u011fitimli ve elit kad\u0131n yazarlar\u0131, onlar\u0131n yay\u0131nc\u0131l\u0131k ve dernek faaliyetlerini \u00f6ne \u00e7\u0131karma yakla\u015f\u0131m\u0131 yerine, ilgi oda\u011f\u0131na yoksul, kimsesiz ve \u00e7o\u011fu ta\u015frada ya\u015fayan kad\u0131nlar\u0131 yerle\u015ftiriyor. \u0130\u011fneyle kuyu kazar gibi yap\u0131lm\u0131\u015f bir ar\u015fiv \u00e7al\u0131\u015fmas\u0131yla; kad\u0131nlar\u0131n telgraflar\u0131na, dilek\u00e7elerine, karakol ve mahkeme tutanaklar\u0131na, gazete haberlerine, an\u0131 ve mektuplara dayanarak \u201cme\u00e7hul asker\u201din \u201cme\u00e7hul kad\u0131n\u0131\u201dn\u0131n bug\u00fcne dek anlat\u0131lmam\u0131\u015f hik\u00e2yesini anlat\u0131yor. Bu kad\u0131nlar\u0131n \u00e7ilelerini, ekmek ve adalet m\u00fccadelelerini, g\u00fcndelik hayat\u0131n bir par\u00e7as\u0131 haline gelen protestolar\u0131n\u0131 ve eylemlerini, bedenleri \u00fczerindeki dayatmalar\u0131 a\u015fmaya y\u00f6nelik \u00e7abalar\u0131n\u0131 canl\u0131 tablolar halinde g\u00f6zlerimizin \u00f6n\u00fcne seriyor. Yazar, kad\u0131nlar\u0131n sadece sava\u015fa destek olmalar\u0131 sayesinde de\u011fil, protesto, m\u00fccadele ve direni\u015fleriyle de devleti onlar\u0131 dikkate almaya ve sorunlar\u0131n\u0131 \u00e7\u00f6zmeye zorlad\u0131\u011f\u0131na i\u015faret ediyor. <\/p>\n","protected":false},"excerpt":{"rendered":"<p>Osmanl\u0131 toplumu a\u00e7\u0131s\u0131ndan I. D\u00fcnya Sava\u015f\u0131 d\u00f6rt y\u0131ldan daha uzun s\u00fcrd\u00fc. 1911 Trablusgarp Sava\u015f\u0131 ile ba\u015flay\u0131p Balkan Sava\u015flar\u0131, Cihan Harbi ve Kurtulu\u015f Sava\u015f\u0131 ile devam eden<span class=\"excerpt-hellip\"> [\u2026]<\/span><\/p>\n","protected":false},"featured_media":0,"template":"","meta":{"_monsterinsights_skip_tracking":false,"_monsterinsights_sitenote_active":false,"_monsterinsights_sitenote_note":"","_monsterinsights_sitenote_category":0},"product_brand":[],"product_cat":[12304],"product_tag":[],"class_list":{"0":"post-751725","1":"product","2":"type-product","3":"status-publish","5":"product_cat-tarih","6":"pa_cilt-ciltsiz","7":"pa_tur-kitap","8":"pa_yayinevi-is-bankasi-kultur-yayinlari","9":"pa_yazar-elif-mahir-metinsoy","11":"first","12":"instock","13":"sale","14":"shipping-taxable","15":"purchasable","16":"product-type-simple"},"_links":{"self":[{"href":"https:\/\/roveyayinevi.com.tr\/index.php\/wp-json\/wp\/v2\/product\/751725","targetHints":{"allow":["GET"]}}],"collection":[{"href":"https:\/\/roveyayinevi.com.tr\/index.php\/wp-json\/wp\/v2\/product"}],"about":[{"href":"https:\/\/roveyayinevi.com.tr\/index.php\/wp-json\/wp\/v2\/types\/product"}],"wp:attachment":[{"href":"https:\/\/roveyayinevi.com.tr\/index.php\/wp-json\/wp\/v2\/media?parent=751725"}],"wp:term":[{"taxonomy":"product_brand","embeddable":true,"href":"https:\/\/roveyayinevi.com.tr\/index.php\/wp-json\/wp\/v2\/product_brand?post=751725"},{"taxonomy":"product_cat","embeddable":true,"href":"https:\/\/roveyayinevi.com.tr\/index.php\/wp-json\/wp\/v2\/product_cat?post=751725"},{"taxonomy":"product_tag","embeddable":true,"href":"https:\/\/roveyayinevi.com.tr\/index.php\/wp-json\/wp\/v2\/product_tag?post=751725"}],"curies":[{"name":"wp","href":"https:\/\/api.w.org\/{rel}","templated":true}]}}