{"id":751724,"date":"2025-08-28T04:56:54","date_gmt":"2025-08-28T01:56:54","guid":{"rendered":"https:\/\/roveyayinevi.com.tr\/index.php\/urun\/mantik-ve-bilim-teorisi-uzerine\/"},"modified":"2026-04-16T03:04:52","modified_gmt":"2026-04-16T00:04:52","slug":"mantik-ve-bilim-teorisi-uzerine","status":"publish","type":"product","link":"https:\/\/roveyayinevi.com.tr\/index.php\/urun\/mantik-ve-bilim-teorisi-uzerine\/","title":{"rendered":"Mant\u0131k ve Bilim Teorisi \u00dczerine"},"content":{"rendered":"<p>\u201cTepeden t\u0131rna\u011fa patlay\u0131c\u0131 y\u00fckl\u00fc bir matematik felsefecisi; akl\u0131 ba\u015f\u0131nda ama g\u00f6z\u00fc pek, iyimser olmayan kararl\u0131 biri. E\u011fer bu bir kahraman de\u011filse, o zaman kahraman kimdir?\u201d                                                                                                            &#8211; Georges Canguilhem. Matematikte oldu\u011fu gibi, deneyim de belli bir \u201critme\u201d g\u00f6re, kurallara ba\u011fl\u0131 olarak m\u00fcmk\u00fcnd\u00fcr. Fransa&#8217;n\u0131n i\u015fgaline, \u201cmant\u0131\u011f\u0131n bir getirisi olarak\u201d direni\u015fle cevap veren Cavaill\u00e8s 1944 y\u0131l\u0131nda Naziler taraf\u0131ndan kur\u015funa dizilir. Mant\u0131k ve Bilim Teorisi \u00dczerine 20. y\u00fczy\u0131l ak\u0131lc\u0131 Frans\u0131z felsefesi gelene\u011finin \u00f6nc\u00fclerinden Cavaill\u00e8s&#8217;in son eseridir. <\/p>\n","protected":false},"excerpt":{"rendered":"<p>\u201cTepeden t\u0131rna\u011fa patlay\u0131c\u0131 y\u00fckl\u00fc bir matematik felsefecisi; akl\u0131 ba\u015f\u0131nda ama g\u00f6z\u00fc pek, iyimser olmayan kararl\u0131 biri. E\u011fer bu bir kahraman de\u011filse, o zaman kahraman kimdir?\u201d &#8211;<span class=\"excerpt-hellip\"> [\u2026]<\/span><\/p>\n","protected":false},"featured_media":0,"template":"","meta":{"_monsterinsights_skip_tracking":false,"_monsterinsights_sitenote_active":false,"_monsterinsights_sitenote_note":"","_monsterinsights_sitenote_category":0},"product_brand":[],"product_cat":[16038,12388],"product_tag":[],"class_list":{"0":"post-751724","1":"product","2":"type-product","3":"status-publish","5":"product_cat-arastirma-inceleme-referans-felsefe","6":"product_cat-felsefe","7":"pa_cilt-ciltsiz","8":"pa_tur-kitap","9":"pa_yayinevi-is-bankasi-kultur-yayinlari","10":"pa_yazar-jean-cavailles","12":"first","13":"instock","14":"sale","15":"shipping-taxable","16":"purchasable","17":"product-type-simple"},"_links":{"self":[{"href":"https:\/\/roveyayinevi.com.tr\/index.php\/wp-json\/wp\/v2\/product\/751724","targetHints":{"allow":["GET"]}}],"collection":[{"href":"https:\/\/roveyayinevi.com.tr\/index.php\/wp-json\/wp\/v2\/product"}],"about":[{"href":"https:\/\/roveyayinevi.com.tr\/index.php\/wp-json\/wp\/v2\/types\/product"}],"wp:attachment":[{"href":"https:\/\/roveyayinevi.com.tr\/index.php\/wp-json\/wp\/v2\/media?parent=751724"}],"wp:term":[{"taxonomy":"product_brand","embeddable":true,"href":"https:\/\/roveyayinevi.com.tr\/index.php\/wp-json\/wp\/v2\/product_brand?post=751724"},{"taxonomy":"product_cat","embeddable":true,"href":"https:\/\/roveyayinevi.com.tr\/index.php\/wp-json\/wp\/v2\/product_cat?post=751724"},{"taxonomy":"product_tag","embeddable":true,"href":"https:\/\/roveyayinevi.com.tr\/index.php\/wp-json\/wp\/v2\/product_tag?post=751724"}],"curies":[{"name":"wp","href":"https:\/\/api.w.org\/{rel}","templated":true}]}}