{"id":751721,"date":"2025-08-28T04:56:49","date_gmt":"2025-08-28T01:56:49","guid":{"rendered":"https:\/\/roveyayinevi.com.tr\/index.php\/urun\/deliligin-daglarinda-ciltli\/"},"modified":"2026-04-16T03:04:52","modified_gmt":"2026-04-16T00:04:52","slug":"deliligin-daglarinda-ciltli","status":"publish","type":"product","link":"https:\/\/roveyayinevi.com.tr\/index.php\/urun\/deliligin-daglarinda-ciltli\/","title":{"rendered":"Delili\u011fin Da\u011flar\u0131nda (Ciltli)"},"content":{"rendered":"<p>Yirminci y\u00fczy\u0131l ba\u015f\u0131. Bilim ve teknik b\u00fcy\u00fck s\u0131\u00e7ramalarla ilerliyor. \u0130nsanl\u0131k d\u00fcnyada ke\u015ffedilmemi\u015f nokta, bilinmeyen olgu b\u0131rakmamaya kararl\u0131. Bu s\u0131rada, Miskatonic \u00dcniversitesi\u2019nden jeolog William Dyer, bilim d\u00fcnyas\u0131n\u0131 Antarktika\u2019ya y\u00f6nelik bir bilimsel ke\u015fif seferinden vazge\u00e7irmek \u00fczere kaleme sar\u0131l\u0131r. Dyer, bilimsel inceleme yapmak \u00fczere 1930 y\u0131l\u0131nda b\u00f6lgeye gitmi\u015f gruptan geriye d\u00f6nebilen iki ki\u015fiden biridir. Kutbun \u00fccra y\u00f6relerine yapt\u0131klar\u0131 ke\u015fif seferi tarihin, jeolojinin, biyolojinin ve mant\u0131\u011f\u0131n tek tek iflas etti\u011fi bir deh\u015fet dalgas\u0131na d\u00f6n\u00fc\u015fm\u00fc\u015ft\u00fcr. Antarktika\u2019da g\u00f6klere uzanan s\u0131rada\u011flar aras\u0131nda insanl\u0131\u011f\u0131 bekleyen tehlike ne olabilir? Dyer ak\u0131nt\u0131ya kar\u015f\u0131 k\u00fcrek \u00e7ekerek, ak\u0131l almaz olan\u0131 insanl\u0131\u011fa anlatmaya \u00e7al\u0131\u015f\u0131r. H. P. Lovecraft\u2019\u0131n son d\u00f6nem yap\u0131tlar\u0131ndan Delili\u011fin Da\u011flar\u0131nda, yazar\u0131n engin d\u00fc\u015f g\u00fcc\u00fcn\u00fcn bir sentezi gibidir. Bu d\u00fc\u015f g\u00fcc\u00fcn\u00fcn yaratt\u0131\u011f\u0131 \u00e7e\u015fitli karakterler ve yarat\u0131klar buzullar\u0131n aras\u0131nda \u00fcrpertici oyunlar oynamak \u00fczere bir araya gelirler. <\/p>\n","protected":false},"excerpt":{"rendered":"<p>Yirminci y\u00fczy\u0131l ba\u015f\u0131. Bilim ve teknik b\u00fcy\u00fck s\u0131\u00e7ramalarla ilerliyor. \u0130nsanl\u0131k d\u00fcnyada ke\u015ffedilmemi\u015f nokta, bilinmeyen olgu b\u0131rakmamaya kararl\u0131. Bu s\u0131rada, Miskatonic \u00dcniversitesi\u2019nden jeolog William Dyer, bilim d\u00fcnyas\u0131n\u0131<span class=\"excerpt-hellip\"> [\u2026]<\/span><\/p>\n","protected":false},"featured_media":0,"template":"","meta":{"_monsterinsights_skip_tracking":false,"_monsterinsights_sitenote_active":false,"_monsterinsights_sitenote_note":"","_monsterinsights_sitenote_category":0},"product_brand":[],"product_cat":[12540,12291],"product_tag":[],"class_list":{"0":"post-751721","1":"product","2":"type-product","3":"status-publish","5":"product_cat-bilim-kurgu","6":"product_cat-edebiyat","7":"pa_cilt-ciltli","8":"pa_tur-kitap","9":"pa_yayinevi-is-bankasi-kultur-yayinlari","10":"pa_yazar-howard-phillips-lovecraft","12":"first","13":"instock","14":"sale","15":"shipping-taxable","16":"purchasable","17":"product-type-simple"},"_links":{"self":[{"href":"https:\/\/roveyayinevi.com.tr\/index.php\/wp-json\/wp\/v2\/product\/751721","targetHints":{"allow":["GET"]}}],"collection":[{"href":"https:\/\/roveyayinevi.com.tr\/index.php\/wp-json\/wp\/v2\/product"}],"about":[{"href":"https:\/\/roveyayinevi.com.tr\/index.php\/wp-json\/wp\/v2\/types\/product"}],"wp:attachment":[{"href":"https:\/\/roveyayinevi.com.tr\/index.php\/wp-json\/wp\/v2\/media?parent=751721"}],"wp:term":[{"taxonomy":"product_brand","embeddable":true,"href":"https:\/\/roveyayinevi.com.tr\/index.php\/wp-json\/wp\/v2\/product_brand?post=751721"},{"taxonomy":"product_cat","embeddable":true,"href":"https:\/\/roveyayinevi.com.tr\/index.php\/wp-json\/wp\/v2\/product_cat?post=751721"},{"taxonomy":"product_tag","embeddable":true,"href":"https:\/\/roveyayinevi.com.tr\/index.php\/wp-json\/wp\/v2\/product_tag?post=751721"}],"curies":[{"name":"wp","href":"https:\/\/api.w.org\/{rel}","templated":true}]}}