{"id":751719,"date":"2025-08-28T04:56:45","date_gmt":"2025-08-28T01:56:45","guid":{"rendered":"https:\/\/roveyayinevi.com.tr\/index.php\/urun\/bes-dakika-daha\/"},"modified":"2026-04-16T03:04:52","modified_gmt":"2026-04-16T00:04:52","slug":"bes-dakika-daha","status":"publish","type":"product","link":"https:\/\/roveyayinevi.com.tr\/index.php\/urun\/bes-dakika-daha\/","title":{"rendered":"Be\u015f Dakika Daha"},"content":{"rendered":"<p>\u201cTuhaf \u015fey \u015fu zaman. S\u00fcrekli babam\u0131n dilinde. Ama ben babamdan daha iyi anl\u0131yorum zaman\u0131.\u201d\u00d6d\u00fcll\u00fc yazar ve \u00e7izer Marta Alt\u00e9s\u2019ten, baba \u00e7ocuk ili\u015fkisi ve \u00e7ocuklar\u0131n zaman\u0131 nas\u0131l alg\u0131lad\u0131\u011f\u0131 \u00fczerine ne\u015feli ve ha\u015far\u0131 bir hik\u00e2ye.\u201cMuzip ve sevgi dolu.\u201d Guardian\u201cZaman\u0131n minikler ve b\u00fcy\u00fckler i\u00e7in farkl\u0131 akt\u0131\u011f\u0131n\u0131 g\u00f6steren bu \u00f6zg\u00fcn ve \u015firin hik\u00e2yede herkes kendinden bir \u015feyler bulacak.\u201d BookTrust\u201cZaman gibi anla\u015f\u0131lmas\u0131 g\u00fc\u00e7 olabilecek bir kavram\u0131, aile ya\u015fam\u0131ndan g\u00fcndelik haller \u00fcst\u00fcnden tan\u0131t\u0131yor.\u201d Evening StandardKitaplar\u0131 pek \u00e7ok dile \u00e7evrilen yazar ve \u00e7izer Marta Alt\u00e9s, CILIP Kate Greenaway Madalyas\u0131 ve Waterstones \u00d6d\u00fcl\u00fc\u2019ne aday g\u00f6sterildi; Nottingham \u00c7ocuk Kitaplar\u0131 ve Read It Again \u00d6d\u00fcllerine lay\u0131k g\u00f6r\u00fcld\u00fc. <\/p>\n","protected":false},"excerpt":{"rendered":"<p>\u201cTuhaf \u015fey \u015fu zaman. S\u00fcrekli babam\u0131n dilinde. Ama ben babamdan daha iyi anl\u0131yorum zaman\u0131.\u201d\u00d6d\u00fcll\u00fc yazar ve \u00e7izer Marta Alt\u00e9s\u2019ten, baba \u00e7ocuk ili\u015fkisi ve \u00e7ocuklar\u0131n zaman\u0131 nas\u0131l<span class=\"excerpt-hellip\"> [\u2026]<\/span><\/p>\n","protected":false},"featured_media":0,"template":"","meta":{"_monsterinsights_skip_tracking":false,"_monsterinsights_sitenote_active":false,"_monsterinsights_sitenote_note":"","_monsterinsights_sitenote_category":0},"product_brand":[],"product_cat":[12274,12284],"product_tag":[],"class_list":{"0":"post-751719","1":"product","2":"type-product","3":"status-publish","5":"product_cat-cocuk-ve-genclik-kitaplari","6":"product_cat-hikayeler","7":"pa_cilt-ciltsiz","8":"pa_tur-kitap","9":"pa_yayinevi-domingo-yayinevi","10":"pa_yazar-marta-altes","12":"first","13":"instock","14":"sale","15":"shipping-taxable","16":"purchasable","17":"product-type-simple"},"_links":{"self":[{"href":"https:\/\/roveyayinevi.com.tr\/index.php\/wp-json\/wp\/v2\/product\/751719","targetHints":{"allow":["GET"]}}],"collection":[{"href":"https:\/\/roveyayinevi.com.tr\/index.php\/wp-json\/wp\/v2\/product"}],"about":[{"href":"https:\/\/roveyayinevi.com.tr\/index.php\/wp-json\/wp\/v2\/types\/product"}],"wp:attachment":[{"href":"https:\/\/roveyayinevi.com.tr\/index.php\/wp-json\/wp\/v2\/media?parent=751719"}],"wp:term":[{"taxonomy":"product_brand","embeddable":true,"href":"https:\/\/roveyayinevi.com.tr\/index.php\/wp-json\/wp\/v2\/product_brand?post=751719"},{"taxonomy":"product_cat","embeddable":true,"href":"https:\/\/roveyayinevi.com.tr\/index.php\/wp-json\/wp\/v2\/product_cat?post=751719"},{"taxonomy":"product_tag","embeddable":true,"href":"https:\/\/roveyayinevi.com.tr\/index.php\/wp-json\/wp\/v2\/product_tag?post=751719"}],"curies":[{"name":"wp","href":"https:\/\/api.w.org\/{rel}","templated":true}]}}