{"id":751718,"date":"2025-08-28T04:56:44","date_gmt":"2025-08-28T01:56:44","guid":{"rendered":"https:\/\/roveyayinevi.com.tr\/index.php\/urun\/murat-celik\/"},"modified":"2026-01-29T03:38:56","modified_gmt":"2026-01-29T00:38:56","slug":"murat-celik","status":"publish","type":"product","link":"https:\/\/roveyayinevi.com.tr\/index.php\/urun\/murat-celik\/","title":{"rendered":"Murat \u00c7elik"},"content":{"rendered":"<p>\u201cBen \u2026 konu\u015fmak i\u00e7in s\u00f6z almak istemiyorum. Asl\u0131nda konu\u015fmay\u0131 \u00e7ok sevdi\u011fim de s\u00f6ylenemez. \u0130\u015flerimi, mezarl\u0131\u011fa g\u00f6t\u00fcrmeden \u00f6nce g\u00f6rmek ve g\u00f6stermek istedim. Hepsi bu\u2026\u201d \u201c\u2026G\u00f6z yumdum yalanc\u0131 g\u00f6zlerle resimlerime bakman\u0131za TUVALLER YALNIZ O y\u00fczeyler sizin olsun; ben art\u0131k yokum\u2026\u201d Murat \u00c7elik   \u201cKelebeklerin \u00f6ld\u00fcr\u00fcl\u00fc\u015f\u00fcn\u00fc ke\u015fke hi\u00e7 g\u00f6rmeseydin. Oysa, ey talihi bizim gibi olan, sevin. Bir bozk\u0131r kentinden ka\u00e7 kas\u0131rga \u00e7\u0131kar\u2026! Yeni bir mar\u015f\u0131n ilk hamlelerini yaz\u0131yoruz.\u201d \u0130brahim \u00c7ift\u00e7io\u011flu   \u201cYa\u015fam\u0131n \u00e7eli\u015fkili ger\u00e7ekliklerini, \u00e7arp\u0131c\u0131 g\u00f6rsellikleri co\u015fkuyla boyan\u0131n enerjisiyle bulu\u015fturan Murat \u00c7elik, foto\u011fraftan enstalasyona \u00e7e\u015fitli disiplinlerde \u00fcreten bir sanat\u00e7\u0131yd\u0131. Eserlerinde geleneksel boya malzemesinin yan\u0131 s\u0131ra malzeme \u00e7e\u015fitlili\u011fi dikkat \u00e7eker. Ele\u015ftirel bak\u0131\u015f, ger\u00e7eklik referansl\u0131 d\u00fc\u015f\u00fcnce resimgesel duyguyla bi\u00e7imlendirme, d\u00fc\u015fsel atmosfer, Murat\u2019\u0131n sanat\u0131n\u0131n \u00f6z\u00fcn\u00fc olu\u015fturur. Bu \u00f6z\u00fcn dinamizmini deneysel tav\u0131r, kolajdan asamblaja se\u00e7ti\u011fi nesnelerin ki\u015fisel ya da toplumsal ba\u011flant\u0131lar\u0131 ve boyasal macera verir. Murat\u2019\u0131n resimleri psikolojik dramalara odaklanan d\u0131\u015favurum etkili fig\u00fcratif resimlerdir.\u201d Cebrail \u00d6tg\u00fcn <\/p>\n","protected":false},"excerpt":{"rendered":"<p>\u201cBen \u2026 konu\u015fmak i\u00e7in s\u00f6z almak istemiyorum. Asl\u0131nda konu\u015fmay\u0131 \u00e7ok sevdi\u011fim de s\u00f6ylenemez. \u0130\u015flerimi, mezarl\u0131\u011fa g\u00f6t\u00fcrmeden \u00f6nce g\u00f6rmek ve g\u00f6stermek istedim. Hepsi bu\u2026\u201d \u201c\u2026G\u00f6z yumdum yalanc\u0131<span class=\"excerpt-hellip\"> [\u2026]<\/span><\/p>\n","protected":false},"featured_media":0,"template":"","meta":{"_monsterinsights_skip_tracking":false,"_monsterinsights_sitenote_active":false,"_monsterinsights_sitenote_note":"","_monsterinsights_sitenote_category":0},"product_brand":[],"product_cat":[12408],"product_tag":[],"class_list":{"0":"post-751718","1":"product","2":"type-product","3":"status-publish","5":"product_cat-sanat","6":"pa_cilt-ciltsiz","7":"pa_tur-kitap","8":"pa_yayinevi-utopya-yayinevi","9":"pa_yazar-kolektif","11":"first","12":"instock","13":"sale","14":"shipping-taxable","15":"purchasable","16":"product-type-simple"},"_links":{"self":[{"href":"https:\/\/roveyayinevi.com.tr\/index.php\/wp-json\/wp\/v2\/product\/751718","targetHints":{"allow":["GET"]}}],"collection":[{"href":"https:\/\/roveyayinevi.com.tr\/index.php\/wp-json\/wp\/v2\/product"}],"about":[{"href":"https:\/\/roveyayinevi.com.tr\/index.php\/wp-json\/wp\/v2\/types\/product"}],"wp:attachment":[{"href":"https:\/\/roveyayinevi.com.tr\/index.php\/wp-json\/wp\/v2\/media?parent=751718"}],"wp:term":[{"taxonomy":"product_brand","embeddable":true,"href":"https:\/\/roveyayinevi.com.tr\/index.php\/wp-json\/wp\/v2\/product_brand?post=751718"},{"taxonomy":"product_cat","embeddable":true,"href":"https:\/\/roveyayinevi.com.tr\/index.php\/wp-json\/wp\/v2\/product_cat?post=751718"},{"taxonomy":"product_tag","embeddable":true,"href":"https:\/\/roveyayinevi.com.tr\/index.php\/wp-json\/wp\/v2\/product_tag?post=751718"}],"curies":[{"name":"wp","href":"https:\/\/api.w.org\/{rel}","templated":true}]}}