{"id":751717,"date":"2025-08-28T04:56:44","date_gmt":"2025-08-28T01:56:44","guid":{"rendered":"https:\/\/roveyayinevi.com.tr\/index.php\/urun\/iktisat-ve-toplum-dergisi-152-sayi-ekonomide-karar-zamani\/"},"modified":"2026-04-16T03:04:52","modified_gmt":"2026-04-16T00:04:52","slug":"iktisat-ve-toplum-dergisi-152-sayi-ekonomide-karar-zamani","status":"publish","type":"product","link":"https:\/\/roveyayinevi.com.tr\/index.php\/urun\/iktisat-ve-toplum-dergisi-152-sayi-ekonomide-karar-zamani\/","title":{"rendered":"\u0130ktisat ve Toplum Dergisi 152. Say\u0131: Ekonomide Karar Zaman\u0131"},"content":{"rendered":"<p>Bu say\u0131da: T\u00fcrkiye, Enflasyon Sorununu Kal\u0131c\u0131 Olarak \u00c7\u00f6zemez &#8211; Mahfi E\u011filmez Ekonomik Model Tart\u0131\u015fmalar\u0131 I: D\u0131\u015f A\u00e7\u0131k &#8211; Ege Yazgan    Merhaba! &#8211; M. Aykut Attar         Sosyal Bilimciler Konu\u015fuyor &#8211; Fatih G\u00fcvenen T\u00fcrkiye\u2019de Servet 2: Servet Da\u011f\u0131l\u0131m\u0131 ve Servet Dinamikleri &#8211; Alper Duman            Para Politikas\u0131nda Gelir Da\u011f\u0131l\u0131m\u0131 Yakla\u015f\u0131m\u0131: HANK Modelleri &#8211; Arda Tunca Nominal Kat\u0131l\u0131klar\u0131n Reel Ekonomiye Etkileri: KKMH ile 24 Ocak 1980 Kararlar\u0131 &#8211; S\u00fcleyman De\u011firmen          Bilgi, Bilim ve \u00dcniversite &#8211; Erkan Erdil         T\u00fcrkiye\u2019nin Tarihi Sanayile\u015fme S\u00fcre\u00e7lerini Anlamak &#8211; Ergun T\u00fcrkcan           Fatma Aliye ve Sanat\u00e7\u0131 Bir Kad\u0131n\u0131n Sosyal Stat\u00fcs\u00fc &#8211; G\u00fcl\u00e7in Elif Y\u00fccel T\u00dcB\u0130TAK\u2019\u0131n 60. Kurulu\u015f Y\u0131l\u0131nda Bir Bilim ve Teknoloji Politikas\u0131 Uzman\u0131n\u0131n An\u0131lar\u0131 ve Saptamalar\u0131 &#8211; Ergun T\u00fcrkcan<\/p>\n","protected":false},"excerpt":{"rendered":"<p>Bu say\u0131da: T\u00fcrkiye, Enflasyon Sorununu Kal\u0131c\u0131 Olarak \u00c7\u00f6zemez &#8211; Mahfi E\u011filmez Ekonomik Model Tart\u0131\u015fmalar\u0131 I: D\u0131\u015f A\u00e7\u0131k &#8211; Ege Yazgan Merhaba! &#8211; M. Aykut Attar Sosyal<span class=\"excerpt-hellip\"> [\u2026]<\/span><\/p>\n","protected":false},"featured_media":0,"template":"","meta":{"_monsterinsights_skip_tracking":false,"_monsterinsights_sitenote_active":false,"_monsterinsights_sitenote_note":"","_monsterinsights_sitenote_category":0},"product_brand":[],"product_cat":[13527],"product_tag":[],"class_list":{"0":"post-751717","1":"product","2":"type-product","3":"status-publish","5":"product_cat-sureli-yayinlar","6":"pa_cilt-ciltsiz","7":"pa_tur-dergi","8":"pa_yayinevi-efil-yayinevi-dergi","9":"pa_yazar-kolektif","11":"first","12":"instock","13":"sale","14":"shipping-taxable","15":"purchasable","16":"product-type-simple"},"_links":{"self":[{"href":"https:\/\/roveyayinevi.com.tr\/index.php\/wp-json\/wp\/v2\/product\/751717","targetHints":{"allow":["GET"]}}],"collection":[{"href":"https:\/\/roveyayinevi.com.tr\/index.php\/wp-json\/wp\/v2\/product"}],"about":[{"href":"https:\/\/roveyayinevi.com.tr\/index.php\/wp-json\/wp\/v2\/types\/product"}],"wp:attachment":[{"href":"https:\/\/roveyayinevi.com.tr\/index.php\/wp-json\/wp\/v2\/media?parent=751717"}],"wp:term":[{"taxonomy":"product_brand","embeddable":true,"href":"https:\/\/roveyayinevi.com.tr\/index.php\/wp-json\/wp\/v2\/product_brand?post=751717"},{"taxonomy":"product_cat","embeddable":true,"href":"https:\/\/roveyayinevi.com.tr\/index.php\/wp-json\/wp\/v2\/product_cat?post=751717"},{"taxonomy":"product_tag","embeddable":true,"href":"https:\/\/roveyayinevi.com.tr\/index.php\/wp-json\/wp\/v2\/product_tag?post=751717"}],"curies":[{"name":"wp","href":"https:\/\/api.w.org\/{rel}","templated":true}]}}