{"id":751716,"date":"2025-08-28T04:56:42","date_gmt":"2025-08-28T01:56:42","guid":{"rendered":"https:\/\/roveyayinevi.com.tr\/index.php\/urun\/aydinlik-sayfalar-karanlik-sayfalar\/"},"modified":"2026-04-16T03:04:52","modified_gmt":"2026-04-16T00:04:52","slug":"aydinlik-sayfalar-karanlik-sayfalar","status":"publish","type":"product","link":"https:\/\/roveyayinevi.com.tr\/index.php\/urun\/aydinlik-sayfalar-karanlik-sayfalar\/","title":{"rendered":"Ayd\u0131nl\u0131k Sayfalar Karanl\u0131k Sayfalar"},"content":{"rendered":"<p>Yirminci y\u00fczy\u0131l\u0131n en \u00fcnl\u00fc cerrahlar\u0131ndan Rudolf Nissen\u2019in kendi an\u0131lar\u0131ndan yola \u00e7\u0131karak kaleme ald\u0131\u011f\u0131 bu eser, sava\u015f y\u0131llar\u0131nda t\u0131p e\u011fitimi alm\u0131\u015f bir delikanl\u0131yken hat\u0131r\u0131 say\u0131l\u0131r  bir cerraha d\u00f6n\u00fc\u015fmesinin hik\u00e2yesidir&#8230; Birinci D\u00fcnya Sava\u015f\u0131\u2019n\u0131 t\u00fcm ac\u0131lar\u0131yla ya\u015fam\u0131\u015f ve atlatm\u0131\u015f, asistanl\u0131k y\u0131llar\u0131nda d\u00f6nemin en \u00fcnl\u00fc patologlar\u0131yla ara\u015ft\u0131rmalar yapm\u0131\u015f ve en sonunda me\u015fhur Cerrah Ferdinand F. Sauerbruch\u2019un \u00f6\u011frencisiolmu\u015ftur. Hayat\u0131 boyunca pek \u00e7ok meslekta\u015f\u0131yla tan\u0131\u015fma ve \u00e7al\u0131\u015fmaolana\u011f\u0131 bulmu\u015f; krallar\u0131n, prenslerin ve \u00fcnl\u00fc isimlerin doktorlu\u011funuyapm\u0131\u015f, hatta \u00fcnl\u00fc fizik\u00e7i Albert Einstein&#8217;\u0131 kendi ad\u0131yla an\u0131lan NissenFundoplikasyonu y\u00f6ntemiyle ameliyat etmi\u015ftir. Profes\u00f6r Nissen, Yahudi k\u00f6keni nedeniyle Nazi Almanya\u2019s\u0131ndanka\u00e7mak zorunda kald\u0131\u011f\u0131nda d\u00f6nemin karanl\u0131k y\u00fcz\u00fcn\u00fc tarih\u00e7elere \u00f6zg\u00fc bir tarafs\u0131zl\u0131kla aktar\u0131r an\u0131lar\u0131nda. Atat\u00fcrk\u2019\u00fcn o d\u00f6nemde Hitler\u2019in zulm\u00fcnden ka\u00e7an profes\u00f6rlere yapt\u0131\u011f\u0131 \u00e7a\u011fr\u0131yla T\u00fcrkiye\u2019ye yerle\u015fir ve \u0130stanbul \u00dcniversitesi Cerrahi Anabilim Dal\u0131\u2019n\u0131 kurarak 1933-1939 y\u0131llar\u0131 aras\u0131nda alt\u0131 y\u0131l boyunca burada profes\u00f6rl\u00fck yaparak T\u00fcrk t\u0131p tarihine e\u015fsiz katk\u0131larda bulunur. Hocas\u0131 Sauerbruch ile t\u0131p tarihindeki ilk pn\u00f6monektomiyi ger\u00e7ekle\u015ftiren Nissen, \u00e7al\u0131\u015ft\u0131\u011f\u0131 her \u00fclkede ve \u00fcniversitede t\u0131p e\u011fitimi ve cerrahlar\u0131n yeti\u015fmesiyle ilgili, g\u00fcn\u00fcm\u00fczde de h\u00e2len ge\u00e7erli olan e\u011fitim y\u00f6ntemleri geli\u015ftirip uygulamaya ba\u015flar. Mesle\u011fine ve insanlara ola\u011fan\u00fcst\u00fc bir duyarl\u0131l\u0131kla birlikte sevgiyleba\u011fl\u0131 olan Profes\u00f6r Nissen\u2019in, zorlu bir ya\u015fam\u0131n s\u00fczgecinden ge\u00e7mi\u015fan\u0131lar\u0131n\u0131 ve felsefesini bu kitapta bulacak ve zengin tarih i\u00e7eri\u011fiyle,Nazi Almanya\u2019s\u0131n\u0131n do\u011fu\u015funa ili\u015fkin bire bir g\u00f6zlemleriyle tarihedoyacaks\u0131n\u0131z.<\/p>\n","protected":false},"excerpt":{"rendered":"<p>Yirminci y\u00fczy\u0131l\u0131n en \u00fcnl\u00fc cerrahlar\u0131ndan Rudolf Nissen\u2019in kendi an\u0131lar\u0131ndan yola \u00e7\u0131karak kaleme ald\u0131\u011f\u0131 bu eser, sava\u015f y\u0131llar\u0131nda t\u0131p e\u011fitimi alm\u0131\u015f bir delikanl\u0131yken hat\u0131r\u0131 say\u0131l\u0131r bir cerraha<span class=\"excerpt-hellip\"> [\u2026]<\/span><\/p>\n","protected":false},"featured_media":0,"template":"","meta":{"_monsterinsights_skip_tracking":false,"_monsterinsights_sitenote_active":false,"_monsterinsights_sitenote_note":"","_monsterinsights_sitenote_category":0},"product_brand":[],"product_cat":[13701,12291],"product_tag":[],"class_list":{"0":"post-751716","1":"product","2":"type-product","3":"status-publish","5":"product_cat-ani-mektup-gunluk","6":"product_cat-edebiyat","7":"pa_cilt-ciltsiz","8":"pa_tur-kitap","9":"pa_yayinevi-epsilon-yayinlari","10":"pa_yazar-rudolf-nissen","12":"first","13":"instock","14":"sale","15":"shipping-taxable","16":"purchasable","17":"product-type-simple"},"_links":{"self":[{"href":"https:\/\/roveyayinevi.com.tr\/index.php\/wp-json\/wp\/v2\/product\/751716","targetHints":{"allow":["GET"]}}],"collection":[{"href":"https:\/\/roveyayinevi.com.tr\/index.php\/wp-json\/wp\/v2\/product"}],"about":[{"href":"https:\/\/roveyayinevi.com.tr\/index.php\/wp-json\/wp\/v2\/types\/product"}],"wp:attachment":[{"href":"https:\/\/roveyayinevi.com.tr\/index.php\/wp-json\/wp\/v2\/media?parent=751716"}],"wp:term":[{"taxonomy":"product_brand","embeddable":true,"href":"https:\/\/roveyayinevi.com.tr\/index.php\/wp-json\/wp\/v2\/product_brand?post=751716"},{"taxonomy":"product_cat","embeddable":true,"href":"https:\/\/roveyayinevi.com.tr\/index.php\/wp-json\/wp\/v2\/product_cat?post=751716"},{"taxonomy":"product_tag","embeddable":true,"href":"https:\/\/roveyayinevi.com.tr\/index.php\/wp-json\/wp\/v2\/product_tag?post=751716"}],"curies":[{"name":"wp","href":"https:\/\/api.w.org\/{rel}","templated":true}]}}