{"id":751713,"date":"2025-08-28T04:56:37","date_gmt":"2025-08-28T01:56:37","guid":{"rendered":"https:\/\/roveyayinevi.com.tr\/index.php\/urun\/kerkenez\/"},"modified":"2026-04-16T03:04:52","modified_gmt":"2026-04-16T00:04:52","slug":"kerkenez","status":"publish","type":"product","link":"https:\/\/roveyayinevi.com.tr\/index.php\/urun\/kerkenez\/","title":{"rendered":"Kerkenez"},"content":{"rendered":"<p>\u0130ngiltere\u2019nin kuzeyinde, k\u00fc\u00e7\u00fck ve yoksul bir madenci kasabas\u0131nda ya\u015fayan on be\u015f ya\u015f\u0131ndaki Billy Casper i\u00e7in hayat zorluklarla doludur. Babas\u0131n\u0131n y\u0131llar \u00f6nce terk etti\u011fi evleri, annesinin ilgisizli\u011fi ve a\u011fabeyinin zorbal\u0131klar\u0131yla daha da mutsuz bir yer haline gelmi\u015ftir. Gitti\u011fi erkek okulunun sert ortam\u0131 ve ya\u015fad\u0131\u011f\u0131 kasaban\u0131n onun ya\u015f\u0131ndaki birine madende \u00e7al\u0131\u015fmak d\u0131\u015f\u0131nda hi\u00e7bir gelecek sunmamas\u0131 da eklenir buna. Ancak Billy zek\u00e2s\u0131 ve inad\u0131yla hayatta kalmaya kararl\u0131d\u0131r. Bulup sab\u0131rla e\u011fitti\u011fi ve Kes ad\u0131n\u0131 verdi\u011fi do\u011fanla kurdu\u011fu ili\u015fki Billy\u2019nin sevgiden yoksun d\u00fcnyas\u0131nda bir umut \u0131\u015f\u0131\u011f\u0131 olacakt\u0131r.   \u0130lk kez 1968 y\u0131l\u0131nda yay\u0131mlanan, bundan bir y\u0131l sonraysa y\u00f6netmenli\u011fini Ken Loach\u2019un yapt\u0131\u011f\u0131 unutulmaz bir filme d\u00f6n\u00fc\u015fen \u2018KERKENEZ\u2019i, yazar\u0131 Barry Hines\u2019\u0131n roman\u0131n sinemaya uyarlanma s\u00fcrecini ve \u0130ngiltere\u2019de \u00e7ok okunan bir modern klasik haline geli\u015fini anlatt\u0131\u011f\u0131 sons\u00f6z\u00fcyle birlikte sunuyoruz.   \u201cKerkenez\u201d, sevgisiz bir d\u00fcnyada ayakta kalmaya \u00e7al\u0131\u015fan kahraman\u0131yla ak\u0131llardan \u00e7\u0131kmayacak bir b\u00fcy\u00fcme hik\u00e2yesi. Bir ba\u015fyap\u0131t&#8230; Billy Casper, \u0130kinci D\u00fcnya Sava\u015f\u0131\u2019ndan sonra \u00e7\u0131kan yazarlar\u0131n yaratt\u0131\u011f\u0131 gen\u00e7 karakterler aras\u0131nda en \u00e7ok ak\u0131lda kalanlardan biri. Glasgow Herald <\/p>\n","protected":false},"excerpt":{"rendered":"<p>\u0130ngiltere\u2019nin kuzeyinde, k\u00fc\u00e7\u00fck ve yoksul bir madenci kasabas\u0131nda ya\u015fayan on be\u015f ya\u015f\u0131ndaki Billy Casper i\u00e7in hayat zorluklarla doludur. Babas\u0131n\u0131n y\u0131llar \u00f6nce terk etti\u011fi evleri, annesinin ilgisizli\u011fi<span class=\"excerpt-hellip\"> [\u2026]<\/span><\/p>\n","protected":false},"featured_media":0,"template":"","meta":{"_monsterinsights_skip_tracking":false,"_monsterinsights_sitenote_active":false,"_monsterinsights_sitenote_note":"","_monsterinsights_sitenote_category":0},"product_brand":[],"product_cat":[12291,12866],"product_tag":[],"class_list":{"0":"post-751713","1":"product","2":"type-product","3":"status-publish","5":"product_cat-edebiyat","6":"product_cat-ingiliz-edebiyati","7":"pa_cilt-ciltsiz","8":"pa_tur-kitap","9":"pa_yayinevi-yapi-kredi-yayinlari","10":"pa_yazar-barry-hines","12":"first","13":"instock","14":"sale","15":"shipping-taxable","16":"purchasable","17":"product-type-simple"},"_links":{"self":[{"href":"https:\/\/roveyayinevi.com.tr\/index.php\/wp-json\/wp\/v2\/product\/751713","targetHints":{"allow":["GET"]}}],"collection":[{"href":"https:\/\/roveyayinevi.com.tr\/index.php\/wp-json\/wp\/v2\/product"}],"about":[{"href":"https:\/\/roveyayinevi.com.tr\/index.php\/wp-json\/wp\/v2\/types\/product"}],"wp:attachment":[{"href":"https:\/\/roveyayinevi.com.tr\/index.php\/wp-json\/wp\/v2\/media?parent=751713"}],"wp:term":[{"taxonomy":"product_brand","embeddable":true,"href":"https:\/\/roveyayinevi.com.tr\/index.php\/wp-json\/wp\/v2\/product_brand?post=751713"},{"taxonomy":"product_cat","embeddable":true,"href":"https:\/\/roveyayinevi.com.tr\/index.php\/wp-json\/wp\/v2\/product_cat?post=751713"},{"taxonomy":"product_tag","embeddable":true,"href":"https:\/\/roveyayinevi.com.tr\/index.php\/wp-json\/wp\/v2\/product_tag?post=751713"}],"curies":[{"name":"wp","href":"https:\/\/api.w.org\/{rel}","templated":true}]}}