{"id":751711,"date":"2025-08-28T04:56:35","date_gmt":"2025-08-28T01:56:35","guid":{"rendered":"https:\/\/roveyayinevi.com.tr\/index.php\/urun\/colours-and-shapes\/"},"modified":"2026-04-16T03:04:52","modified_gmt":"2026-04-16T00:04:52","slug":"colours-and-shapes","status":"publish","type":"product","link":"https:\/\/roveyayinevi.com.tr\/index.php\/urun\/colours-and-shapes\/","title":{"rendered":"Colours and Shapes"},"content":{"rendered":"<p>Oyun 2 oyuncuyla oynan\u0131r. Kutu i\u00e7inde 2 adet oyuncu tablas\u0131, 1 adet k\u0131lavuz oyun tablas\u0131 ve pullar bulunmaktad\u0131r. Rakipler s\u0131rayla, k\u0131lavuz oyun tablas\u0131nda renkli pullarla \u00e7e\u015fitli \u015fekiller olu\u015fturur. Oyuncular kendi oyun tablas\u0131 \u00fczerindeki pullar\u0131 sa\u011fa-sola, yukar\u0131-a\u015fa\u011f\u0131 hareket ettirerek bu k\u0131lavuz tabla \u00fczerindeki \u015fekli olu\u015fturmaya \u00e7al\u0131\u015f\u0131r. K\u0131lavuz tabla \u00fczerindeki \u015fekli ilk olu\u015fturan oyuncu 10 puan al\u0131r ve sonraki oyun i\u00e7in k\u0131lavuz tablay\u0131 yeniden olu\u015fturur.  \u0130yi e\u011flenceler\u2026<\/p>\n","protected":false},"excerpt":{"rendered":"<p>Oyun 2 oyuncuyla oynan\u0131r. Kutu i\u00e7inde 2 adet oyuncu tablas\u0131, 1 adet k\u0131lavuz oyun tablas\u0131 ve pullar bulunmaktad\u0131r. Rakipler s\u0131rayla, k\u0131lavuz oyun tablas\u0131nda renkli pullarla \u00e7e\u015fitli<span class=\"excerpt-hellip\"> [\u2026]<\/span><\/p>\n","protected":false},"featured_media":0,"template":"","meta":{"_monsterinsights_skip_tracking":false,"_monsterinsights_sitenote_active":false,"_monsterinsights_sitenote_note":"","_monsterinsights_sitenote_category":0},"product_brand":[],"product_cat":[28265,15563],"product_tag":[],"class_list":{"0":"post-751711","1":"product","2":"type-product","3":"status-publish","5":"product_cat-diger-hobi","6":"product_cat-hobi","7":"pa_cilt-ciltsiz","8":"pa_tur-kitap20","9":"pa_yayinevi-aklimda-zeka-oyunlari","10":"pa_yazar-kolektif","12":"first","13":"instock","14":"sale","15":"shipping-taxable","16":"purchasable","17":"product-type-simple"},"_links":{"self":[{"href":"https:\/\/roveyayinevi.com.tr\/index.php\/wp-json\/wp\/v2\/product\/751711","targetHints":{"allow":["GET"]}}],"collection":[{"href":"https:\/\/roveyayinevi.com.tr\/index.php\/wp-json\/wp\/v2\/product"}],"about":[{"href":"https:\/\/roveyayinevi.com.tr\/index.php\/wp-json\/wp\/v2\/types\/product"}],"wp:attachment":[{"href":"https:\/\/roveyayinevi.com.tr\/index.php\/wp-json\/wp\/v2\/media?parent=751711"}],"wp:term":[{"taxonomy":"product_brand","embeddable":true,"href":"https:\/\/roveyayinevi.com.tr\/index.php\/wp-json\/wp\/v2\/product_brand?post=751711"},{"taxonomy":"product_cat","embeddable":true,"href":"https:\/\/roveyayinevi.com.tr\/index.php\/wp-json\/wp\/v2\/product_cat?post=751711"},{"taxonomy":"product_tag","embeddable":true,"href":"https:\/\/roveyayinevi.com.tr\/index.php\/wp-json\/wp\/v2\/product_tag?post=751711"}],"curies":[{"name":"wp","href":"https:\/\/api.w.org\/{rel}","templated":true}]}}